{"id":692,"date":"2019-09-26T15:52:18","date_gmt":"2019-09-26T19:52:18","guid":{"rendered":"http:\/\/formulaire.energiesonic.com\/?page_id=692"},"modified":"2026-04-23T15:48:07","modified_gmt":"2026-04-23T19:48:07","slug":"accueil","status":"publish","type":"page","link":"https:\/\/energiesonic.com\/en\/","title":{"rendered":"Accueil"},"content":{"rendered":"<div id='full_slider_1'  class='avia-fullwidth-slider main_color avia-shadow   avia-builder-el-0  el_before_av_one_fourth  avia-builder-el-first   container_wrap fullsize' style=' '  ><div   data-size='featured'  data-lightbox_size='large'  data-animation='slide'  data-conditional_play=''  data-ids='346,6826,6043,6303'  data-video_counter='0'  data-autoplay='true'  data-bg_slider='false'  data-slide_height=''  data-handle='av_slideshow_full'  data-interval='5'  data-class=' '  data-el_id=''  data-css_id=''  data-scroll_down=''  data-control_layout='av-control-default'  data-custom_markup=''  data-perma_caption=''  data-autoplay_stopper=''  data-image_attachment=''  data-min_height='0px'  data-lazy_loading='disabled'  data-src=''  data-position='top left'  data-repeat='no-repeat'  data-attach='scroll'  data-stretch=''  data-default-height='28.666666666667'  class='avia-slideshow avia-slideshow-1  av-control-default av-default-height-applied avia-slideshow-featured av_slideshow_full   avia-slide-slider'  itemprop=\"image\" itemscope=\"itemscope\" itemtype=\"https:\/\/schema.org\/ImageObject\" ><ul class='avia-slideshow-inner' style='padding-bottom: 29.861111111111%;' ><li  class='slide-1' ><div data-rel='slideshow-1' class='avia-slide-wrap'   ><div class = \"caption_fullwidth av-slideshow-caption caption_left caption_left_framed caption_framed\"><div class = \"container caption_container\"><div class = \"slideshow_caption\"><div class = \"slideshow_inner_caption\"><div class = \"slideshow_align_caption\"><h2  style='font-size:30px; ' class='avia-caption-title'  itemprop=\"name\" >Bienvenue chez Sonic<\/h2><div class='avia-caption-content  av_inherit_color'  itemprop=\"description\"   style='font-size:18px; '><p>Nouveaut\u00e9! Vous pouvez maintenant passer votre commande via votre nouveau Portail client.<\/p>\n<p>Vous pouvez aussi y consulter votre compte, visualiser vos factures et r\u00e9servoirs et mettre \u00e0 jour vos informations.<\/p>\n<\/div><a href='https:\/\/portail.monfilgo.ca\/'  class='avia-slideshow-button avia-button avia-color-red' data-duration='800' data-easing='easeInOutQuad'>Portail client<\/a><\/div><\/div><\/div><\/div><\/div><img class=\"wp-image-346 avia-img-lazy-loading-not-346\"  src=\"https:\/\/energiesonic.com\/wp-content\/uploads\/2019\/09\/Camion-1440x430.jpg\" width=\"1440\" height=\"430\" title='Camion' alt=''  itemprop=\"thumbnailUrl\"   \/><\/div><\/li><li  class='slide-2' ><a href='https:\/\/energiesonic.com\/en\/stations-service\/a-la-rencontre-de-nos-detaillants\/' data-rel='slideshow-1' class='avia-slide-wrap'   ><img class=\"wp-image-6826 avia-img-lazy-loading-not-6826\"  src=\"https:\/\/energiesonic.com\/wp-content\/uploads\/2024\/11\/a-la-rencontre-de-nos-detaillants_banniere-1500x430.png\" width=\"1500\" height=\"430\" title='a-la-rencontre-de-nos-detaillants_banniere' alt=''  itemprop=\"thumbnailUrl\" srcset=\"https:\/\/energiesonic.com\/wp-content\/uploads\/2024\/11\/a-la-rencontre-de-nos-detaillants_banniere-1500x430.png 1500w, https:\/\/energiesonic.com\/wp-content\/uploads\/2024\/11\/a-la-rencontre-de-nos-detaillants_banniere-16x5.png 16w\" sizes=\"(max-width: 1500px) 100vw, 1500px\" \/><\/a><\/li><li  class='slide-3' ><div data-rel='slideshow-1' class='avia-slide-wrap'   ><img class=\"wp-image-6043 avia-img-lazy-loading-not-6043\"  src=\"https:\/\/energiesonic.com\/wp-content\/uploads\/2022\/07\/Affichage-en-station-Unification-des-cardlocks-site-web-bandeau-1500x430.jpg\" width=\"1500\" height=\"430\" title='Affichage-en-station-Unification-des-cardlocks-site-web-bandeau' alt=''  itemprop=\"thumbnailUrl\" srcset=\"https:\/\/energiesonic.com\/wp-content\/uploads\/2022\/07\/Affichage-en-station-Unification-des-cardlocks-site-web-bandeau-1500x430.jpg 1500w, https:\/\/energiesonic.com\/wp-content\/uploads\/2022\/07\/Affichage-en-station-Unification-des-cardlocks-site-web-bandeau-16x5.jpg 16w\" sizes=\"(max-width: 1500px) 100vw, 1500px\" \/><\/div><\/li><li  class='slide-4' ><a href='https:\/\/energiesonic.com\/en\/recompenses\/' data-rel='slideshow-1' class='avia-slide-wrap'   ><img class=\"wp-image-6303 avia-img-lazy-loading-not-6303\"  src=\"https:\/\/energiesonic.com\/wp-content\/uploads\/2023\/04\/Bandeau_site_web-programme_Sonic-V05-2-1500x430.png\" width=\"1500\" height=\"430\" title='Bandeau_site_web-programme_Sonic-V05' alt=''  itemprop=\"thumbnailUrl\" srcset=\"https:\/\/energiesonic.com\/wp-content\/uploads\/2023\/04\/Bandeau_site_web-programme_Sonic-V05-2-1500x430.png 1500w, https:\/\/energiesonic.com\/wp-content\/uploads\/2023\/04\/Bandeau_site_web-programme_Sonic-V05-2-16x5.png 16w\" sizes=\"(max-width: 1500px) 100vw, 1500px\" \/><\/a><\/li><\/ul><div class='avia-slideshow-arrows avia-slideshow-controls'><a href='#prev' class='prev-slide' aria-hidden='true' data-av_icon='\ue87c' data-av_iconfont='entypo-fontello'>Previous<\/a><a href='#next' class='next-slide' aria-hidden='true' data-av_icon='\ue87d' data-av_iconfont='entypo-fontello'>Next<\/a><\/div><div class='avia-slideshow-dots avia-slideshow-controls'><a href='#1' class='goto-slide active' >1<\/a><a href='#2' class='goto-slide' >2<\/a><a href='#3' class='goto-slide' >3<\/a><a href='#4' class='goto-slide' >4<\/a><\/div><\/div><\/div><div id='after_full_slider_1'  class='main_color av_default_container_wrap container_wrap fullsize' style=' '  ><div class='container' ><div class='template-page content  av-content-full alpha units'><div class='post-entry post-entry-type-page post-entry-692'><div class='entry-content-wrapper clearfix'>\n<div class=\"flex_column av_one_fourth  flex_column_div av-zero-column-padding first  avia-builder-el-1  el_after_av_slideshow_full  el_before_av_one_fourth  avia-builder-el-first\" style='border-radius:0px; '><div  class='avia-image-container  av-styling-  noHover  av-overlay-hover-deactivate   avia-builder-el-2  avia-builder-el-no-sibling  avia-align-center'  itemprop=\"image\" itemscope=\"itemscope\" itemtype=\"https:\/\/schema.org\/ImageObject\"  ><div class='avia-image-container-inner'><div class='avia-image-overlay-wrap'><a href='https:\/\/energiesonic.com\/en\/produits\/essence\/' class='avia_image'  ><div class='av-image-caption-overlay'><div class='av-caption-image-overlay-bg' style='opacity:0.4; background-color:#000000; '><\/div><div class='av-image-caption-overlay-position'><div class='av-image-caption-overlay-center' style='color:#ffffff; '><p>Produits<\/p>\n<\/div><\/div><\/div><img width=\"480\" height=\"286\" class='wp-image-291 avia-img-lazy-loading-not-291 avia_image' src=\"https:\/\/energiesonic.com\/wp-content\/uploads\/2019\/09\/produits.jpg\" alt='Produits Sonic' title='Produits Sonic'  itemprop=\"thumbnailUrl\" srcset=\"https:\/\/energiesonic.com\/wp-content\/uploads\/2019\/09\/produits.jpg 480w, https:\/\/energiesonic.com\/wp-content\/uploads\/2019\/09\/produits-300x179.jpg 300w\" sizes=\"(max-width: 480px) 100vw, 480px\" \/><\/a><\/div><\/div><\/div><\/div>\n<div class=\"flex_column av_one_fourth  flex_column_div av-zero-column-padding   avia-builder-el-3  el_after_av_one_fourth  el_before_av_one_fourth\" style='border-radius:0px; '><div  class='avia-image-container  av-styling-  noHover  av-overlay-hover-deactivate   avia-builder-el-4  avia-builder-el-no-sibling  avia-align-center'  itemprop=\"image\" itemscope=\"itemscope\" itemtype=\"https:\/\/schema.org\/ImageObject\"  ><div class='avia-image-container-inner'><div class='avia-image-overlay-wrap'><a href='https:\/\/energiesonic.com\/en\/services\/service-livraison-2\/' class='avia_image'  ><div class='av-image-caption-overlay'><div class='av-caption-image-overlay-bg' style='opacity:0.4; background-color:#000000; '><\/div><div class='av-image-caption-overlay-position'><div class='av-image-caption-overlay-center' style='color:#ffffff; '><p>Livraison<\/p>\n<\/div><\/div><\/div><img width=\"300\" height=\"179\" class='wp-image-6076 avia-img-lazy-loading-not-6076 avia_image' src=\"https:\/\/energiesonic.com\/wp-content\/uploads\/2022\/07\/Camion_region_Quebec_162-Version-2-2-scaled-e1658843411276-300x179.jpg\" alt='' title='Camion_r\u00e9gion_Qu\u00e9bec_162-Version 2'  itemprop=\"thumbnailUrl\" srcset=\"https:\/\/energiesonic.com\/wp-content\/uploads\/2022\/07\/Camion_region_Quebec_162-Version-2-2-scaled-e1658843411276-300x179.jpg 300w, https:\/\/energiesonic.com\/wp-content\/uploads\/2022\/07\/Camion_region_Quebec_162-Version-2-2-scaled-e1658843411276-1030x615.jpg 1030w, https:\/\/energiesonic.com\/wp-content\/uploads\/2022\/07\/Camion_region_Quebec_162-Version-2-2-scaled-e1658843411276-768x459.jpg 768w, https:\/\/energiesonic.com\/wp-content\/uploads\/2022\/07\/Camion_region_Quebec_162-Version-2-2-scaled-e1658843411276-1536x917.jpg 1536w, https:\/\/energiesonic.com\/wp-content\/uploads\/2022\/07\/Camion_region_Quebec_162-Version-2-2-scaled-e1658843411276-2048x1223.jpg 2048w, https:\/\/energiesonic.com\/wp-content\/uploads\/2022\/07\/Camion_region_Quebec_162-Version-2-2-scaled-e1658843411276-16x10.jpg 16w, https:\/\/energiesonic.com\/wp-content\/uploads\/2022\/07\/Camion_region_Quebec_162-Version-2-2-scaled-e1658843411276-1500x896.jpg 1500w, https:\/\/energiesonic.com\/wp-content\/uploads\/2022\/07\/Camion_region_Quebec_162-Version-2-2-scaled-e1658843411276-705x421.jpg 705w\" sizes=\"(max-width: 300px) 100vw, 300px\" \/><\/a><\/div><\/div><\/div><\/div>\n<div class=\"flex_column av_one_fourth  flex_column_div av-zero-column-padding   avia-builder-el-5  el_after_av_one_fourth  el_before_av_one_fourth\" style='border-radius:0px; '><div  class='avia-image-container  av-styling-  noHover  av-overlay-hover-deactivate   avia-builder-el-6  avia-builder-el-no-sibling  avia-align-center'  itemprop=\"image\" itemscope=\"itemscope\" itemtype=\"https:\/\/schema.org\/ImageObject\"  ><div class='avia-image-container-inner'><div class='avia-image-overlay-wrap'><a href='https:\/\/energiesonic.com\/en\/a-propos\/' class='avia_image'  ><div class='av-image-caption-overlay'><div class='av-caption-image-overlay-bg' style='opacity:0.4; background-color:#000000; '><\/div><div class='av-image-caption-overlay-position'><div class='av-image-caption-overlay-center' style='color:#ffffff; '><p>Stations-Service<\/p>\n<\/div><\/div><\/div><img width=\"300\" height=\"179\" class='wp-image-341 avia-img-lazy-loading-not-341 avia_image' src=\"https:\/\/energiesonic.com\/wp-content\/uploads\/2019\/09\/stations-service-300x179.jpg\" alt='Stations-service Sonic' title='Stations-service Sonic'  itemprop=\"thumbnailUrl\"  \/><\/a><\/div><\/div><\/div><\/div>\n<div class=\"flex_column av_one_fourth  flex_column_div av-zero-column-padding   avia-builder-el-7  el_after_av_one_fourth  avia-builder-el-last\" style='border-radius:0px; '><div  class='avia-image-container  av-styling-  noHover  av-overlay-hover-deactivate   avia-builder-el-8  avia-builder-el-no-sibling  avia-align-center'  itemprop=\"image\" itemscope=\"itemscope\" itemtype=\"https:\/\/schema.org\/ImageObject\"  ><div class='avia-image-container-inner'><div class='avia-image-overlay-wrap'><a href='https:\/\/energiesonic.com\/en\/nos-cooperatives\/' class='avia_image'  ><div class='av-image-caption-overlay'><div class='av-caption-image-overlay-bg' style='opacity:0.4; background-color:#000000; '><\/div><div class='av-image-caption-overlay-position'><div class='av-image-caption-overlay-center' style='color:#ffffff; '><p>Nos<br \/>coop\u00e9ratives<\/p>\n<\/div><\/div><\/div><img width=\"283\" height=\"168\" class='wp-image-446 avia-img-lazy-loading-not-446 avia_image' src=\"https:\/\/energiesonic.com\/wp-content\/uploads\/2019\/09\/bt-lacoop-rs.jpg\" alt='Nos coop\u00e9ratives' title='Nos coop\u00e9ratives'  itemprop=\"thumbnailUrl\"  \/><\/a><\/div><\/div><\/div><\/div>","protected":false},"excerpt":{"rendered":"","protected":false},"author":1,"featured_media":0,"parent":0,"menu_order":0,"comment_status":"closed","ping_status":"closed","template":"","meta":[],"yoast_head":"<!-- This site is optimized with the Yoast SEO plugin v16.4 - https:\/\/yoast.com\/wordpress\/plugins\/seo\/ -->\n<title>Sonic - Distributeur r\u00e9gional d&#039;\u00e9nergie au Qu\u00e9bec<\/title>\n<meta name=\"description\" content=\"Livraison de produits de chauffage (propane, mazout, biomasse) pour les secteurs r\u00e9sidentiel, agricole et commercial! D\u00e9couvrez nos carburants\/biocarburants (essence, diesel, autopropane) et nos stations-service!\" \/>\n<meta name=\"robots\" content=\"index, follow, max-snippet:-1, max-image-preview:large, max-video-preview:-1\" \/>\n<link rel=\"canonical\" href=\"https:\/\/energiesonic.com\/en\/accueil\/\" \/>\n<meta property=\"og:locale\" content=\"en_US\" \/>\n<meta property=\"og:type\" content=\"article\" \/>\n<meta property=\"og:title\" content=\"Sonic - Distributeur r\u00e9gional d&#039;\u00e9nergie au Qu\u00e9bec\" \/>\n<meta property=\"og:description\" content=\"Livraison de produits de chauffage (propane, mazout, biomasse) pour les secteurs r\u00e9sidentiel, agricole et commercial! D\u00e9couvrez nos carburants\/biocarburants (essence, diesel, autopropane) et nos stations-service!\" \/>\n<meta property=\"og:url\" content=\"https:\/\/energiesonic.com\/en\/accueil\/\" \/>\n<meta property=\"og:site_name\" content=\"\u00c9nergies Sonic\" \/>\n<meta property=\"article:modified_time\" content=\"2026-04-23T19:48:07+00:00\" \/>\n<meta name=\"twitter:card\" content=\"summary_large_image\" \/>\n<meta name=\"twitter:label1\" content=\"Est. reading time\" \/>\n\t<meta name=\"twitter:data1\" content=\"3 minutes\" \/>\n<script type=\"application\/ld+json\" class=\"yoast-schema-graph\">{\"@context\":\"https:\/\/schema.org\",\"@graph\":[{\"@type\":\"WebSite\",\"@id\":\"https:\/\/energiesonic.com\/#website\",\"url\":\"https:\/\/energiesonic.com\/\",\"name\":\"\\u00c9nergies Sonic\",\"description\":\"\",\"potentialAction\":[{\"@type\":\"SearchAction\",\"target\":\"https:\/\/energiesonic.com\/?s={search_term_string}\",\"query-input\":\"required name=search_term_string\"}],\"inLanguage\":\"en-CA\"},{\"@type\":\"WebPage\",\"@id\":\"https:\/\/energiesonic.com\/accueil\/#webpage\",\"url\":\"https:\/\/energiesonic.com\/accueil\/\",\"name\":\"Sonic - Distributeur r\\u00e9gional d'\\u00e9nergie au Qu\\u00e9bec\",\"isPartOf\":{\"@id\":\"https:\/\/energiesonic.com\/#website\"},\"datePublished\":\"2019-09-26T19:52:18+00:00\",\"dateModified\":\"2026-04-23T19:48:07+00:00\",\"description\":\"Livraison de produits de chauffage (propane, mazout, biomasse) pour les secteurs r\\u00e9sidentiel, agricole et commercial! D\\u00e9couvrez nos carburants\/biocarburants (essence, diesel, autopropane) et nos stations-service!\",\"breadcrumb\":{\"@id\":\"https:\/\/energiesonic.com\/accueil\/#breadcrumb\"},\"inLanguage\":\"en-CA\",\"potentialAction\":[{\"@type\":\"ReadAction\",\"target\":[\"https:\/\/energiesonic.com\/accueil\/\"]}]},{\"@type\":\"BreadcrumbList\",\"@id\":\"https:\/\/energiesonic.com\/accueil\/#breadcrumb\",\"itemListElement\":[{\"@type\":\"ListItem\",\"position\":1,\"item\":{\"@type\":\"WebPage\",\"@id\":\"https:\/\/energiesonic.com\/accueil\/\",\"url\":\"https:\/\/energiesonic.com\/accueil\/\",\"name\":\"Accueil\"}},{\"@type\":\"ListItem\",\"position\":2,\"item\":{\"@id\":\"https:\/\/energiesonic.com\/accueil\/#webpage\"}}]}]}<\/script>\n<!-- \/ Yoast SEO plugin. -->","_links":{"self":[{"href":"https:\/\/energiesonic.com\/en\/wp-json\/wp\/v2\/pages\/692"}],"collection":[{"href":"https:\/\/energiesonic.com\/en\/wp-json\/wp\/v2\/pages"}],"about":[{"href":"https:\/\/energiesonic.com\/en\/wp-json\/wp\/v2\/types\/page"}],"author":[{"embeddable":true,"href":"https:\/\/energiesonic.com\/en\/wp-json\/wp\/v2\/users\/1"}],"replies":[{"embeddable":true,"href":"https:\/\/energiesonic.com\/en\/wp-json\/wp\/v2\/comments?post=692"}],"version-history":[{"count":347,"href":"https:\/\/energiesonic.com\/en\/wp-json\/wp\/v2\/pages\/692\/revisions"}],"predecessor-version":[{"id":7037,"href":"https:\/\/energiesonic.com\/en\/wp-json\/wp\/v2\/pages\/692\/revisions\/7037"}],"wp:attachment":[{"href":"https:\/\/energiesonic.com\/en\/wp-json\/wp\/v2\/media?parent=692"}],"curies":[{"name":"wp","href":"https:\/\/api.w.org\/{rel}","templated":true}]}}