{"id":6860,"date":"2025-03-18T15:35:08","date_gmt":"2025-03-18T19:35:08","guid":{"rendered":"https:\/\/energiesonic.com\/?page_id=6860"},"modified":"2025-06-04T13:00:07","modified_gmt":"2025-06-04T17:00:07","slug":"concours","status":"publish","type":"page","link":"https:\/\/energiesonic.com\/en\/concours\/","title":{"rendered":"Concours"},"content":{"rendered":"<div class=\"flex_column av_one_half  flex_column_div av-zero-column-padding first  avia-builder-el-0  el_before_av_one_half  avia-builder-el-first\" style='border-radius:0px; '><p><section class=\"av_textblock_section\"  itemscope=\"itemscope\" itemtype=\"https:\/\/schema.org\/CreativeWork\" ><div class='avia_textblock'   itemprop=\"text\" ><p><img loading=\"lazy\" class=\"alignnone  wp-image-6868\" src=\"https:\/\/energiesonic.com\/wp-content\/uploads\/2025\/03\/2503-Sonic-1anEssence-Facebook-V03-240x300.png\" alt=\"\" width=\"462\" height=\"578\" srcset=\"https:\/\/energiesonic.com\/wp-content\/uploads\/2025\/03\/2503-Sonic-1anEssence-Facebook-V03-240x300.png 240w, https:\/\/energiesonic.com\/wp-content\/uploads\/2025\/03\/2503-Sonic-1anEssence-Facebook-V03-824x1030.png 824w, https:\/\/energiesonic.com\/wp-content\/uploads\/2025\/03\/2503-Sonic-1anEssence-Facebook-V03-768x960.png 768w, https:\/\/energiesonic.com\/wp-content\/uploads\/2025\/03\/2503-Sonic-1anEssence-Facebook-V03-10x12.png 10w, https:\/\/energiesonic.com\/wp-content\/uploads\/2025\/03\/2503-Sonic-1anEssence-Facebook-V03-564x705.png 564w, https:\/\/energiesonic.com\/wp-content\/uploads\/2025\/03\/2503-Sonic-1anEssence-Facebook-V03.png 1080w\" sizes=\"(max-width: 462px) 100vw, 462px\" \/><\/p>\n<\/div><\/section><br \/>\n<section class=\"av_textblock_section\"  itemscope=\"itemscope\" itemtype=\"https:\/\/schema.org\/CreativeWork\" ><div class='avia_textblock'   itemprop=\"text\" ><p><a href=\"https:\/\/energiesonic.com\/wp-content\/uploads\/2025\/03\/Reglement-FR-Concours-Mes-Recompenses-Sonic.pdf\">Lire les r\u00e8glements<\/a><\/p>\n<\/div><\/section><\/p><\/div>\n<div class=\"flex_column av_one_half  flex_column_div av-zero-column-padding   avia-builder-el-3  el_after_av_one_half  avia-builder-el-last\" style='border-radius:0px; '><p><div  style='height:50px' class='hr hr-invisible   avia-builder-el-4  el_before_av_textblock  avia-builder-el-first'><span class='hr-inner' ><span class='hr-inner-style'><\/span><\/span><\/div><br \/>\n<section class=\"av_textblock_section\"  itemscope=\"itemscope\" itemtype=\"https:\/\/schema.org\/CreativeWork\" ><div class='avia_textblock'   itemprop=\"text\" ><h2>Un an d&rsquo;essence gratuite!<\/h2>\n<p>Ce concours est maintenant termin\u00e9. F\u00e9licitations \u00e0 Mme <span data-olk-copy-source=\"MessageBody\">Manon Marcoux de Ste-Genevi\u00e8ve-de-Batiscan.<\/span><\/p>\n<\/div><\/section><\/p><\/div>","protected":false},"excerpt":{"rendered":"","protected":false},"author":3,"featured_media":0,"parent":0,"menu_order":0,"comment_status":"closed","ping_status":"closed","template":"","meta":[],"yoast_head":"<!-- This site is optimized with the Yoast SEO plugin v16.4 - https:\/\/yoast.com\/wordpress\/plugins\/seo\/ -->\n<title>Concours - \u00c9nergies Sonic<\/title>\n<meta name=\"robots\" content=\"index, follow, max-snippet:-1, max-image-preview:large, max-video-preview:-1\" \/>\n<link rel=\"canonical\" href=\"https:\/\/energiesonic.com\/en\/concours\/\" \/>\n<meta property=\"og:locale\" content=\"en_US\" \/>\n<meta property=\"og:type\" content=\"article\" \/>\n<meta property=\"og:title\" content=\"Concours - \u00c9nergies Sonic\" \/>\n<meta property=\"og:url\" content=\"https:\/\/energiesonic.com\/en\/concours\/\" \/>\n<meta property=\"og:site_name\" content=\"\u00c9nergies Sonic\" \/>\n<meta property=\"article:modified_time\" content=\"2025-06-04T17:00:07+00:00\" \/>\n<meta property=\"og:image\" content=\"https:\/\/energiesonic.com\/wp-content\/uploads\/2025\/03\/2503-Sonic-1anEssence-Facebook-V03-240x300.png\" \/>\n<meta name=\"twitter:card\" content=\"summary_large_image\" \/>\n<meta name=\"twitter:label1\" content=\"Est. reading time\" \/>\n\t<meta name=\"twitter:data1\" content=\"1 minute\" \/>\n<script type=\"application\/ld+json\" class=\"yoast-schema-graph\">{\"@context\":\"https:\/\/schema.org\",\"@graph\":[{\"@type\":\"WebSite\",\"@id\":\"https:\/\/energiesonic.com\/#website\",\"url\":\"https:\/\/energiesonic.com\/\",\"name\":\"\\u00c9nergies Sonic\",\"description\":\"\",\"potentialAction\":[{\"@type\":\"SearchAction\",\"target\":\"https:\/\/energiesonic.com\/?s={search_term_string}\",\"query-input\":\"required name=search_term_string\"}],\"inLanguage\":\"en-CA\"},{\"@type\":\"ImageObject\",\"@id\":\"https:\/\/energiesonic.com\/concours\/#primaryimage\",\"inLanguage\":\"en-CA\",\"url\":\"https:\/\/energiesonic.com\/wp-content\/uploads\/2025\/03\/2503-Sonic-1anEssence-Facebook-V03.png\",\"contentUrl\":\"https:\/\/energiesonic.com\/wp-content\/uploads\/2025\/03\/2503-Sonic-1anEssence-Facebook-V03.png\",\"width\":1080,\"height\":1350},{\"@type\":\"WebPage\",\"@id\":\"https:\/\/energiesonic.com\/concours\/#webpage\",\"url\":\"https:\/\/energiesonic.com\/concours\/\",\"name\":\"Concours - \\u00c9nergies Sonic\",\"isPartOf\":{\"@id\":\"https:\/\/energiesonic.com\/#website\"},\"primaryImageOfPage\":{\"@id\":\"https:\/\/energiesonic.com\/concours\/#primaryimage\"},\"datePublished\":\"2025-03-18T19:35:08+00:00\",\"dateModified\":\"2025-06-04T17:00:07+00:00\",\"breadcrumb\":{\"@id\":\"https:\/\/energiesonic.com\/concours\/#breadcrumb\"},\"inLanguage\":\"en-CA\",\"potentialAction\":[{\"@type\":\"ReadAction\",\"target\":[\"https:\/\/energiesonic.com\/concours\/\"]}]},{\"@type\":\"BreadcrumbList\",\"@id\":\"https:\/\/energiesonic.com\/concours\/#breadcrumb\",\"itemListElement\":[{\"@type\":\"ListItem\",\"position\":1,\"item\":{\"@type\":\"WebPage\",\"@id\":\"https:\/\/energiesonic.com\/accueil\/\",\"url\":\"https:\/\/energiesonic.com\/accueil\/\",\"name\":\"Accueil\"}},{\"@type\":\"ListItem\",\"position\":2,\"item\":{\"@id\":\"https:\/\/energiesonic.com\/concours\/#webpage\"}}]}]}<\/script>\n<!-- \/ Yoast SEO plugin. -->","_links":{"self":[{"href":"https:\/\/energiesonic.com\/en\/wp-json\/wp\/v2\/pages\/6860"}],"collection":[{"href":"https:\/\/energiesonic.com\/en\/wp-json\/wp\/v2\/pages"}],"about":[{"href":"https:\/\/energiesonic.com\/en\/wp-json\/wp\/v2\/types\/page"}],"author":[{"embeddable":true,"href":"https:\/\/energiesonic.com\/en\/wp-json\/wp\/v2\/users\/3"}],"replies":[{"embeddable":true,"href":"https:\/\/energiesonic.com\/en\/wp-json\/wp\/v2\/comments?post=6860"}],"version-history":[{"count":17,"href":"https:\/\/energiesonic.com\/en\/wp-json\/wp\/v2\/pages\/6860\/revisions"}],"predecessor-version":[{"id":6940,"href":"https:\/\/energiesonic.com\/en\/wp-json\/wp\/v2\/pages\/6860\/revisions\/6940"}],"wp:attachment":[{"href":"https:\/\/energiesonic.com\/en\/wp-json\/wp\/v2\/media?parent=6860"}],"curies":[{"name":"wp","href":"https:\/\/api.w.org\/{rel}","templated":true}]}}