{"id":615,"date":"2019-09-26T13:49:14","date_gmt":"2019-09-26T17:49:14","guid":{"rendered":"http:\/\/formulaire.energiesonic.com\/?page_id=615"},"modified":"2021-09-07T09:16:01","modified_gmt":"2021-09-07T13:16:01","slug":"station-service-carte-de-credit-sonic","status":"publish","type":"page","link":"https:\/\/energiesonic.com\/en\/stations-service\/station-service-carte-de-credit-sonic\/","title":{"rendered":"Carte de cr\u00e9dit Sonic"},"content":{"rendered":"<section class=\"av_textblock_section\"  itemscope=\"itemscope\" itemtype=\"https:\/\/schema.org\/CreativeWork\" ><div class='avia_textblock'   itemprop=\"text\" ><h2>Carte de cr\u00e9dit Sonic<\/h2>\n<\/div><\/section>\n<div class=\"flex_column av_one_full  flex_column_div av-zero-column-padding first  avia-builder-el-1  el_after_av_textblock  el_before_av_one_full  column-top-margin\" style='border-radius:0px; '><section class=\"av_textblock_section\"  itemscope=\"itemscope\" itemtype=\"https:\/\/schema.org\/CreativeWork\" ><div class='avia_textblock'   itemprop=\"text\" ><p>La carte de cr\u00e9dit\u00a0Visa Desjardins Sonic\u00a0est une carte \u00e0 la mesure du mouvement coop\u00e9ratif qu\u00e9b\u00e9cois. Elle repr\u00e9sente l&rsquo;image m\u00eame du dynamisme et du leadership qu&rsquo;incarnent\u00a0La Coop f\u00e9d\u00e9r\u00e9e et le Mouvement Desjardins. Voici l&rsquo;offre de la carte de cr\u00e9dit Visa Desjardins Sonic\u00a0offerte pr\u00e9sentement aux clients particuliers et commerciaux.<\/p>\n<\/div><\/section><\/div><div class=\"flex_column av_one_half  flex_column_div av-zero-column-padding first\" style='border-radius:0px; '><section class=\"av_textblock_section\"  itemscope=\"itemscope\" itemtype=\"https:\/\/schema.org\/CreativeWork\" ><div class='avia_textblock'   itemprop=\"text\" ><h3><strong>Carte de cr\u00e9dit personnelle<\/strong><\/h3>\n<div><img loading=\"lazy\" class=\"alignnone size-full wp-image-438\" src=\"http:\/\/formulaire.energiesonic.com\/wp-content\/uploads\/2019\/09\/Sonic-Carte-credit-personnel-web.png\" alt=\"\" width=\"250\" height=\"163\" \/><\/div>\n<div class=\"dnd_pricebox_info\">\n<p class=\"rteindent1 rteleft\">Carte gratuite sans frais d&rsquo;adh\u00e9sion<\/p>\n<p class=\"rteindent1 rteleft\">\u00c9mission sans frais d&rsquo;une carte suppl\u00e9mentaire<\/p>\n<p class=\"rteindent1 rteleft\">Centre d&rsquo;assistance t\u00e9l\u00e9phonique en activit\u00e9 24 heures par jour pour obtenir de l&rsquo;aide relativement \u00e0 tout probl\u00e8me avec votre carte<\/p>\n<p class=\"rteindent1 rteleft\">Possibilit\u00e9 d&rsquo;avance de fonds dans les guichets automatiques INTERAC<\/p>\n<p class=\"rteindent1 rteleft\">Donne acc\u00e8s \u00e0 une deuxi\u00e8me limite de cr\u00e9dit, le financement Accord D Desjardins<\/p>\n<p class=\"rteindent1 rteleft\">La carte Sonic Visa Desjardins et une carte passe-partout mondialement reconnue<\/p>\n<p class=\"rteindent1 rteleft\">Pour les membres ou employ\u00e9s d&rsquo;une coop\u00e9rative affili\u00e9e \u00e0 La Coop f\u00e9d\u00e9r\u00e9e,<br \/>\nun escompte de 3%* est autoris\u00e9<\/p>\n<div class=\"rteindent1 rteleft\"><em>*Taux sujet \u00e0 changement.<\/em><\/div>\n<\/div>\n<\/div><\/section><br \/>\n<div  style='height:24px' class='hr hr-invisible'><span class='hr-inner' ><span class='hr-inner-style'><\/span><\/span><\/div><br \/>\n<div  class='avia-buttonrow-wrap avia-buttonrow-left'>\n<a href='https:\/\/www.desjardins.com\/particuliers\/prets-marges-cartes-credit\/cartes-credit-visa\/affinite-partenaires\/sonic\/index.jsp'  class='avia-button  avia-color-theme-color  avia-icon_select-yes-left-icon avia-size-x-large'  style='margin-bottom:5px; margin-right:5px; ' ><span class='avia_button_icon avia_button_icon_left' aria-hidden='true' data-av_icon='\ue840' data-av_iconfont='entypo-fontello'><\/span><span class='avia_iconbox_title' >DEMANDEZ VOTRE CARTE<\/span><\/a>\n<\/div><\/p><\/div><div class=\"flex_column av_one_half  flex_column_div av-zero-column-padding\" style='border-radius:0px; '><section class=\"av_textblock_section\"  itemscope=\"itemscope\" itemtype=\"https:\/\/schema.org\/CreativeWork\" ><div class='avia_textblock'   itemprop=\"text\" ><h3><strong>Carte de cr\u00e9dit commerciale<\/strong><\/h3>\n<div><img loading=\"lazy\" class=\"alignnone wp-image-443 size-full\" src=\"http:\/\/formulaire.energiesonic.com\/wp-content\/uploads\/2019\/09\/Sonic-Carte-credit-commercial-web.png\" alt=\"\" width=\"250\" height=\"161\" \/><\/div>\n<div class=\"dnd_pricebox_info\">\n<div class=\"rteindent1 rteleft\">\n<p class=\"rteindent1 rteleft\">Offerte aux membres et entreprises commerciales<\/p>\n<p class=\"rteindent1 rteleft\">Peut\u00a0\u00eatre utilis\u00e9e dans les stations op\u00e9rant sous la banni\u00e8re Sonic<\/p>\n<p class=\"rteindent1 rteleft\"><u>Membres d&rsquo;une coop\u00e9rative affili\u00e9e<\/u><br \/>\n3 % d&rsquo;escompte*<br \/>\n(aucun minimum d&rsquo;achats mensuels requis)<\/p>\n<p class=\"rteindent1 rteleft\"><u>Non-membre d&rsquo;une coop\u00e9rative<\/u><br \/>\n2 % d&rsquo;escompte*<br \/>\n(achats mensuels minimums de\u00a01 100 $)<br \/>\n3 % d&rsquo;escompte*<br \/>\n(achats mensuels minimum de 2 200 $)<\/p>\n<div class=\"rteindent1 rteleft\"><em>*Taux sujet \u00e0 changement.<\/em><\/div>\n<\/div>\n<\/div>\n<\/div><\/section><br \/>\n<div  style='height:39px' class='hr hr-invisible'><span class='hr-inner' ><span class='hr-inner-style'><\/span><\/span><\/div><br \/>\n<div  class='avia-buttonrow-wrap avia-buttonrow-left'>\n<a href='https:\/\/energiesonic.com\/en\/?page_id=607'  class='avia-button  avia-color-theme-color  avia-icon_select-yes-left-icon avia-size-x-large'  style='margin-bottom:5px; margin-right:5px; ' ><span class='avia_button_icon avia_button_icon_left' aria-hidden='true' data-av_icon='\ue840' data-av_iconfont='entypo-fontello'><\/span><span class='avia_iconbox_title' >VISITEZ UN D\u00c9TAILLANT SONIC<\/span><\/a>\n<\/div><\/p><\/div><\/p>","protected":false},"excerpt":{"rendered":"","protected":false},"author":1,"featured_media":0,"parent":605,"menu_order":0,"comment_status":"closed","ping_status":"closed","template":"","meta":[],"yoast_head":"<!-- This site is optimized with the Yoast SEO plugin v16.4 - https:\/\/yoast.com\/wordpress\/plugins\/seo\/ -->\n<title>Procurez-vous une carte de cr\u00e9dit Sonic pour payer vos achats - Sonic<\/title>\n<meta name=\"description\" content=\"D\u00e9couvrez nos cartes de cr\u00e9dit Sonic offertes aux clients particuliers et commerciaux. Demandez votre carte ou visitez un d\u00e9taillant Sonic!\" \/>\n<meta name=\"robots\" content=\"index, follow, max-snippet:-1, max-image-preview:large, max-video-preview:-1\" \/>\n<link rel=\"canonical\" href=\"https:\/\/energiesonic.com\/en\/stations-service\/station-service-carte-de-credit-sonic\/\" \/>\n<meta property=\"og:locale\" content=\"en_US\" \/>\n<meta property=\"og:type\" content=\"article\" \/>\n<meta property=\"og:title\" content=\"Procurez-vous une carte de cr\u00e9dit Sonic pour payer vos achats - Sonic\" \/>\n<meta property=\"og:description\" content=\"D\u00e9couvrez nos cartes de cr\u00e9dit Sonic offertes aux clients particuliers et commerciaux. Demandez votre carte ou visitez un d\u00e9taillant Sonic!\" \/>\n<meta property=\"og:url\" content=\"https:\/\/energiesonic.com\/en\/stations-service\/station-service-carte-de-credit-sonic\/\" \/>\n<meta property=\"og:site_name\" content=\"\u00c9nergies Sonic\" \/>\n<meta property=\"article:modified_time\" content=\"2021-09-07T13:16:01+00:00\" \/>\n<meta property=\"og:image\" content=\"http:\/\/formulaire.energiesonic.com\/wp-content\/uploads\/2019\/09\/Sonic-Carte-credit-personnel-web.png\" \/>\n<meta name=\"twitter:card\" content=\"summary_large_image\" \/>\n<meta name=\"twitter:label1\" content=\"Est. reading time\" \/>\n\t<meta name=\"twitter:data1\" content=\"3 minutes\" \/>\n<script type=\"application\/ld+json\" class=\"yoast-schema-graph\">{\"@context\":\"https:\/\/schema.org\",\"@graph\":[{\"@type\":\"WebSite\",\"@id\":\"https:\/\/energiesonic.com\/#website\",\"url\":\"https:\/\/energiesonic.com\/\",\"name\":\"\\u00c9nergies Sonic\",\"description\":\"\",\"potentialAction\":[{\"@type\":\"SearchAction\",\"target\":\"https:\/\/energiesonic.com\/?s={search_term_string}\",\"query-input\":\"required name=search_term_string\"}],\"inLanguage\":\"en-CA\"},{\"@type\":\"ImageObject\",\"@id\":\"https:\/\/energiesonic.com\/stations-service\/station-service-carte-de-credit-sonic\/#primaryimage\",\"inLanguage\":\"en-CA\",\"url\":\"http:\/\/formulaire.energiesonic.com\/wp-content\/uploads\/2019\/09\/Sonic-Carte-credit-personnel-web.png\",\"contentUrl\":\"http:\/\/formulaire.energiesonic.com\/wp-content\/uploads\/2019\/09\/Sonic-Carte-credit-personnel-web.png\"},{\"@type\":\"WebPage\",\"@id\":\"https:\/\/energiesonic.com\/stations-service\/station-service-carte-de-credit-sonic\/#webpage\",\"url\":\"https:\/\/energiesonic.com\/stations-service\/station-service-carte-de-credit-sonic\/\",\"name\":\"Procurez-vous une carte de cr\\u00e9dit Sonic pour payer vos achats - Sonic\",\"isPartOf\":{\"@id\":\"https:\/\/energiesonic.com\/#website\"},\"primaryImageOfPage\":{\"@id\":\"https:\/\/energiesonic.com\/stations-service\/station-service-carte-de-credit-sonic\/#primaryimage\"},\"datePublished\":\"2019-09-26T17:49:14+00:00\",\"dateModified\":\"2021-09-07T13:16:01+00:00\",\"description\":\"D\\u00e9couvrez nos cartes de cr\\u00e9dit Sonic offertes aux clients particuliers et commerciaux. Demandez votre carte ou visitez un d\\u00e9taillant Sonic!\",\"breadcrumb\":{\"@id\":\"https:\/\/energiesonic.com\/stations-service\/station-service-carte-de-credit-sonic\/#breadcrumb\"},\"inLanguage\":\"en-CA\",\"potentialAction\":[{\"@type\":\"ReadAction\",\"target\":[\"https:\/\/energiesonic.com\/stations-service\/station-service-carte-de-credit-sonic\/\"]}]},{\"@type\":\"BreadcrumbList\",\"@id\":\"https:\/\/energiesonic.com\/stations-service\/station-service-carte-de-credit-sonic\/#breadcrumb\",\"itemListElement\":[{\"@type\":\"ListItem\",\"position\":1,\"item\":{\"@type\":\"WebPage\",\"@id\":\"https:\/\/energiesonic.com\/accueil\/\",\"url\":\"https:\/\/energiesonic.com\/accueil\/\",\"name\":\"Accueil\"}},{\"@type\":\"ListItem\",\"position\":2,\"item\":{\"@type\":\"WebPage\",\"@id\":\"https:\/\/energiesonic.com\/stations-service\/\",\"url\":\"https:\/\/energiesonic.com\/stations-service\/\",\"name\":\"Stations-service\"}},{\"@type\":\"ListItem\",\"position\":3,\"item\":{\"@id\":\"https:\/\/energiesonic.com\/stations-service\/station-service-carte-de-credit-sonic\/#webpage\"}}]}]}<\/script>\n<!-- \/ Yoast SEO plugin. -->","_links":{"self":[{"href":"https:\/\/energiesonic.com\/en\/wp-json\/wp\/v2\/pages\/615"}],"collection":[{"href":"https:\/\/energiesonic.com\/en\/wp-json\/wp\/v2\/pages"}],"about":[{"href":"https:\/\/energiesonic.com\/en\/wp-json\/wp\/v2\/types\/page"}],"author":[{"embeddable":true,"href":"https:\/\/energiesonic.com\/en\/wp-json\/wp\/v2\/users\/1"}],"replies":[{"embeddable":true,"href":"https:\/\/energiesonic.com\/en\/wp-json\/wp\/v2\/comments?post=615"}],"version-history":[{"count":9,"href":"https:\/\/energiesonic.com\/en\/wp-json\/wp\/v2\/pages\/615\/revisions"}],"predecessor-version":[{"id":624,"href":"https:\/\/energiesonic.com\/en\/wp-json\/wp\/v2\/pages\/615\/revisions\/624"}],"up":[{"embeddable":true,"href":"https:\/\/energiesonic.com\/en\/wp-json\/wp\/v2\/pages\/605"}],"wp:attachment":[{"href":"https:\/\/energiesonic.com\/en\/wp-json\/wp\/v2\/media?parent=615"}],"curies":[{"name":"wp","href":"https:\/\/api.w.org\/{rel}","templated":true}]}}