{"id":612,"date":"2020-01-10T09:34:48","date_gmt":"2020-01-10T13:34:48","guid":{"rendered":"http:\/\/formulaire.energiesonic.com\/?page_id=612"},"modified":"2021-01-28T15:41:45","modified_gmt":"2021-01-28T19:41:45","slug":"service-livraison","status":"publish","type":"page","link":"https:\/\/energiesonic.com\/en\/services\/service-livraison\/","title":{"rendered":"Livraison"},"content":{"rendered":"<div class='clear'><\/div><div id='sub_menu1'  class='av-submenu-container main_color  avia-builder-el-0  el_before_av_one_half  avia-builder-el-first  av-sticky-submenu  container_wrap fullsize' style='  z-index:301' ><div class='container av-menu-mobile-disabled'><ul id=\"menu-sousmenuservices\" class=\"av-subnav-menu av-submenu-pos-center\"><li id=\"menu-item-2694\" class=\"menu-item menu-item-type-post_type menu-item-object-page menu-item-top-level menu-item-top-level-1\"><a href=\"https:\/\/energiesonic.com\/en\/services\/service-livraison-2\/\" itemprop=\"url\"><span class=\"avia-bullet\"><\/span><span class=\"avia-menu-text\">Livraison<\/span><span class=\"avia-menu-fx\"><span class=\"avia-arrow-wrap\"><span class=\"avia-arrow\"><\/span><\/span><\/span><\/a><\/li>\n<li id=\"menu-item-2695\" class=\"menu-item menu-item-type-post_type menu-item-object-page menu-item-top-level menu-item-top-level-2\"><a href=\"https:\/\/energiesonic.com\/en\/services\/service-entretien-et-reparation\/\" itemprop=\"url\"><span class=\"avia-bullet\"><\/span><span class=\"avia-menu-text\">Entretien et r\u00e9paration<\/span><span class=\"avia-menu-fx\"><span class=\"avia-arrow-wrap\"><span class=\"avia-arrow\"><\/span><\/span><\/span><\/a><\/li>\n<li id=\"menu-item-2696\" class=\"menu-item menu-item-type-post_type menu-item-object-page menu-item-top-level menu-item-top-level-3\"><a href=\"https:\/\/energiesonic.com\/en\/services\/service-remplacement-dequipements\/\" itemprop=\"url\"><span class=\"avia-bullet\"><\/span><span class=\"avia-menu-text\">Remplacement d\u2019\u00e9quipements<\/span><span class=\"avia-menu-fx\"><span class=\"avia-arrow-wrap\"><span class=\"avia-arrow\"><\/span><\/span><\/span><\/a><\/li>\n<li id=\"menu-item-2697\" class=\"menu-item menu-item-type-post_type menu-item-object-page menu-item-top-level menu-item-top-level-4\"><a href=\"https:\/\/energiesonic.com\/en\/services\/service-offre-de-prix-fixe\/\" itemprop=\"url\"><span class=\"avia-bullet\"><\/span><span class=\"avia-menu-text\">Offre de prix fixe<\/span><span class=\"avia-menu-fx\"><span class=\"avia-arrow-wrap\"><span class=\"avia-arrow\"><\/span><\/span><\/span><\/a><\/li>\n<li id=\"menu-item-2698\" class=\"menu-item menu-item-type-post_type menu-item-object-page menu-item-top-level menu-item-top-level-5\"><a href=\"https:\/\/energiesonic.com\/en\/services\/service-programmes-de-financement\/\" itemprop=\"url\"><span class=\"avia-bullet\"><\/span><span class=\"avia-menu-text\">Programmes de financement<\/span><span class=\"avia-menu-fx\"><span class=\"avia-arrow-wrap\"><span class=\"avia-arrow\"><\/span><\/span><\/span><\/a><\/li>\n<\/ul><\/div><\/div><div class='sticky_placeholder'><\/div><div id='after_submenu'  class='main_color av_default_container_wrap container_wrap fullsize' style=' '  ><div class='container' ><div class='template-page content  av-content-full alpha units'><div class='post-entry post-entry-type-page post-entry-612'><div class='entry-content-wrapper clearfix'>\n<div class=\"flex_column av_one_half  flex_column_div av-zero-column-padding first  avia-builder-el-1  el_after_av_submenu  el_before_av_one_half  avia-builder-el-first\" style='border-radius:0px; '><section class=\"av_textblock_section\"  itemscope=\"itemscope\" itemtype=\"https:\/\/schema.org\/CreativeWork\" ><div class='avia_textblock'   itemprop=\"text\" ><h4>\u00c9NERGIES SONIC, POUR UN SERVICE FIABLE<\/h4>\n<p><em>S<\/em><em>aviez-vous que nous offrons les services de livraison automatique, semi-automatique ou avec t\u00e9l\u00e9m\u00e9trie qui vous permettent de b\u00e9n\u00e9ficier d\u2019\u00e9conomies et d\u2019une tranquillit\u00e9 d\u2019esprit?*<\/em><\/p>\n<p><em>Communiquez avec notre service \u00e0 la client\u00e8le pour adh\u00e9rer\u00a0 \u00e0 ce service:<br \/>\n<strong>1 800 207-6642<\/strong><\/em><\/p>\n<div class=\"dnd_service_box dnd_service_box_round_text_aside\">\n<div class=\"dnd_service_box_header\">\n<h3><span class=\"dnd_pricebox_name\">R\u00c9SIDENTIEL<\/span><\/h3>\n<\/div>\n<p><span class=\"dnd_pricebox_feature\">Nos 120 livreurs, \u00e9quip\u00e9s d&rsquo;autant de camions et semi-remorques, assurent la livraison \u00e0 domicile de mazout et de propane aux quatre coins de la province.<\/span><\/p>\n<\/div>\n<div class=\"dnd_service_box dnd_service_box_round_text_aside\">\n<div class=\"dnd_service_box_header\">\n<h3><span class=\"dnd_pricebox_name\">AGRICOLE<\/span><\/h3>\n<\/div>\n<p><span class=\"dnd_pricebox_feature\">Profitez de la grande connaissance du milieu agricole par nos agents distributeurs locaux, gr\u00e2ce \u00e0 un programme de livraison automatique efficace qui assure votre productivit\u00e9.<\/span><\/p>\n<\/div>\n<div class=\"dnd_service_box dnd_service_box_round_text_aside\">\n<div class=\"dnd_service_box_header\">\n<h3><span class=\"dnd_pricebox_name\">COMMERCIAL<\/span><\/h3>\n<\/div>\n<p><span class=\"dnd_pricebox_feature\">Faites confiance \u00e0 \u00c9nergies Sonic pour les besoins en propane ou en carburant de votre entreprise. Nous savons nous adapter \u00e0 votre type d&rsquo;entreprise!<\/span><\/p>\n<\/div>\n<h6><em>*Certaines conditions s&rsquo;appliquent.<\/em><\/h6>\n<div class=\"dnd_service_box dnd_service_box_round_text_aside\"><\/div>\n<\/div><\/section><br \/>\n<div  class='avia-buttonrow-wrap avia-buttonrow-left   avia-builder-el-3  el_after_av_textblock  avia-builder-el-last'>\n<a href='https:\/\/energiesonic.com\/en\/nous-joindre\/commande-en-ligne\/'  class='avia-button  avia-color-theme-color  avia-icon_select-yes-left-icon avia-size-large'  style='margin-bottom:24px; margin-right:24px; ' ><span class='avia_button_icon avia_button_icon_left' aria-hidden='true' data-av_icon='\ue859' data-av_iconfont='entypo-fontello'><\/span><span class='avia_iconbox_title' >Commandez en ligne!<\/span><\/a>\n<\/div><\/p><\/div><div class=\"flex_column av_one_half  flex_column_div av-zero-column-padding   avia-builder-el-4  el_after_av_one_half  avia-builder-el-last\" style='border-radius:0px; '><div  class='avia-image-container  av-styling-    avia-builder-el-5  avia-builder-el-no-sibling  avia-align-right'  itemprop=\"image\" itemscope=\"itemscope\" itemtype=\"https:\/\/schema.org\/ImageObject\"  ><div class='avia-image-container-inner'><div class='avia-image-overlay-wrap'><img class='wp-image-424 avia-img-lazy-loading-not-424 avia_image' src=\"https:\/\/energiesonic.com\/wp-content\/uploads\/2019\/09\/livraison01.jpg\" alt='Sonic - Livraison de mazout, propane, carburant et autres' title='Sonic - Livraison de mazout, propane, carburant et autres' height=\"420\" width=\"728\"  itemprop=\"thumbnailUrl\" srcset=\"https:\/\/energiesonic.com\/wp-content\/uploads\/2019\/09\/livraison01.jpg 728w, https:\/\/energiesonic.com\/wp-content\/uploads\/2019\/09\/livraison01-300x173.jpg 300w, https:\/\/energiesonic.com\/wp-content\/uploads\/2019\/09\/livraison01-705x407.jpg 705w\" sizes=\"(max-width: 728px) 100vw, 728px\" \/><\/div><\/div><\/div><\/div><\/p>","protected":false},"excerpt":{"rendered":"","protected":false},"author":1,"featured_media":0,"parent":581,"menu_order":0,"comment_status":"closed","ping_status":"closed","template":"","meta":[],"yoast_head":"<!-- This site is optimized with the Yoast SEO plugin v16.4 - https:\/\/yoast.com\/wordpress\/plugins\/seo\/ -->\n<title>Livraison - \u00c9nergies Sonic<\/title>\n<meta name=\"robots\" content=\"index, follow, max-snippet:-1, max-image-preview:large, max-video-preview:-1\" \/>\n<link rel=\"canonical\" href=\"https:\/\/energiesonic.com\/en\/services\/service-livraison\/\" \/>\n<meta property=\"og:locale\" content=\"en_US\" \/>\n<meta property=\"og:type\" content=\"article\" \/>\n<meta property=\"og:title\" content=\"Livraison - \u00c9nergies Sonic\" \/>\n<meta property=\"og:url\" content=\"https:\/\/energiesonic.com\/en\/services\/service-livraison\/\" \/>\n<meta property=\"og:site_name\" content=\"\u00c9nergies Sonic\" \/>\n<meta property=\"article:modified_time\" content=\"2021-01-28T19:41:45+00:00\" \/>\n<meta name=\"twitter:card\" content=\"summary_large_image\" \/>\n<meta name=\"twitter:label1\" content=\"Est. reading time\" \/>\n\t<meta name=\"twitter:data1\" content=\"3 minutes\" \/>\n<script type=\"application\/ld+json\" class=\"yoast-schema-graph\">{\"@context\":\"https:\/\/schema.org\",\"@graph\":[{\"@type\":\"WebSite\",\"@id\":\"https:\/\/energiesonic.com\/#website\",\"url\":\"https:\/\/energiesonic.com\/\",\"name\":\"\\u00c9nergies Sonic\",\"description\":\"\",\"potentialAction\":[{\"@type\":\"SearchAction\",\"target\":\"https:\/\/energiesonic.com\/?s={search_term_string}\",\"query-input\":\"required name=search_term_string\"}],\"inLanguage\":\"en-CA\"},{\"@type\":\"WebPage\",\"@id\":\"https:\/\/energiesonic.com\/services\/service-livraison\/#webpage\",\"url\":\"https:\/\/energiesonic.com\/services\/service-livraison\/\",\"name\":\"Livraison - \\u00c9nergies Sonic\",\"isPartOf\":{\"@id\":\"https:\/\/energiesonic.com\/#website\"},\"datePublished\":\"2020-01-10T13:34:48+00:00\",\"dateModified\":\"2021-01-28T19:41:45+00:00\",\"breadcrumb\":{\"@id\":\"https:\/\/energiesonic.com\/services\/service-livraison\/#breadcrumb\"},\"inLanguage\":\"en-CA\",\"potentialAction\":[{\"@type\":\"ReadAction\",\"target\":[\"https:\/\/energiesonic.com\/services\/service-livraison\/\"]}]},{\"@type\":\"BreadcrumbList\",\"@id\":\"https:\/\/energiesonic.com\/services\/service-livraison\/#breadcrumb\",\"itemListElement\":[{\"@type\":\"ListItem\",\"position\":1,\"item\":{\"@type\":\"WebPage\",\"@id\":\"https:\/\/energiesonic.com\/accueil\/\",\"url\":\"https:\/\/energiesonic.com\/accueil\/\",\"name\":\"Accueil\"}},{\"@type\":\"ListItem\",\"position\":2,\"item\":{\"@type\":\"WebPage\",\"@id\":\"https:\/\/energiesonic.com\/services\/\",\"url\":\"https:\/\/energiesonic.com\/services\/\",\"name\":\"Services\"}},{\"@type\":\"ListItem\",\"position\":3,\"item\":{\"@id\":\"https:\/\/energiesonic.com\/services\/service-livraison\/#webpage\"}}]}]}<\/script>\n<!-- \/ Yoast SEO plugin. -->","_links":{"self":[{"href":"https:\/\/energiesonic.com\/en\/wp-json\/wp\/v2\/pages\/612"}],"collection":[{"href":"https:\/\/energiesonic.com\/en\/wp-json\/wp\/v2\/pages"}],"about":[{"href":"https:\/\/energiesonic.com\/en\/wp-json\/wp\/v2\/types\/page"}],"author":[{"embeddable":true,"href":"https:\/\/energiesonic.com\/en\/wp-json\/wp\/v2\/users\/1"}],"replies":[{"embeddable":true,"href":"https:\/\/energiesonic.com\/en\/wp-json\/wp\/v2\/comments?post=612"}],"version-history":[{"count":5,"href":"https:\/\/energiesonic.com\/en\/wp-json\/wp\/v2\/pages\/612\/revisions"}],"predecessor-version":[{"id":3735,"href":"https:\/\/energiesonic.com\/en\/wp-json\/wp\/v2\/pages\/612\/revisions\/3735"}],"up":[{"embeddable":true,"href":"https:\/\/energiesonic.com\/en\/wp-json\/wp\/v2\/pages\/581"}],"wp:attachment":[{"href":"https:\/\/energiesonic.com\/en\/wp-json\/wp\/v2\/media?parent=612"}],"curies":[{"name":"wp","href":"https:\/\/api.w.org\/{rel}","templated":true}]}}