{"id":6108,"date":"2022-09-07T08:11:04","date_gmt":"2022-09-07T12:11:04","guid":{"rendered":"https:\/\/energiesonic.com\/?page_id=6108"},"modified":"2022-12-12T09:01:43","modified_gmt":"2022-12-12T13:01:43","slug":"cartecadeau","status":"publish","type":"page","link":"https:\/\/energiesonic.com\/en\/cartecadeau\/","title":{"rendered":"Les cartes-cadeaux Sonic"},"content":{"rendered":"<div class=\"flex_column av_three_fifth  flex_column_div av-zero-column-padding first  avia-builder-el-0  el_before_av_two_fifth  avia-builder-el-first\" style='border-radius:0px; '><section class=\"av_textblock_section\"  itemscope=\"itemscope\" itemtype=\"https:\/\/schema.org\/CreativeWork\" ><div class='avia_textblock'   itemprop=\"text\" ><h2>NOUVEAUT\u00c9 : Les cartes-cadeaux Sonic<\/h2>\n<p>Venez visiter votre station-service Sonic la plus pr\u00e8s de chez vous pour profiter de nos nouvelles cartes-cadeaux Sonic! Ces cartes-cadeaux peuvent \u00eatre utilis\u00e9es sur l&rsquo;achat d&rsquo;essence et de produits en d\u00e9panneur.<\/p>\n<p><strong>Vous avez la possibilit\u00e9 de trois choix de coupures : 25$, 50$ et 100$.<\/strong><\/p>\n<\/div><\/section><br \/>\n<div   class='hr hr-default   avia-builder-el-2  el_after_av_textblock  el_before_av_textblock'><span class='hr-inner' ><span class='hr-inner-style'><\/span><\/span><\/div><br \/>\n<section class=\"av_textblock_section\"  itemscope=\"itemscope\" itemtype=\"https:\/\/schema.org\/CreativeWork\" ><div class='avia_textblock'   itemprop=\"text\" ><h2>Solde restant<\/h2>\n<\/div><\/section><br \/>\n<div  class='avia-button-wrap avia-button-left  avia-builder-el-4  el_after_av_textblock  el_before_av_hr' ><a href='https:\/\/energiesonic.verifiervotresolde.com\/fr\/login' class='avia-button  avia-color-theme-color   avia-icon_select-no avia-size-small avia-position-left' target=\"_blank\" rel=\"noopener noreferrer\"><span class='avia_iconbox_title' >V\u00e9rifiez le solde de ma carte-cadeau Sonic<\/span><\/a><\/div><br \/>\n<div   class='hr hr-default   avia-builder-el-5  el_after_av_button  el_before_av_textblock'><span class='hr-inner' ><span class='hr-inner-style'><\/span><\/span><\/div><br \/>\n<section class=\"av_textblock_section\"  itemscope=\"itemscope\" itemtype=\"https:\/\/schema.org\/CreativeWork\" ><div class='avia_textblock'   itemprop=\"text\" ><h2>FOIRE AUX QUESTIONS<\/h2>\n<p>Vos questions?<br \/>\n<a href=\"\/wp-content\/uploads\/2022\/09\/FAQ_carte-cadeau-Sonic_clients.pdf\" target=\"_blank\" rel=\"noopener\">Consultez notre foire aux questions pour toutes les r\u00e9ponses!<\/a><\/p>\n<\/div><\/section><br \/>\n<div   class='hr hr-default   avia-builder-el-7  el_after_av_textblock  el_before_av_textblock'><span class='hr-inner' ><span class='hr-inner-style'><\/span><\/span><\/div><br \/>\n<section class=\"av_textblock_section\"  itemscope=\"itemscope\" itemtype=\"https:\/\/schema.org\/CreativeWork\" ><div class='avia_textblock'   itemprop=\"text\" ><h2>Des questions?<\/h2>\n<p>Communiquez avec nous au <a href=\"mailto:recompenses@energiesonic.com\">recompenses@energiesonic.com<\/a><\/p>\n<\/div><\/section><br \/>\n<div   class='hr hr-default   avia-builder-el-9  el_after_av_textblock  el_before_av_textblock'><span class='hr-inner' ><span class='hr-inner-style'><\/span><\/span><\/div><br \/>\n<section class=\"av_textblock_section\"  itemscope=\"itemscope\" itemtype=\"https:\/\/schema.org\/CreativeWork\" ><div class='avia_textblock'   itemprop=\"text\" ><h2>Trouver une station-service Sonic<\/h2>\n<\/div><\/section><br \/>\n<div  class='avia-button-wrap avia-button-left  avia-builder-el-11  el_after_av_textblock  el_before_av_hr' ><a href='https:\/\/energiesonic.com\/en\/stations-service\/station-service-trouver-une-station-service-sonic\/'  class='avia-button  avia-color-theme-color   avia-icon_select-no avia-size-small avia-position-left'   ><span class='avia_iconbox_title' >Trouver une station<\/span><\/a><\/div><br \/>\n<div   class='hr hr-default   avia-builder-el-12  el_after_av_button  el_before_av_textblock'><span class='hr-inner' ><span class='hr-inner-style'><\/span><\/span><\/div><br \/>\n<section class=\"av_textblock_section\"  itemscope=\"itemscope\" itemtype=\"https:\/\/schema.org\/CreativeWork\" ><div class='avia_textblock'   itemprop=\"text\" ><h2>D\u00e9taillants Sonic : Commande de cartes-cadeaux Sonic<\/h2>\n<p>Tous les d\u00e9taillants Sonic peuvent commander des cartes-cadeaux Sonic ou tout autre mat\u00e9riel promotionnel Sonic gr\u00e2ce au portail de commande en ligne. Voici le lien pour y acc\u00e9der :\u00a0<a href=\"https:\/\/sonic.card-store.ca\/login\" target=\"_blank\" rel=\"noopener\">https:\/\/sonic.card-store.ca\/login<\/a><\/p>\n<\/div><\/section><\/p><\/div><div class=\"flex_column av_two_fifth  flex_column_div av-zero-column-padding   avia-builder-el-14  el_after_av_three_fifth  avia-builder-el-last\" style='border-radius:0px; '><div  class='avia-image-container  av-styling-    avia-builder-el-15  avia-builder-el-no-sibling  avia-align-center'  itemprop=\"image\" itemscope=\"itemscope\" itemtype=\"https:\/\/schema.org\/ImageObject\"  ><div class='avia-image-container-inner'><div class='avia-image-overlay-wrap'><img class='wp-image-6167 avia-img-lazy-loading-not-6167 avia_image' src=\"https:\/\/energiesonic.com\/wp-content\/uploads\/2022\/10\/Sonic-3visuels-GIFTCARD-v01-1.png\" alt='' title='Sonic-3visuels-GIFTCARD-v01 (1)' height=\"784\" width=\"630\"  itemprop=\"thumbnailUrl\" srcset=\"https:\/\/energiesonic.com\/wp-content\/uploads\/2022\/10\/Sonic-3visuels-GIFTCARD-v01-1.png 630w, https:\/\/energiesonic.com\/wp-content\/uploads\/2022\/10\/Sonic-3visuels-GIFTCARD-v01-1-241x300.png 241w, https:\/\/energiesonic.com\/wp-content\/uploads\/2022\/10\/Sonic-3visuels-GIFTCARD-v01-1-10x12.png 10w, https:\/\/energiesonic.com\/wp-content\/uploads\/2022\/10\/Sonic-3visuels-GIFTCARD-v01-1-567x705.png 567w\" sizes=\"(max-width: 630px) 100vw, 630px\" \/><\/div><\/div><\/div><\/div><\/p>","protected":false},"excerpt":{"rendered":"","protected":false},"author":8,"featured_media":0,"parent":0,"menu_order":0,"comment_status":"closed","ping_status":"closed","template":"","meta":[],"yoast_head":"<!-- This site is optimized with the Yoast SEO plugin v16.4 - https:\/\/yoast.com\/wordpress\/plugins\/seo\/ -->\n<title>Les r\u00e9compenses - Sonic<\/title>\n<meta name=\"description\" content=\"Pour l\u2019installation d\u2019un r\u00e9servoir ou pour la livraison de propane pour le chauffage r\u00e9sidentiel ainsi que les secteurs commercial et industriel.\" \/>\n<meta name=\"robots\" content=\"index, follow, max-snippet:-1, max-image-preview:large, max-video-preview:-1\" \/>\n<link rel=\"canonical\" href=\"https:\/\/energiesonic.com\/en\/cartecadeau\/\" \/>\n<meta property=\"og:locale\" content=\"en_US\" \/>\n<meta property=\"og:type\" content=\"article\" \/>\n<meta property=\"og:title\" content=\"Les r\u00e9compenses - Sonic\" \/>\n<meta property=\"og:description\" content=\"Pour l\u2019installation d\u2019un r\u00e9servoir ou pour la livraison de propane pour le chauffage r\u00e9sidentiel ainsi que les secteurs commercial et industriel.\" \/>\n<meta property=\"og:url\" content=\"https:\/\/energiesonic.com\/en\/cartecadeau\/\" \/>\n<meta property=\"og:site_name\" content=\"\u00c9nergies Sonic\" \/>\n<meta property=\"article:modified_time\" content=\"2022-12-12T13:01:43+00:00\" \/>\n<meta name=\"twitter:card\" content=\"summary_large_image\" \/>\n<meta name=\"twitter:label1\" content=\"Est. reading time\" \/>\n\t<meta name=\"twitter:data1\" content=\"2 minutes\" \/>\n<script type=\"application\/ld+json\" class=\"yoast-schema-graph\">{\"@context\":\"https:\/\/schema.org\",\"@graph\":[{\"@type\":\"WebSite\",\"@id\":\"https:\/\/energiesonic.com\/#website\",\"url\":\"https:\/\/energiesonic.com\/\",\"name\":\"\\u00c9nergies Sonic\",\"description\":\"\",\"potentialAction\":[{\"@type\":\"SearchAction\",\"target\":\"https:\/\/energiesonic.com\/?s={search_term_string}\",\"query-input\":\"required name=search_term_string\"}],\"inLanguage\":\"en-CA\"},{\"@type\":\"WebPage\",\"@id\":\"https:\/\/energiesonic.com\/cartecadeau\/#webpage\",\"url\":\"https:\/\/energiesonic.com\/cartecadeau\/\",\"name\":\"Les r\\u00e9compenses - Sonic\",\"isPartOf\":{\"@id\":\"https:\/\/energiesonic.com\/#website\"},\"datePublished\":\"2022-09-07T12:11:04+00:00\",\"dateModified\":\"2022-12-12T13:01:43+00:00\",\"description\":\"Pour l\\u2019installation d\\u2019un r\\u00e9servoir ou pour la livraison de propane pour le chauffage r\\u00e9sidentiel ainsi que les secteurs commercial et industriel.\",\"breadcrumb\":{\"@id\":\"https:\/\/energiesonic.com\/cartecadeau\/#breadcrumb\"},\"inLanguage\":\"en-CA\",\"potentialAction\":[{\"@type\":\"ReadAction\",\"target\":[\"https:\/\/energiesonic.com\/cartecadeau\/\"]}]},{\"@type\":\"BreadcrumbList\",\"@id\":\"https:\/\/energiesonic.com\/cartecadeau\/#breadcrumb\",\"itemListElement\":[{\"@type\":\"ListItem\",\"position\":1,\"item\":{\"@type\":\"WebPage\",\"@id\":\"https:\/\/energiesonic.com\/accueil\/\",\"url\":\"https:\/\/energiesonic.com\/accueil\/\",\"name\":\"Accueil\"}},{\"@type\":\"ListItem\",\"position\":2,\"item\":{\"@id\":\"https:\/\/energiesonic.com\/cartecadeau\/#webpage\"}}]}]}<\/script>\n<!-- \/ Yoast SEO plugin. -->","_links":{"self":[{"href":"https:\/\/energiesonic.com\/en\/wp-json\/wp\/v2\/pages\/6108"}],"collection":[{"href":"https:\/\/energiesonic.com\/en\/wp-json\/wp\/v2\/pages"}],"about":[{"href":"https:\/\/energiesonic.com\/en\/wp-json\/wp\/v2\/types\/page"}],"author":[{"embeddable":true,"href":"https:\/\/energiesonic.com\/en\/wp-json\/wp\/v2\/users\/8"}],"replies":[{"embeddable":true,"href":"https:\/\/energiesonic.com\/en\/wp-json\/wp\/v2\/comments?post=6108"}],"version-history":[{"count":7,"href":"https:\/\/energiesonic.com\/en\/wp-json\/wp\/v2\/pages\/6108\/revisions"}],"predecessor-version":[{"id":6169,"href":"https:\/\/energiesonic.com\/en\/wp-json\/wp\/v2\/pages\/6108\/revisions\/6169"}],"wp:attachment":[{"href":"https:\/\/energiesonic.com\/en\/wp-json\/wp\/v2\/media?parent=6108"}],"curies":[{"name":"wp","href":"https:\/\/api.w.org\/{rel}","templated":true}]}}