{"id":570,"date":"2019-09-26T11:06:08","date_gmt":"2019-09-26T15:06:08","guid":{"rendered":"http:\/\/formulaire.energiesonic.com\/?page_id=570"},"modified":"2022-05-06T15:12:03","modified_gmt":"2022-05-06T19:12:03","slug":"equipement-guides","status":"publish","type":"page","link":"https:\/\/energiesonic.com\/en\/produits\/equipement\/equipement-guides\/","title":{"rendered":"Guides"},"content":{"rendered":"<div class='clear'><\/div><div id='sub_menu1'  class='av-submenu-container main_color  avia-builder-el-0  el_before_av_one_full  avia-builder-el-first  av-sticky-submenu  container_wrap fullsize' style='  z-index:301' ><div class='container av-menu-mobile-disabled'><ul id=\"menu-sousmenuproduit\" class=\"av-subnav-menu av-submenu-pos-center\"><li id=\"menu-item-2599\" class=\"menu-item menu-item-type-post_type menu-item-object-page menu-item-top-level menu-item-top-level-1\"><a href=\"https:\/\/energiesonic.com\/en\/produits\/essence\/\" itemprop=\"url\"><span class=\"avia-bullet\"><\/span><span class=\"avia-menu-text\">Essence<\/span><span class=\"avia-menu-fx\"><span class=\"avia-arrow-wrap\"><span class=\"avia-arrow\"><\/span><\/span><\/span><\/a><\/li>\n<li id=\"menu-item-2600\" class=\"menu-item menu-item-type-post_type menu-item-object-page menu-item-top-level menu-item-top-level-2\"><a href=\"https:\/\/energiesonic.com\/en\/produits\/diesel\/\" itemprop=\"url\"><span class=\"avia-bullet\"><\/span><span class=\"avia-menu-text\">Diesel<\/span><span class=\"avia-menu-fx\"><span class=\"avia-arrow-wrap\"><span class=\"avia-arrow\"><\/span><\/span><\/span><\/a><\/li>\n<li id=\"menu-item-2601\" class=\"menu-item menu-item-type-post_type menu-item-object-page menu-item-top-level menu-item-top-level-3\"><a href=\"https:\/\/energiesonic.com\/en\/produits\/propane\/\" itemprop=\"url\"><span class=\"avia-bullet\"><\/span><span class=\"avia-menu-text\">Propane<\/span><span class=\"avia-menu-fx\"><span class=\"avia-arrow-wrap\"><span class=\"avia-arrow\"><\/span><\/span><\/span><\/a><\/li>\n<li id=\"menu-item-2602\" class=\"menu-item menu-item-type-post_type menu-item-object-page menu-item-has-children menu-item-top-level menu-item-top-level-4\"><a href=\"https:\/\/energiesonic.com\/en\/produits\/auto-propane\/\" itemprop=\"url\"><span class=\"avia-bullet\"><\/span><span class=\"avia-menu-text\">Autopropane<\/span><span class=\"avia-menu-fx\"><span class=\"avia-arrow-wrap\"><span class=\"avia-arrow\"><\/span><\/span><\/span><\/a>\n\n\n<ul class=\"sub-menu\">\n\t<li id=\"menu-item-2603\" class=\"menu-item menu-item-type-post_type menu-item-object-page\"><a href=\"https:\/\/energiesonic.com\/en\/produits\/auto-propane\/lautopropane-et-ses-avantages\/\" itemprop=\"url\"><span class=\"avia-bullet\"><\/span><span class=\"avia-menu-text\">\u00c0 propos<\/span><\/a><\/li>\n\t<li id=\"menu-item-2604\" class=\"menu-item menu-item-type-post_type menu-item-object-page\"><a href=\"https:\/\/energiesonic.com\/en\/produits\/auto-propane\/auto-propane-reseau-de-distribution\/\" itemprop=\"url\"><span class=\"avia-bullet\"><\/span><span class=\"avia-menu-text\">R\u00e9seau de distribution<\/span><\/a><\/li>\n\t<li id=\"menu-item-2605\" class=\"menu-item menu-item-type-post_type menu-item-object-page\"><a href=\"https:\/\/energiesonic.com\/en\/produits\/auto-propane\/auto-propane-temoignages\/\" itemprop=\"url\"><span class=\"avia-bullet\"><\/span><span class=\"avia-menu-text\">T\u00e9moignages<\/span><\/a><\/li>\n\t<li id=\"menu-item-2606\" class=\"menu-item menu-item-type-post_type menu-item-object-page\"><a href=\"https:\/\/energiesonic.com\/en\/produits\/auto-propane\/auto-propane-foire-aux-questions\/\" itemprop=\"url\"><span class=\"avia-bullet\"><\/span><span class=\"avia-menu-text\">Foire aux questions<\/span><\/a><\/li>\n<\/ul>\n<\/li>\n<li id=\"menu-item-2607\" class=\"menu-item menu-item-type-post_type menu-item-object-page menu-item-has-children menu-item-top-level menu-item-top-level-5\"><a href=\"https:\/\/energiesonic.com\/en\/produits\/biomasse\/\" itemprop=\"url\"><span class=\"avia-bullet\"><\/span><span class=\"avia-menu-text\">Biomasse<\/span><span class=\"avia-menu-fx\"><span class=\"avia-arrow-wrap\"><span class=\"avia-arrow\"><\/span><\/span><\/span><\/a>\n\n\n<ul class=\"sub-menu\">\n\t<li id=\"menu-item-4058\" class=\"menu-item menu-item-type-post_type menu-item-object-page\"><a href=\"https:\/\/energiesonic.com\/en\/produits\/biomasse\/biomasse-cest-quoi\/\" itemprop=\"url\"><span class=\"avia-bullet\"><\/span><span class=\"avia-menu-text\">La biomasse, c\u2019est quoi?<\/span><\/a><\/li>\n\t<li id=\"menu-item-4057\" class=\"menu-item menu-item-type-post_type menu-item-object-page\"><a href=\"https:\/\/energiesonic.com\/en\/produits\/biomasse\/biomasse-offre-de-service\/\" itemprop=\"url\"><span class=\"avia-bullet\"><\/span><span class=\"avia-menu-text\">En quoi se distingue l\u2019offre d\u2019\u00c9nergies Sonic ?<\/span><\/a><\/li>\n\t<li id=\"menu-item-4060\" class=\"menu-item menu-item-type-post_type menu-item-object-page\"><a href=\"https:\/\/energiesonic.com\/en\/produits\/biomasse\/biomasse-nos-realisations\/\" itemprop=\"url\"><span class=\"avia-bullet\"><\/span><span class=\"avia-menu-text\">Nos r\u00e9alisations<\/span><\/a><\/li>\n<\/ul>\n<\/li>\n<li id=\"menu-item-2611\" class=\"menu-item menu-item-type-post_type menu-item-object-page menu-item-top-level menu-item-top-level-6\"><a href=\"https:\/\/energiesonic.com\/en\/produits\/mazout\/\" itemprop=\"url\"><span class=\"avia-bullet\"><\/span><span class=\"avia-menu-text\">Mazout<\/span><span class=\"avia-menu-fx\"><span class=\"avia-arrow-wrap\"><span class=\"avia-arrow\"><\/span><\/span><\/span><\/a><\/li>\n<li id=\"menu-item-2612\" class=\"menu-item menu-item-type-post_type menu-item-object-page menu-item-has-children menu-item-top-level menu-item-top-level-7\"><a href=\"https:\/\/energiesonic.com\/en\/produits\/graisses-et-lubrifiants\/\" itemprop=\"url\"><span class=\"avia-bullet\"><\/span><span class=\"avia-menu-text\">Graisses et lubrifiants<\/span><span class=\"avia-menu-fx\"><span class=\"avia-arrow-wrap\"><span class=\"avia-arrow\"><\/span><\/span><\/span><\/a>\n\n\n<ul class=\"sub-menu\">\n\t<li id=\"menu-item-3975\" class=\"menu-item menu-item-type-post_type menu-item-object-page\"><a href=\"https:\/\/energiesonic.com\/en\/produits\/graisses-et-lubrifiants\/flg\/\" itemprop=\"url\"><span class=\"avia-bullet\"><\/span><span class=\"avia-menu-text\">FLG<\/span><\/a><\/li>\n\t<li id=\"menu-item-3969\" class=\"menu-item menu-item-type-post_type menu-item-object-page\"><a href=\"https:\/\/energiesonic.com\/en\/produits\/graisses-et-lubrifiants\/fuchs\/\" itemprop=\"url\"><span class=\"avia-bullet\"><\/span><span class=\"avia-menu-text\">FUCHS<\/span><\/a><\/li>\n\t<li id=\"menu-item-3970\" class=\"menu-item menu-item-type-post_type menu-item-object-page\"><a href=\"https:\/\/energiesonic.com\/en\/produits\/graisses-et-lubrifiants\/irving\/\" itemprop=\"url\"><span class=\"avia-bullet\"><\/span><span class=\"avia-menu-text\">IRVING<\/span><\/a><\/li>\n\t<li id=\"menu-item-3971\" class=\"menu-item menu-item-type-post_type menu-item-object-page\"><a href=\"https:\/\/energiesonic.com\/en\/produits\/graisses-et-lubrifiants\/kluber\/\" itemprop=\"url\"><span class=\"avia-bullet\"><\/span><span class=\"avia-menu-text\">KL\u00dcBER<\/span><\/a><\/li>\n\t<li id=\"menu-item-3973\" class=\"menu-item menu-item-type-post_type menu-item-object-page\"><a href=\"https:\/\/energiesonic.com\/en\/produits\/graisses-et-lubrifiants\/shell\/\" itemprop=\"url\"><span class=\"avia-bullet\"><\/span><span class=\"avia-menu-text\">SHELL<\/span><\/a><\/li>\n\t<li id=\"menu-item-3972\" class=\"menu-item menu-item-type-post_type menu-item-object-page\"><a href=\"https:\/\/energiesonic.com\/en\/produits\/graisses-et-lubrifiants\/summit\/\" itemprop=\"url\"><span class=\"avia-bullet\"><\/span><span class=\"avia-menu-text\">SUMMIT<\/span><\/a><\/li>\n\t<li id=\"menu-item-3974\" class=\"menu-item menu-item-type-post_type menu-item-object-page\"><a href=\"https:\/\/energiesonic.com\/en\/produits\/graisses-et-lubrifiants\/total\/\" itemprop=\"url\"><span class=\"avia-bullet\"><\/span><span class=\"avia-menu-text\">TOTALENERGIES<\/span><\/a><\/li>\n<\/ul>\n<\/li>\n<li id=\"menu-item-2613\" class=\"menu-item menu-item-type-post_type menu-item-object-page menu-item-top-level menu-item-top-level-8\"><a href=\"https:\/\/energiesonic.com\/en\/produits\/fluide-dechappement-diesel-fed\/\" itemprop=\"url\"><span class=\"avia-bullet\"><\/span><span class=\"avia-menu-text\">Fluide d\u2019\u00e9chappement diesel (FED)<\/span><span class=\"avia-menu-fx\"><span class=\"avia-arrow-wrap\"><span class=\"avia-arrow\"><\/span><\/span><\/span><\/a><\/li>\n<li id=\"menu-item-2614\" class=\"menu-item menu-item-type-post_type menu-item-object-page menu-item-has-children menu-item-top-level menu-item-top-level-9\"><a href=\"https:\/\/energiesonic.com\/en\/produits\/equipement\/\" itemprop=\"url\"><span class=\"avia-bullet\"><\/span><span class=\"avia-menu-text\">\u00c9quipement<\/span><span class=\"avia-menu-fx\"><span class=\"avia-arrow-wrap\"><span class=\"avia-arrow\"><\/span><\/span><\/span><\/a>\n\n\n<ul class=\"sub-menu\">\n\t<li id=\"menu-item-2615\" class=\"menu-item menu-item-type-post_type menu-item-object-page\"><a href=\"https:\/\/energiesonic.com\/en\/produits\/equipement\/equipement-vente-dequipement\/\" itemprop=\"url\"><span class=\"avia-bullet\"><\/span><span class=\"avia-menu-text\">Vente d\u2019\u00e9quipement<\/span><\/a><\/li>\n\t<li id=\"menu-item-2616\" class=\"menu-item menu-item-type-post_type menu-item-object-page\"><a href=\"https:\/\/energiesonic.com\/en\/produits\/equipement\/equipement-guides\/\" itemprop=\"url\"><span class=\"avia-bullet\"><\/span><span class=\"avia-menu-text\">Guides<\/span><\/a><\/li>\n<\/ul>\n<\/li>\n<\/ul><\/div><\/div><div class='sticky_placeholder'><\/div><div id='after_submenu'  class='main_color av_default_container_wrap container_wrap fullsize' style=' '  ><div class='container' ><div class='template-page content  av-content-full alpha units'><div class='post-entry post-entry-type-page post-entry-570'><div class='entry-content-wrapper clearfix'>\n<div class=\"flex_column av_one_full  flex_column_div av-zero-column-padding first  avia-builder-el-1  el_after_av_submenu  el_before_av_one_full  avia-builder-el-first\" style='border-radius:0px; '><section class=\"av_textblock_section\"  itemscope=\"itemscope\" itemtype=\"https:\/\/schema.org\/CreativeWork\" ><div class='avia_textblock'   itemprop=\"text\" ><h2>Guides d\u2019informations utiles sur les \u00e9quipements<\/h2>\n<p>Voici quelques guides d&rsquo;informations utiles qui pourront vous aider dans le choix de vos r\u00e9servoirs et autres appareils<\/p>\n<\/div><\/section><\/div>\n<div class=\"flex_column av_one_full  flex_column_div av-zero-column-padding first  avia-builder-el-3  el_after_av_one_full  avia-builder-el-last  column-top-margin\" style='border-radius:0px; '><p><div  style='height:48px' class='hr hr-invisible   avia-builder-el-4  el_before_av_textblock  avia-builder-el-first'><span class='hr-inner' ><span class='hr-inner-style'><\/span><\/span><\/div><br \/>\n<section class=\"av_textblock_section\"  itemscope=\"itemscope\" itemtype=\"https:\/\/schema.org\/CreativeWork\" ><div class='avia_textblock'   itemprop=\"text\" ><p><a href=\"http:\/\/formulaire.energiesonic.com\/wp-content\/uploads\/2019\/09\/103309_Guide-Saine-Gestion-Chauffage-au-Mazout.pdf\"><img loading=\"lazy\" class=\"wp-image-371 size-full alignleft\" style=\"width: 200px;\" title=\"Guide de saine gestion du chauffage au mazout\" src=\"https:\/\/formulaire.energiesonic.com\/wp-content\/uploads\/2019\/09\/guide3.png\" alt=\"Guide de saine gestion du chauffage au mazout\" width=\"522\" height=\"796\" srcset=\"https:\/\/energiesonic.com\/wp-content\/uploads\/2019\/09\/guide3.png 522w, https:\/\/energiesonic.com\/wp-content\/uploads\/2019\/09\/guide3-197x300.png 197w, https:\/\/energiesonic.com\/wp-content\/uploads\/2019\/09\/guide3-462x705.png 462w\" sizes=\"(max-width: 522px) 100vw, 522px\" \/><\/a><\/p>\n<h3><\/h3>\n<h3><\/h3>\n<h3><\/h3>\n<h3><\/h3>\n<h3><\/h3>\n<h3><\/h3>\n<h3><\/h3>\n<h3><\/h3>\n<h3><\/h3>\n<h3><\/h3>\n<h3><\/h3>\n<h3><\/h3>\n<h3><\/h3>\n<h3><\/h3>\n<h3><\/h3>\n<h3><\/h3>\n<h3><\/h3>\n<h3><\/h3>\n<h3><\/h3>\n<h3><\/h3>\n<h3><\/h3>\n<h3><\/h3>\n<h3><\/h3>\n<h3><\/h3>\n<h3><\/h3>\n<h3><\/h3>\n<h3><\/h3>\n<h3><\/h3>\n<h3><\/h3>\n<h3><\/h3>\n<h3><\/h3>\n<h3><\/h3>\n<h3><\/h3>\n<h3><\/h3>\n<h3><\/h3>\n<h3><\/h3>\n<h3><\/h3>\n<h3><\/h3>\n<h3><a href=\"http:\/\/formulaire.energiesonic.com\/wp-content\/uploads\/2019\/09\/103309_Guide-Saine-Gestion-Chauffage-au-Mazout.pdf\">GUIDE DE SAINE GESTION DU CHAUFFAGE AU MAZOUT<\/a><\/h3>\n<p>Ce guide vise \u00e0 optimiser le confort de votre r\u00e9sidence, \u00e0 proposer des solutions facilitant les \u00e9conomies mon\u00e9taires et \u00e9nerg\u00e9tiques, \u00e0 v\u00e9rifier la conformit\u00e9 de votre installation et \u00e0 proposer des pratiques de saine gestion environnementale.<\/p>\n<\/div><\/section><br \/>\n<div  style='height:48px' class='hr hr-invisible   avia-builder-el-6  el_after_av_textblock  el_before_av_textblock'><span class='hr-inner' ><span class='hr-inner-style'><\/span><\/span><\/div><br \/>\n<section class=\"av_textblock_section\"  itemscope=\"itemscope\" itemtype=\"https:\/\/schema.org\/CreativeWork\" ><div class='avia_textblock'   itemprop=\"text\" ><p><a href=\"http:\/\/formulaire.energiesonic.com\/wp-content\/uploads\/2019\/09\/101921_Sonic-Ferme_F.pdf\"><img loading=\"lazy\" class=\"size-medium wp-image-5907 alignleft\" src=\"https:\/\/energiesonic.com\/wp-content\/uploads\/2022\/05\/Guide-transport-produits-petroliers-191x300.png\" alt=\"\" width=\"191\" height=\"300\" srcset=\"https:\/\/energiesonic.com\/wp-content\/uploads\/2022\/05\/Guide-transport-produits-petroliers-191x300.png 191w, https:\/\/energiesonic.com\/wp-content\/uploads\/2022\/05\/Guide-transport-produits-petroliers-8x12.png 8w, https:\/\/energiesonic.com\/wp-content\/uploads\/2022\/05\/Guide-transport-produits-petroliers-448x705.png 448w, https:\/\/energiesonic.com\/wp-content\/uploads\/2022\/05\/Guide-transport-produits-petroliers.png 580w\" sizes=\"(max-width: 191px) 100vw, 191px\" \/><\/a><\/p>\n<h3><a href=\"https:\/\/energiesonic.com\/wp-content\/uploads\/2022\/05\/2203_Sonic_Guide_TransportProduitsPetroliers_V3.pdf\">GUIDE SUR LE TRANSPORT DE PRODUITS P\u00c9TROLIERS DANS UNE CAMIONNETTE<\/a><\/h3>\n<p>Ce guide vise \u00e0 prot\u00e9ger les vies, \u00e0 r\u00e9duire les risques de blessures, \u00e0 diminuer les impacts environnementaux n\u00e9gatifs ainsi que les pertes mon\u00e9taires et mat\u00e9rielles.<\/p>\n<\/div><\/section><br \/>\n<div  style='height:48px' class='hr hr-invisible   avia-builder-el-8  el_after_av_textblock  el_before_av_textblock'><span class='hr-inner' ><span class='hr-inner-style'><\/span><\/span><\/div><br \/>\n<section class=\"av_textblock_section\"  itemscope=\"itemscope\" itemtype=\"https:\/\/schema.org\/CreativeWork\" ><div class='avia_textblock'   itemprop=\"text\" ><h3><a href=\"http:\/\/formulaire.energiesonic.com\/wp-content\/uploads\/2019\/09\/101921_Sonic-Ferme_F.pdf\"><img loading=\"lazy\" class=\"size-medium wp-image-5905 alignleft\" src=\"https:\/\/energiesonic.com\/wp-content\/uploads\/2022\/05\/Guide-Installation-utilisation-equipements-196x300.png\" alt=\"\" width=\"196\" height=\"300\" srcset=\"https:\/\/energiesonic.com\/wp-content\/uploads\/2022\/05\/Guide-Installation-utilisation-equipements-196x300.png 196w, https:\/\/energiesonic.com\/wp-content\/uploads\/2022\/05\/Guide-Installation-utilisation-equipements-8x12.png 8w, https:\/\/energiesonic.com\/wp-content\/uploads\/2022\/05\/Guide-Installation-utilisation-equipements-462x705.png 462w, https:\/\/energiesonic.com\/wp-content\/uploads\/2022\/05\/Guide-Installation-utilisation-equipements.png 594w\" sizes=\"(max-width: 196px) 100vw, 196px\" \/><\/a><\/h3>\n<h3><a href=\"http:\/\/formulaire.energiesonic.com\/wp-content\/uploads\/2019\/09\/101921_Sonic-Ferme_F.pdf\">GUIDE\u00a0SUR LES INSTALLATIONS ET L&rsquo;UTILISATION D&rsquo;\u00c9QUIPEMENTS P\u00c9TROLIERS POUR UN \u00c9TABLISSEMENT AGRICOLE ET COMMERCIAL<\/a><\/h3>\n<p>Ce guide vise \u00e0 prot\u00e9ger les vies, \u00e0 r\u00e9duire les risques de blessures, \u00e0 diminuer les impacts environnementaux n\u00e9gatifs ainsi que les pertes mon\u00e9taires et mat\u00e9rielles.<\/p>\n<\/div><\/section><\/p><\/div>","protected":false},"excerpt":{"rendered":"","protected":false},"author":1,"featured_media":0,"parent":555,"menu_order":0,"comment_status":"closed","ping_status":"closed","template":"","meta":[],"yoast_head":"<!-- This site is optimized with the Yoast SEO plugin v16.4 - https:\/\/yoast.com\/wordpress\/plugins\/seo\/ -->\n<title>Guides d\u2019informations utiles sur les \u00e9quipements - Sonic<\/title>\n<meta name=\"description\" content=\"Consultez les diff\u00e9rents guides d\u2019informations utiles pour vous aider \u00e0 faire les bons choix pour vos r\u00e9servoirs ou autres appareils.\" \/>\n<meta name=\"robots\" content=\"index, follow, max-snippet:-1, max-image-preview:large, max-video-preview:-1\" \/>\n<link rel=\"canonical\" href=\"https:\/\/energiesonic.com\/en\/produits\/equipement\/equipement-guides\/\" \/>\n<meta property=\"og:locale\" content=\"en_US\" \/>\n<meta property=\"og:type\" content=\"article\" \/>\n<meta property=\"og:title\" content=\"Guides d\u2019informations utiles sur les \u00e9quipements - Sonic\" \/>\n<meta property=\"og:description\" content=\"Consultez les diff\u00e9rents guides d\u2019informations utiles pour vous aider \u00e0 faire les bons choix pour vos r\u00e9servoirs ou autres appareils.\" \/>\n<meta property=\"og:url\" content=\"https:\/\/energiesonic.com\/en\/produits\/equipement\/equipement-guides\/\" \/>\n<meta property=\"og:site_name\" content=\"\u00c9nergies Sonic\" \/>\n<meta property=\"article:modified_time\" content=\"2022-05-06T19:12:03+00:00\" \/>\n<meta property=\"og:image\" content=\"https:\/\/formulaire.energiesonic.com\/wp-content\/uploads\/2019\/09\/guide3.png\" \/>\n<meta name=\"twitter:card\" content=\"summary_large_image\" \/>\n<meta name=\"twitter:label1\" content=\"Est. reading time\" \/>\n\t<meta name=\"twitter:data1\" content=\"3 minutes\" \/>\n<script type=\"application\/ld+json\" class=\"yoast-schema-graph\">{\"@context\":\"https:\/\/schema.org\",\"@graph\":[{\"@type\":\"WebSite\",\"@id\":\"https:\/\/energiesonic.com\/#website\",\"url\":\"https:\/\/energiesonic.com\/\",\"name\":\"\\u00c9nergies Sonic\",\"description\":\"\",\"potentialAction\":[{\"@type\":\"SearchAction\",\"target\":\"https:\/\/energiesonic.com\/?s={search_term_string}\",\"query-input\":\"required name=search_term_string\"}],\"inLanguage\":\"en-CA\"},{\"@type\":\"ImageObject\",\"@id\":\"https:\/\/energiesonic.com\/produits\/equipement\/equipement-guides\/#primaryimage\",\"inLanguage\":\"en-CA\",\"url\":\"https:\/\/formulaire.energiesonic.com\/wp-content\/uploads\/2019\/09\/guide3.png\",\"contentUrl\":\"https:\/\/formulaire.energiesonic.com\/wp-content\/uploads\/2019\/09\/guide3.png\"},{\"@type\":\"WebPage\",\"@id\":\"https:\/\/energiesonic.com\/produits\/equipement\/equipement-guides\/#webpage\",\"url\":\"https:\/\/energiesonic.com\/produits\/equipement\/equipement-guides\/\",\"name\":\"Guides d\\u2019informations utiles sur les \\u00e9quipements - Sonic\",\"isPartOf\":{\"@id\":\"https:\/\/energiesonic.com\/#website\"},\"primaryImageOfPage\":{\"@id\":\"https:\/\/energiesonic.com\/produits\/equipement\/equipement-guides\/#primaryimage\"},\"datePublished\":\"2019-09-26T15:06:08+00:00\",\"dateModified\":\"2022-05-06T19:12:03+00:00\",\"description\":\"Consultez les diff\\u00e9rents guides d\\u2019informations utiles pour vous aider \\u00e0 faire les bons choix pour vos r\\u00e9servoirs ou autres appareils.\",\"breadcrumb\":{\"@id\":\"https:\/\/energiesonic.com\/produits\/equipement\/equipement-guides\/#breadcrumb\"},\"inLanguage\":\"en-CA\",\"potentialAction\":[{\"@type\":\"ReadAction\",\"target\":[\"https:\/\/energiesonic.com\/produits\/equipement\/equipement-guides\/\"]}]},{\"@type\":\"BreadcrumbList\",\"@id\":\"https:\/\/energiesonic.com\/produits\/equipement\/equipement-guides\/#breadcrumb\",\"itemListElement\":[{\"@type\":\"ListItem\",\"position\":1,\"item\":{\"@type\":\"WebPage\",\"@id\":\"https:\/\/energiesonic.com\/accueil\/\",\"url\":\"https:\/\/energiesonic.com\/accueil\/\",\"name\":\"Accueil\"}},{\"@type\":\"ListItem\",\"position\":2,\"item\":{\"@type\":\"WebPage\",\"@id\":\"https:\/\/energiesonic.com\/produits\/\",\"url\":\"https:\/\/energiesonic.com\/produits\/\",\"name\":\"Produits\"}},{\"@type\":\"ListItem\",\"position\":3,\"item\":{\"@type\":\"WebPage\",\"@id\":\"https:\/\/energiesonic.com\/produits\/equipement\/\",\"url\":\"https:\/\/energiesonic.com\/produits\/equipement\/\",\"name\":\"\\u00c9quipement\"}},{\"@type\":\"ListItem\",\"position\":4,\"item\":{\"@id\":\"https:\/\/energiesonic.com\/produits\/equipement\/equipement-guides\/#webpage\"}}]}]}<\/script>\n<!-- \/ Yoast SEO plugin. -->","_links":{"self":[{"href":"https:\/\/energiesonic.com\/en\/wp-json\/wp\/v2\/pages\/570"}],"collection":[{"href":"https:\/\/energiesonic.com\/en\/wp-json\/wp\/v2\/pages"}],"about":[{"href":"https:\/\/energiesonic.com\/en\/wp-json\/wp\/v2\/types\/page"}],"author":[{"embeddable":true,"href":"https:\/\/energiesonic.com\/en\/wp-json\/wp\/v2\/users\/1"}],"replies":[{"embeddable":true,"href":"https:\/\/energiesonic.com\/en\/wp-json\/wp\/v2\/comments?post=570"}],"version-history":[{"count":16,"href":"https:\/\/energiesonic.com\/en\/wp-json\/wp\/v2\/pages\/570\/revisions"}],"predecessor-version":[{"id":5914,"href":"https:\/\/energiesonic.com\/en\/wp-json\/wp\/v2\/pages\/570\/revisions\/5914"}],"up":[{"embeddable":true,"href":"https:\/\/energiesonic.com\/en\/wp-json\/wp\/v2\/pages\/555"}],"wp:attachment":[{"href":"https:\/\/energiesonic.com\/en\/wp-json\/wp\/v2\/media?parent=570"}],"curies":[{"name":"wp","href":"https:\/\/api.w.org\/{rel}","templated":true}]}}