{"id":546,"date":"2019-09-26T10:33:56","date_gmt":"2019-09-26T14:33:56","guid":{"rendered":"http:\/\/formulaire.energiesonic.com\/?page_id=546"},"modified":"2023-10-24T15:19:26","modified_gmt":"2023-10-24T19:19:26","slug":"graisses-et-lubrifiants","status":"publish","type":"page","link":"https:\/\/energiesonic.com\/en\/produits\/graisses-et-lubrifiants\/","title":{"rendered":"Graisses et lubrifiants"},"content":{"rendered":"<div class='clear'><\/div><div id='sub_menu1'  class='av-submenu-container main_color  avia-builder-el-0  el_before_av_one_full  avia-builder-el-first  av-sticky-submenu  container_wrap fullsize' style='  z-index:301' ><div class='container av-menu-mobile-disabled'><ul id=\"menu-sousmenuproduit\" class=\"av-subnav-menu av-submenu-pos-center\"><li id=\"menu-item-2599\" class=\"menu-item menu-item-type-post_type menu-item-object-page menu-item-top-level menu-item-top-level-1\"><a href=\"https:\/\/energiesonic.com\/en\/produits\/essence\/\" itemprop=\"url\"><span class=\"avia-bullet\"><\/span><span class=\"avia-menu-text\">Essence<\/span><span class=\"avia-menu-fx\"><span class=\"avia-arrow-wrap\"><span class=\"avia-arrow\"><\/span><\/span><\/span><\/a><\/li>\n<li id=\"menu-item-2600\" class=\"menu-item menu-item-type-post_type menu-item-object-page menu-item-top-level menu-item-top-level-2\"><a href=\"https:\/\/energiesonic.com\/en\/produits\/diesel\/\" itemprop=\"url\"><span class=\"avia-bullet\"><\/span><span class=\"avia-menu-text\">Diesel<\/span><span class=\"avia-menu-fx\"><span class=\"avia-arrow-wrap\"><span class=\"avia-arrow\"><\/span><\/span><\/span><\/a><\/li>\n<li id=\"menu-item-2601\" class=\"menu-item menu-item-type-post_type menu-item-object-page menu-item-top-level menu-item-top-level-3\"><a href=\"https:\/\/energiesonic.com\/en\/produits\/propane\/\" itemprop=\"url\"><span class=\"avia-bullet\"><\/span><span class=\"avia-menu-text\">Propane<\/span><span class=\"avia-menu-fx\"><span class=\"avia-arrow-wrap\"><span class=\"avia-arrow\"><\/span><\/span><\/span><\/a><\/li>\n<li id=\"menu-item-2602\" class=\"menu-item menu-item-type-post_type menu-item-object-page menu-item-has-children menu-item-top-level menu-item-top-level-4\"><a href=\"https:\/\/energiesonic.com\/en\/produits\/auto-propane\/\" itemprop=\"url\"><span class=\"avia-bullet\"><\/span><span class=\"avia-menu-text\">Autopropane<\/span><span class=\"avia-menu-fx\"><span class=\"avia-arrow-wrap\"><span class=\"avia-arrow\"><\/span><\/span><\/span><\/a>\n\n\n<ul class=\"sub-menu\">\n\t<li id=\"menu-item-2603\" class=\"menu-item menu-item-type-post_type menu-item-object-page\"><a href=\"https:\/\/energiesonic.com\/en\/produits\/auto-propane\/lautopropane-et-ses-avantages\/\" itemprop=\"url\"><span class=\"avia-bullet\"><\/span><span class=\"avia-menu-text\">\u00c0 propos<\/span><\/a><\/li>\n\t<li id=\"menu-item-2604\" class=\"menu-item menu-item-type-post_type menu-item-object-page\"><a href=\"https:\/\/energiesonic.com\/en\/produits\/auto-propane\/auto-propane-reseau-de-distribution\/\" itemprop=\"url\"><span class=\"avia-bullet\"><\/span><span class=\"avia-menu-text\">R\u00e9seau de distribution<\/span><\/a><\/li>\n\t<li id=\"menu-item-2605\" class=\"menu-item menu-item-type-post_type menu-item-object-page\"><a href=\"https:\/\/energiesonic.com\/en\/produits\/auto-propane\/auto-propane-temoignages\/\" itemprop=\"url\"><span class=\"avia-bullet\"><\/span><span class=\"avia-menu-text\">T\u00e9moignages<\/span><\/a><\/li>\n\t<li id=\"menu-item-2606\" class=\"menu-item menu-item-type-post_type menu-item-object-page\"><a href=\"https:\/\/energiesonic.com\/en\/produits\/auto-propane\/auto-propane-foire-aux-questions\/\" itemprop=\"url\"><span class=\"avia-bullet\"><\/span><span class=\"avia-menu-text\">Foire aux questions<\/span><\/a><\/li>\n<\/ul>\n<\/li>\n<li id=\"menu-item-2607\" class=\"menu-item menu-item-type-post_type menu-item-object-page menu-item-has-children menu-item-top-level menu-item-top-level-5\"><a href=\"https:\/\/energiesonic.com\/en\/produits\/biomasse\/\" itemprop=\"url\"><span class=\"avia-bullet\"><\/span><span class=\"avia-menu-text\">Biomasse<\/span><span class=\"avia-menu-fx\"><span class=\"avia-arrow-wrap\"><span class=\"avia-arrow\"><\/span><\/span><\/span><\/a>\n\n\n<ul class=\"sub-menu\">\n\t<li id=\"menu-item-4058\" class=\"menu-item menu-item-type-post_type menu-item-object-page\"><a href=\"https:\/\/energiesonic.com\/en\/produits\/biomasse\/biomasse-cest-quoi\/\" itemprop=\"url\"><span class=\"avia-bullet\"><\/span><span class=\"avia-menu-text\">La biomasse, c\u2019est quoi?<\/span><\/a><\/li>\n\t<li id=\"menu-item-4057\" class=\"menu-item menu-item-type-post_type menu-item-object-page\"><a href=\"https:\/\/energiesonic.com\/en\/produits\/biomasse\/biomasse-offre-de-service\/\" itemprop=\"url\"><span class=\"avia-bullet\"><\/span><span class=\"avia-menu-text\">En quoi se distingue l\u2019offre d\u2019\u00c9nergies Sonic ?<\/span><\/a><\/li>\n\t<li id=\"menu-item-4060\" class=\"menu-item menu-item-type-post_type menu-item-object-page\"><a href=\"https:\/\/energiesonic.com\/en\/produits\/biomasse\/biomasse-nos-realisations\/\" itemprop=\"url\"><span class=\"avia-bullet\"><\/span><span class=\"avia-menu-text\">Nos r\u00e9alisations<\/span><\/a><\/li>\n<\/ul>\n<\/li>\n<li id=\"menu-item-2611\" class=\"menu-item menu-item-type-post_type menu-item-object-page menu-item-top-level menu-item-top-level-6\"><a href=\"https:\/\/energiesonic.com\/en\/produits\/mazout\/\" itemprop=\"url\"><span class=\"avia-bullet\"><\/span><span class=\"avia-menu-text\">Mazout<\/span><span class=\"avia-menu-fx\"><span class=\"avia-arrow-wrap\"><span class=\"avia-arrow\"><\/span><\/span><\/span><\/a><\/li>\n<li id=\"menu-item-2612\" class=\"menu-item menu-item-type-post_type menu-item-object-page menu-item-has-children menu-item-top-level menu-item-top-level-7\"><a href=\"https:\/\/energiesonic.com\/en\/produits\/graisses-et-lubrifiants\/\" itemprop=\"url\"><span class=\"avia-bullet\"><\/span><span class=\"avia-menu-text\">Graisses et lubrifiants<\/span><span class=\"avia-menu-fx\"><span class=\"avia-arrow-wrap\"><span class=\"avia-arrow\"><\/span><\/span><\/span><\/a>\n\n\n<ul class=\"sub-menu\">\n\t<li id=\"menu-item-3975\" class=\"menu-item menu-item-type-post_type menu-item-object-page\"><a href=\"https:\/\/energiesonic.com\/en\/produits\/graisses-et-lubrifiants\/flg\/\" itemprop=\"url\"><span class=\"avia-bullet\"><\/span><span class=\"avia-menu-text\">FLG<\/span><\/a><\/li>\n\t<li id=\"menu-item-3969\" class=\"menu-item menu-item-type-post_type menu-item-object-page\"><a href=\"https:\/\/energiesonic.com\/en\/produits\/graisses-et-lubrifiants\/fuchs\/\" itemprop=\"url\"><span class=\"avia-bullet\"><\/span><span class=\"avia-menu-text\">FUCHS<\/span><\/a><\/li>\n\t<li id=\"menu-item-3970\" class=\"menu-item menu-item-type-post_type menu-item-object-page\"><a href=\"https:\/\/energiesonic.com\/en\/produits\/graisses-et-lubrifiants\/irving\/\" itemprop=\"url\"><span class=\"avia-bullet\"><\/span><span class=\"avia-menu-text\">IRVING<\/span><\/a><\/li>\n\t<li id=\"menu-item-3971\" class=\"menu-item menu-item-type-post_type menu-item-object-page\"><a href=\"https:\/\/energiesonic.com\/en\/produits\/graisses-et-lubrifiants\/kluber\/\" itemprop=\"url\"><span class=\"avia-bullet\"><\/span><span class=\"avia-menu-text\">KL\u00dcBER<\/span><\/a><\/li>\n\t<li id=\"menu-item-3973\" class=\"menu-item menu-item-type-post_type menu-item-object-page\"><a href=\"https:\/\/energiesonic.com\/en\/produits\/graisses-et-lubrifiants\/shell\/\" itemprop=\"url\"><span class=\"avia-bullet\"><\/span><span class=\"avia-menu-text\">SHELL<\/span><\/a><\/li>\n\t<li id=\"menu-item-3972\" class=\"menu-item menu-item-type-post_type menu-item-object-page\"><a href=\"https:\/\/energiesonic.com\/en\/produits\/graisses-et-lubrifiants\/summit\/\" itemprop=\"url\"><span class=\"avia-bullet\"><\/span><span class=\"avia-menu-text\">SUMMIT<\/span><\/a><\/li>\n\t<li id=\"menu-item-3974\" class=\"menu-item menu-item-type-post_type menu-item-object-page\"><a href=\"https:\/\/energiesonic.com\/en\/produits\/graisses-et-lubrifiants\/total\/\" itemprop=\"url\"><span class=\"avia-bullet\"><\/span><span class=\"avia-menu-text\">TOTALENERGIES<\/span><\/a><\/li>\n<\/ul>\n<\/li>\n<li id=\"menu-item-2613\" class=\"menu-item menu-item-type-post_type menu-item-object-page menu-item-top-level menu-item-top-level-8\"><a href=\"https:\/\/energiesonic.com\/en\/produits\/fluide-dechappement-diesel-fed\/\" itemprop=\"url\"><span class=\"avia-bullet\"><\/span><span class=\"avia-menu-text\">Fluide d\u2019\u00e9chappement diesel (FED)<\/span><span class=\"avia-menu-fx\"><span class=\"avia-arrow-wrap\"><span class=\"avia-arrow\"><\/span><\/span><\/span><\/a><\/li>\n<li id=\"menu-item-2614\" class=\"menu-item menu-item-type-post_type menu-item-object-page menu-item-has-children menu-item-top-level menu-item-top-level-9\"><a href=\"https:\/\/energiesonic.com\/en\/produits\/equipement\/\" itemprop=\"url\"><span class=\"avia-bullet\"><\/span><span class=\"avia-menu-text\">\u00c9quipement<\/span><span class=\"avia-menu-fx\"><span class=\"avia-arrow-wrap\"><span class=\"avia-arrow\"><\/span><\/span><\/span><\/a>\n\n\n<ul class=\"sub-menu\">\n\t<li id=\"menu-item-2615\" class=\"menu-item menu-item-type-post_type menu-item-object-page\"><a href=\"https:\/\/energiesonic.com\/en\/produits\/equipement\/equipement-vente-dequipement\/\" itemprop=\"url\"><span class=\"avia-bullet\"><\/span><span class=\"avia-menu-text\">Vente d\u2019\u00e9quipement<\/span><\/a><\/li>\n\t<li id=\"menu-item-2616\" class=\"menu-item menu-item-type-post_type menu-item-object-page\"><a href=\"https:\/\/energiesonic.com\/en\/produits\/equipement\/equipement-guides\/\" itemprop=\"url\"><span class=\"avia-bullet\"><\/span><span class=\"avia-menu-text\">Guides<\/span><\/a><\/li>\n<\/ul>\n<\/li>\n<\/ul><\/div><\/div><div class='sticky_placeholder'><\/div><div id='after_submenu'  class='main_color av_default_container_wrap container_wrap fullsize' style=' '  ><div class='container' ><div class='template-page content  av-content-full alpha units'><div class='post-entry post-entry-type-page post-entry-546'><div class='entry-content-wrapper clearfix'>\n<div class=\"flex_column av_one_full  flex_column_div av-zero-column-padding first  avia-builder-el-1  el_after_av_submenu  el_before_av_three_fourth  avia-builder-el-first\" style='border-radius:0px; '><section class=\"av_textblock_section\"  itemscope=\"itemscope\" itemtype=\"https:\/\/schema.org\/CreativeWork\" ><div class='avia_textblock'   itemprop=\"text\" ><h2>DES LUBRIFIANTS DE QUALIT\u00c9 \u00c0 VOTRE PORT\u00c9E!<\/h2>\n<\/div><\/section><\/div><div class=\"flex_column av_three_fourth  flex_column_div av-zero-column-padding first  avia-builder-el-3  el_after_av_one_full  el_before_av_one_fourth  column-top-margin\" style='border-radius:0px; '><section class=\"av_textblock_section\"  itemscope=\"itemscope\" itemtype=\"https:\/\/schema.org\/CreativeWork\" ><div class='avia_textblock'   itemprop=\"text\" ><p>\u00c9nergies Sonic offre et distribue les lubrifiants <strong><a href=\"https:\/\/energiesonic.com\/en\/produits\/graisses-et-lubrifiants\/flg\/\">FLG<\/a>, <a href=\"https:\/\/energiesonic.com\/en\/produits\/graisses-et-lubrifiants\/fuchs\/\">FUCHS<\/a>, <a href=\"https:\/\/energiesonic.com\/en\/produits\/graisses-et-lubrifiants\/irving\/\">IRVING<\/a>, <a href=\"https:\/\/energiesonic.com\/en\/produits\/graisses-et-lubrifiants\/kluber\/\">KL\u00dcBER<\/a>, <a href=\"https:\/\/energiesonic.com\/en\/produits\/graisses-et-lubrifiants\/shell\/\">SHELL<\/a>, <a href=\"https:\/\/energiesonic.com\/en\/produits\/graisses-et-lubrifiants\/summit\/\">SUMMIT<\/a><\/strong> et <a href=\"https:\/\/energiesonic.com\/en\/produits\/graisses-et-lubrifiants\/total\/\"><strong>TOTAL<\/strong><\/a> reconnues pour leur qualit\u00e9.<\/p>\n<p>Ces lubrifiants de qualit\u00e9 sup\u00e9rieure prot\u00e8gent vos investissements tels que vos \u00e9quipements, vos automobiles, votre machinerie, en plus de prolonger les intervalles d\u2019entretien, de permettre des \u00e9conomies de carburant et bien plus.<\/p>\n<p>Pour obtenir plus de renseignements, veuillez contacter directement votre repr\u00e9sentant \u00c9nergies Sonic au :<\/p>\n<p><strong>Par t\u00e9l\u00e9phone: 1 800 565-6668<br \/>\nPar t\u00e9l\u00e9copieur:\u00a0514-850-2566<\/strong><\/p>\n<\/div><\/section><\/div><\/p>\n<div class=\"flex_column av_one_fourth  flex_column_div av-zero-column-padding   avia-builder-el-5  el_after_av_three_fourth  el_before_av_one_full  column-top-margin\" style='border-radius:0px; '><div  class='avia-image-container  av-styling-    avia-builder-el-6  avia-builder-el-no-sibling  avia-align-right'  itemprop=\"image\" itemscope=\"itemscope\" itemtype=\"https:\/\/schema.org\/ImageObject\"  ><div class='avia-image-container-inner'><div class='avia-image-overlay-wrap'><img class='wp-image-283 avia-img-lazy-loading-not-283 avia_image' src=\"https:\/\/energiesonic.com\/wp-content\/uploads\/2019\/09\/lubrifiants01.jpg\" alt='Sonic - Graisses et lubrifiants' title='Sonic - Graisses et lubrifiants' height=\"385\" width=\"480\"  itemprop=\"thumbnailUrl\" srcset=\"https:\/\/energiesonic.com\/wp-content\/uploads\/2019\/09\/lubrifiants01.jpg 480w, https:\/\/energiesonic.com\/wp-content\/uploads\/2019\/09\/lubrifiants01-300x241.jpg 300w\" sizes=\"(max-width: 480px) 100vw, 480px\" \/><\/div><\/div><\/div><\/div>\n<div class=\"flex_column av_one_full  flex_column_div av-zero-column-padding first  avia-builder-el-7  el_after_av_one_fourth  el_before_av_one_fifth  column-top-margin\" style='border-radius:0px; '><div   class='hr hr-default   avia-builder-el-8  avia-builder-el-no-sibling'><span class='hr-inner' ><span class='hr-inner-style'><\/span><\/span><\/div><\/div>\n<div class=\"flex_column av_one_fifth  flex_column_div av-zero-column-padding first  avia-builder-el-9  el_after_av_one_full  el_before_av_three_fourth  column-top-margin\" style='border-radius:0px; '><div  class='avia-image-container  av-styling-    avia-builder-el-10  avia-builder-el-no-sibling  avia-align-center'  itemprop=\"image\" itemscope=\"itemscope\" itemtype=\"https:\/\/schema.org\/ImageObject\"  ><div class='avia-image-container-inner'><div class='avia-image-overlay-wrap'><img class='wp-image-3856 avia-img-lazy-loading-not-3856 avia_image' src=\"https:\/\/energiesonic.com\/wp-content\/uploads\/2021\/03\/Shell-Pecten-sans-fond.png\" alt='' title='Shell Pecten sans fond' height=\"200\" width=\"216\"  itemprop=\"thumbnailUrl\" srcset=\"https:\/\/energiesonic.com\/wp-content\/uploads\/2021\/03\/Shell-Pecten-sans-fond.png 216w, https:\/\/energiesonic.com\/wp-content\/uploads\/2021\/03\/Shell-Pecten-sans-fond-13x12.png 13w\" sizes=\"(max-width: 216px) 100vw, 216px\" \/><\/div><\/div><\/div><\/div><div class=\"flex_column av_three_fourth  flex_column_div av-zero-column-padding   avia-builder-el-11  el_after_av_one_fifth  avia-builder-el-last  column-top-margin\" style='border-radius:0px; '><section class=\"av_textblock_section\"  itemscope=\"itemscope\" itemtype=\"https:\/\/schema.org\/CreativeWork\" ><div class='avia_textblock'   itemprop=\"text\" ><h2><\/h2>\n<h3>LES LUBRIFIANTS SHELL, CON\u00c7US POUR VOS BESOINS!<\/h3>\n<p>Optimisez la dur\u00e9e de vie de vos \u00e9quipements, \u00e9tirez les p\u00e9riodes d&rsquo;entretien et r\u00e9alisez des \u00e9conomies de carburant en utilisant nos lubrifiants Shell de qualit\u00e9 premium. Nous mettons \u00e0 votre disposition la gamme compl\u00e8te des lubrifiants SHELL, reconnus \u00e0 l&rsquo;\u00e9chelle mondiale, afin de r\u00e9pondre pr\u00e9cis\u00e9ment \u00e0 vos exigences, quel que soit votre secteur d&rsquo;activit\u00e9 professionnel.<\/p>\n<\/div><\/section><br \/>\n<div  class='avia-button-wrap avia-button-left  avia-builder-el-13  el_after_av_textblock  avia-builder-el-last' ><a href='https:\/\/energiesonic.com\/en\/produits\/graisses-et-lubrifiants\/shell\/'  class='avia-button  avia-color-theme-color   avia-icon_select-no avia-size-small avia-position-left'   ><span class='avia_iconbox_title' >En savoir plus<\/span><\/a><\/div><\/p><\/div><\/p>","protected":false},"excerpt":{"rendered":"","protected":false},"author":1,"featured_media":0,"parent":159,"menu_order":0,"comment_status":"closed","ping_status":"closed","template":"","meta":[],"yoast_head":"<!-- This site is optimized with the Yoast SEO plugin v16.4 - https:\/\/yoast.com\/wordpress\/plugins\/seo\/ -->\n<title>Graisses\/lubrifiants pour maximiser l\u2019efficacit\u00e9 de votre \u00e9quipement - Sonic<\/title>\n<meta name=\"description\" content=\"Sonic vous offre une gamme de graisses novatrices et sp\u00e9cialis\u00e9es ainsi que des lubrifiants de premi\u00e8re qualit\u00e9 pour les secteurs commercial et industriel.\" \/>\n<meta name=\"robots\" content=\"index, follow, max-snippet:-1, max-image-preview:large, max-video-preview:-1\" \/>\n<link rel=\"canonical\" href=\"https:\/\/energiesonic.com\/en\/produits\/graisses-et-lubrifiants\/\" \/>\n<meta property=\"og:locale\" content=\"en_US\" \/>\n<meta property=\"og:type\" content=\"article\" \/>\n<meta property=\"og:title\" content=\"Graisses\/lubrifiants pour maximiser l\u2019efficacit\u00e9 de votre \u00e9quipement - Sonic\" \/>\n<meta property=\"og:description\" content=\"Sonic vous offre une gamme de graisses novatrices et sp\u00e9cialis\u00e9es ainsi que des lubrifiants de premi\u00e8re qualit\u00e9 pour les secteurs commercial et industriel.\" \/>\n<meta property=\"og:url\" content=\"https:\/\/energiesonic.com\/en\/produits\/graisses-et-lubrifiants\/\" \/>\n<meta property=\"og:site_name\" content=\"\u00c9nergies Sonic\" \/>\n<meta property=\"article:modified_time\" content=\"2023-10-24T19:19:26+00:00\" \/>\n<meta name=\"twitter:card\" content=\"summary_large_image\" \/>\n<meta name=\"twitter:label1\" content=\"Est. reading time\" \/>\n\t<meta name=\"twitter:data1\" content=\"3 minutes\" \/>\n<script type=\"application\/ld+json\" class=\"yoast-schema-graph\">{\"@context\":\"https:\/\/schema.org\",\"@graph\":[{\"@type\":\"WebSite\",\"@id\":\"https:\/\/energiesonic.com\/#website\",\"url\":\"https:\/\/energiesonic.com\/\",\"name\":\"\\u00c9nergies Sonic\",\"description\":\"\",\"potentialAction\":[{\"@type\":\"SearchAction\",\"target\":\"https:\/\/energiesonic.com\/?s={search_term_string}\",\"query-input\":\"required name=search_term_string\"}],\"inLanguage\":\"en-CA\"},{\"@type\":\"WebPage\",\"@id\":\"https:\/\/energiesonic.com\/produits\/graisses-et-lubrifiants\/#webpage\",\"url\":\"https:\/\/energiesonic.com\/produits\/graisses-et-lubrifiants\/\",\"name\":\"Graisses\/lubrifiants pour maximiser l\\u2019efficacit\\u00e9 de votre \\u00e9quipement - Sonic\",\"isPartOf\":{\"@id\":\"https:\/\/energiesonic.com\/#website\"},\"datePublished\":\"2019-09-26T14:33:56+00:00\",\"dateModified\":\"2023-10-24T19:19:26+00:00\",\"description\":\"Sonic vous offre une gamme de graisses novatrices et sp\\u00e9cialis\\u00e9es ainsi que des lubrifiants de premi\\u00e8re qualit\\u00e9 pour les secteurs commercial et industriel.\",\"breadcrumb\":{\"@id\":\"https:\/\/energiesonic.com\/produits\/graisses-et-lubrifiants\/#breadcrumb\"},\"inLanguage\":\"en-CA\",\"potentialAction\":[{\"@type\":\"ReadAction\",\"target\":[\"https:\/\/energiesonic.com\/produits\/graisses-et-lubrifiants\/\"]}]},{\"@type\":\"BreadcrumbList\",\"@id\":\"https:\/\/energiesonic.com\/produits\/graisses-et-lubrifiants\/#breadcrumb\",\"itemListElement\":[{\"@type\":\"ListItem\",\"position\":1,\"item\":{\"@type\":\"WebPage\",\"@id\":\"https:\/\/energiesonic.com\/accueil\/\",\"url\":\"https:\/\/energiesonic.com\/accueil\/\",\"name\":\"Accueil\"}},{\"@type\":\"ListItem\",\"position\":2,\"item\":{\"@type\":\"WebPage\",\"@id\":\"https:\/\/energiesonic.com\/produits\/\",\"url\":\"https:\/\/energiesonic.com\/produits\/\",\"name\":\"Produits\"}},{\"@type\":\"ListItem\",\"position\":3,\"item\":{\"@id\":\"https:\/\/energiesonic.com\/produits\/graisses-et-lubrifiants\/#webpage\"}}]}]}<\/script>\n<!-- \/ Yoast SEO plugin. -->","_links":{"self":[{"href":"https:\/\/energiesonic.com\/en\/wp-json\/wp\/v2\/pages\/546"}],"collection":[{"href":"https:\/\/energiesonic.com\/en\/wp-json\/wp\/v2\/pages"}],"about":[{"href":"https:\/\/energiesonic.com\/en\/wp-json\/wp\/v2\/types\/page"}],"author":[{"embeddable":true,"href":"https:\/\/energiesonic.com\/en\/wp-json\/wp\/v2\/users\/1"}],"replies":[{"embeddable":true,"href":"https:\/\/energiesonic.com\/en\/wp-json\/wp\/v2\/comments?post=546"}],"version-history":[{"count":15,"href":"https:\/\/energiesonic.com\/en\/wp-json\/wp\/v2\/pages\/546\/revisions"}],"predecessor-version":[{"id":6516,"href":"https:\/\/energiesonic.com\/en\/wp-json\/wp\/v2\/pages\/546\/revisions\/6516"}],"up":[{"embeddable":true,"href":"https:\/\/energiesonic.com\/en\/wp-json\/wp\/v2\/pages\/159"}],"wp:attachment":[{"href":"https:\/\/energiesonic.com\/en\/wp-json\/wp\/v2\/media?parent=546"}],"curies":[{"name":"wp","href":"https:\/\/api.w.org\/{rel}","templated":true}]}}