{"id":3908,"date":"2021-04-02T12:29:42","date_gmt":"2021-04-02T16:29:42","guid":{"rendered":"https:\/\/energiesonic.com\/?page_id=3908"},"modified":"2021-04-02T12:49:34","modified_gmt":"2021-04-02T16:49:34","slug":"shell","status":"publish","type":"page","link":"https:\/\/energiesonic.com\/en\/produits\/graisses-et-lubrifiants\/shell\/","title":{"rendered":"SHELL"},"content":{"rendered":"<div class='clear'><\/div><div id='sub_menu1'  class='av-submenu-container main_color  avia-builder-el-0  el_before_av_one_full  avia-builder-el-first  av-sticky-submenu  container_wrap fullsize' style='  z-index:301' ><div class='container av-menu-mobile-disabled'><ul id=\"menu-sousmenuproduit\" class=\"av-subnav-menu av-submenu-pos-center\"><li id=\"menu-item-2599\" class=\"menu-item menu-item-type-post_type menu-item-object-page menu-item-top-level menu-item-top-level-1\"><a href=\"https:\/\/energiesonic.com\/en\/produits\/essence\/\" itemprop=\"url\"><span class=\"avia-bullet\"><\/span><span class=\"avia-menu-text\">Essence<\/span><span class=\"avia-menu-fx\"><span class=\"avia-arrow-wrap\"><span class=\"avia-arrow\"><\/span><\/span><\/span><\/a><\/li>\n<li id=\"menu-item-2600\" class=\"menu-item menu-item-type-post_type menu-item-object-page menu-item-top-level menu-item-top-level-2\"><a href=\"https:\/\/energiesonic.com\/en\/produits\/diesel\/\" itemprop=\"url\"><span class=\"avia-bullet\"><\/span><span class=\"avia-menu-text\">Diesel<\/span><span class=\"avia-menu-fx\"><span class=\"avia-arrow-wrap\"><span class=\"avia-arrow\"><\/span><\/span><\/span><\/a><\/li>\n<li id=\"menu-item-2601\" class=\"menu-item menu-item-type-post_type menu-item-object-page menu-item-top-level menu-item-top-level-3\"><a href=\"https:\/\/energiesonic.com\/en\/produits\/propane\/\" itemprop=\"url\"><span class=\"avia-bullet\"><\/span><span class=\"avia-menu-text\">Propane<\/span><span class=\"avia-menu-fx\"><span class=\"avia-arrow-wrap\"><span class=\"avia-arrow\"><\/span><\/span><\/span><\/a><\/li>\n<li id=\"menu-item-2602\" class=\"menu-item menu-item-type-post_type menu-item-object-page menu-item-has-children menu-item-top-level menu-item-top-level-4\"><a href=\"https:\/\/energiesonic.com\/en\/produits\/auto-propane\/\" itemprop=\"url\"><span class=\"avia-bullet\"><\/span><span class=\"avia-menu-text\">Autopropane<\/span><span class=\"avia-menu-fx\"><span class=\"avia-arrow-wrap\"><span class=\"avia-arrow\"><\/span><\/span><\/span><\/a>\n\n\n<ul class=\"sub-menu\">\n\t<li id=\"menu-item-2603\" class=\"menu-item menu-item-type-post_type menu-item-object-page\"><a href=\"https:\/\/energiesonic.com\/en\/produits\/auto-propane\/lautopropane-et-ses-avantages\/\" itemprop=\"url\"><span class=\"avia-bullet\"><\/span><span class=\"avia-menu-text\">\u00c0 propos<\/span><\/a><\/li>\n\t<li id=\"menu-item-2604\" class=\"menu-item menu-item-type-post_type menu-item-object-page\"><a href=\"https:\/\/energiesonic.com\/en\/produits\/auto-propane\/auto-propane-reseau-de-distribution\/\" itemprop=\"url\"><span class=\"avia-bullet\"><\/span><span class=\"avia-menu-text\">R\u00e9seau de distribution<\/span><\/a><\/li>\n\t<li id=\"menu-item-2605\" class=\"menu-item menu-item-type-post_type menu-item-object-page\"><a href=\"https:\/\/energiesonic.com\/en\/produits\/auto-propane\/auto-propane-temoignages\/\" itemprop=\"url\"><span class=\"avia-bullet\"><\/span><span class=\"avia-menu-text\">T\u00e9moignages<\/span><\/a><\/li>\n\t<li id=\"menu-item-2606\" class=\"menu-item menu-item-type-post_type menu-item-object-page\"><a href=\"https:\/\/energiesonic.com\/en\/produits\/auto-propane\/auto-propane-foire-aux-questions\/\" itemprop=\"url\"><span class=\"avia-bullet\"><\/span><span class=\"avia-menu-text\">Foire aux questions<\/span><\/a><\/li>\n<\/ul>\n<\/li>\n<li id=\"menu-item-2607\" class=\"menu-item menu-item-type-post_type menu-item-object-page menu-item-has-children menu-item-top-level menu-item-top-level-5\"><a href=\"https:\/\/energiesonic.com\/en\/produits\/biomasse\/\" itemprop=\"url\"><span class=\"avia-bullet\"><\/span><span class=\"avia-menu-text\">Biomasse<\/span><span class=\"avia-menu-fx\"><span class=\"avia-arrow-wrap\"><span class=\"avia-arrow\"><\/span><\/span><\/span><\/a>\n\n\n<ul class=\"sub-menu\">\n\t<li id=\"menu-item-4058\" class=\"menu-item menu-item-type-post_type menu-item-object-page\"><a href=\"https:\/\/energiesonic.com\/en\/produits\/biomasse\/biomasse-cest-quoi\/\" itemprop=\"url\"><span class=\"avia-bullet\"><\/span><span class=\"avia-menu-text\">La biomasse, c\u2019est quoi?<\/span><\/a><\/li>\n\t<li id=\"menu-item-4057\" class=\"menu-item menu-item-type-post_type menu-item-object-page\"><a href=\"https:\/\/energiesonic.com\/en\/produits\/biomasse\/biomasse-offre-de-service\/\" itemprop=\"url\"><span class=\"avia-bullet\"><\/span><span class=\"avia-menu-text\">En quoi se distingue l\u2019offre d\u2019\u00c9nergies Sonic ?<\/span><\/a><\/li>\n\t<li id=\"menu-item-4060\" class=\"menu-item menu-item-type-post_type menu-item-object-page\"><a href=\"https:\/\/energiesonic.com\/en\/produits\/biomasse\/biomasse-nos-realisations\/\" itemprop=\"url\"><span class=\"avia-bullet\"><\/span><span class=\"avia-menu-text\">Nos r\u00e9alisations<\/span><\/a><\/li>\n<\/ul>\n<\/li>\n<li id=\"menu-item-2611\" class=\"menu-item menu-item-type-post_type menu-item-object-page menu-item-top-level menu-item-top-level-6\"><a href=\"https:\/\/energiesonic.com\/en\/produits\/mazout\/\" itemprop=\"url\"><span class=\"avia-bullet\"><\/span><span class=\"avia-menu-text\">Mazout<\/span><span class=\"avia-menu-fx\"><span class=\"avia-arrow-wrap\"><span class=\"avia-arrow\"><\/span><\/span><\/span><\/a><\/li>\n<li id=\"menu-item-2612\" class=\"menu-item menu-item-type-post_type menu-item-object-page menu-item-has-children menu-item-top-level menu-item-top-level-7\"><a href=\"https:\/\/energiesonic.com\/en\/produits\/graisses-et-lubrifiants\/\" itemprop=\"url\"><span class=\"avia-bullet\"><\/span><span class=\"avia-menu-text\">Graisses et lubrifiants<\/span><span class=\"avia-menu-fx\"><span class=\"avia-arrow-wrap\"><span class=\"avia-arrow\"><\/span><\/span><\/span><\/a>\n\n\n<ul class=\"sub-menu\">\n\t<li id=\"menu-item-3975\" class=\"menu-item menu-item-type-post_type menu-item-object-page\"><a href=\"https:\/\/energiesonic.com\/en\/produits\/graisses-et-lubrifiants\/flg\/\" itemprop=\"url\"><span class=\"avia-bullet\"><\/span><span class=\"avia-menu-text\">FLG<\/span><\/a><\/li>\n\t<li id=\"menu-item-3969\" class=\"menu-item menu-item-type-post_type menu-item-object-page\"><a href=\"https:\/\/energiesonic.com\/en\/produits\/graisses-et-lubrifiants\/fuchs\/\" itemprop=\"url\"><span class=\"avia-bullet\"><\/span><span class=\"avia-menu-text\">FUCHS<\/span><\/a><\/li>\n\t<li id=\"menu-item-3970\" class=\"menu-item menu-item-type-post_type menu-item-object-page\"><a href=\"https:\/\/energiesonic.com\/en\/produits\/graisses-et-lubrifiants\/irving\/\" itemprop=\"url\"><span class=\"avia-bullet\"><\/span><span class=\"avia-menu-text\">IRVING<\/span><\/a><\/li>\n\t<li id=\"menu-item-3971\" class=\"menu-item menu-item-type-post_type menu-item-object-page\"><a href=\"https:\/\/energiesonic.com\/en\/produits\/graisses-et-lubrifiants\/kluber\/\" itemprop=\"url\"><span class=\"avia-bullet\"><\/span><span class=\"avia-menu-text\">KL\u00dcBER<\/span><\/a><\/li>\n\t<li id=\"menu-item-3973\" class=\"menu-item menu-item-type-post_type menu-item-object-page\"><a href=\"https:\/\/energiesonic.com\/en\/produits\/graisses-et-lubrifiants\/shell\/\" itemprop=\"url\"><span class=\"avia-bullet\"><\/span><span class=\"avia-menu-text\">SHELL<\/span><\/a><\/li>\n\t<li id=\"menu-item-3972\" class=\"menu-item menu-item-type-post_type menu-item-object-page\"><a href=\"https:\/\/energiesonic.com\/en\/produits\/graisses-et-lubrifiants\/summit\/\" itemprop=\"url\"><span class=\"avia-bullet\"><\/span><span class=\"avia-menu-text\">SUMMIT<\/span><\/a><\/li>\n\t<li id=\"menu-item-3974\" class=\"menu-item menu-item-type-post_type menu-item-object-page\"><a href=\"https:\/\/energiesonic.com\/en\/produits\/graisses-et-lubrifiants\/total\/\" itemprop=\"url\"><span class=\"avia-bullet\"><\/span><span class=\"avia-menu-text\">TOTALENERGIES<\/span><\/a><\/li>\n<\/ul>\n<\/li>\n<li id=\"menu-item-2613\" class=\"menu-item menu-item-type-post_type menu-item-object-page menu-item-top-level menu-item-top-level-8\"><a href=\"https:\/\/energiesonic.com\/en\/produits\/fluide-dechappement-diesel-fed\/\" itemprop=\"url\"><span class=\"avia-bullet\"><\/span><span class=\"avia-menu-text\">Fluide d\u2019\u00e9chappement diesel (FED)<\/span><span class=\"avia-menu-fx\"><span class=\"avia-arrow-wrap\"><span class=\"avia-arrow\"><\/span><\/span><\/span><\/a><\/li>\n<li id=\"menu-item-2614\" class=\"menu-item menu-item-type-post_type menu-item-object-page menu-item-has-children menu-item-top-level menu-item-top-level-9\"><a href=\"https:\/\/energiesonic.com\/en\/produits\/equipement\/\" itemprop=\"url\"><span class=\"avia-bullet\"><\/span><span class=\"avia-menu-text\">\u00c9quipement<\/span><span class=\"avia-menu-fx\"><span class=\"avia-arrow-wrap\"><span class=\"avia-arrow\"><\/span><\/span><\/span><\/a>\n\n\n<ul class=\"sub-menu\">\n\t<li id=\"menu-item-2615\" class=\"menu-item menu-item-type-post_type menu-item-object-page\"><a href=\"https:\/\/energiesonic.com\/en\/produits\/equipement\/equipement-vente-dequipement\/\" itemprop=\"url\"><span class=\"avia-bullet\"><\/span><span class=\"avia-menu-text\">Vente d\u2019\u00e9quipement<\/span><\/a><\/li>\n\t<li id=\"menu-item-2616\" class=\"menu-item menu-item-type-post_type menu-item-object-page\"><a href=\"https:\/\/energiesonic.com\/en\/produits\/equipement\/equipement-guides\/\" itemprop=\"url\"><span class=\"avia-bullet\"><\/span><span class=\"avia-menu-text\">Guides<\/span><\/a><\/li>\n<\/ul>\n<\/li>\n<\/ul><\/div><\/div><div class='sticky_placeholder'><\/div><div id='after_submenu'  class='main_color av_default_container_wrap container_wrap fullsize' style=' '  ><div class='container' ><div class='template-page content  av-content-full alpha units'><div class='post-entry post-entry-type-page post-entry-3908'><div class='entry-content-wrapper clearfix'>\n<div class=\"flex_column av_one_full  flex_column_div av-zero-column-padding first  avia-builder-el-1  el_after_av_submenu  avia-builder-el-no-sibling\" style='border-radius:0px; '><section class=\"av_textblock_section\"  itemscope=\"itemscope\" itemtype=\"https:\/\/schema.org\/CreativeWork\" ><div class='avia_textblock'   itemprop=\"text\" ><h2>Les lubrifiants SHELL, con\u00e7us pour relever les d\u00e9fis!<\/h2>\n<p>Prot\u00e9gez vos \u00e9quipements, prolongez les intervalles d\u2019entretien et \u00e9conomisez du carburant gr\u00e2ce \u00e0 nos lubrifiants Shell de qualit\u00e9 sup\u00e9rieure.<\/p>\n<p><img loading=\"lazy\" class=\"alignnone wp-image-3856\" src=\"https:\/\/energiesonic.com\/wp-content\/uploads\/2021\/03\/Shell-Pecten-sans-fond.png\" alt=\"\" width=\"75\" height=\"70\" srcset=\"https:\/\/energiesonic.com\/wp-content\/uploads\/2021\/03\/Shell-Pecten-sans-fond.png 216w, https:\/\/energiesonic.com\/wp-content\/uploads\/2021\/03\/Shell-Pecten-sans-fond-13x12.png 13w\" sizes=\"(max-width: 75px) 100vw, 75px\" \/><\/p>\n<p><strong>\u00c9nergies Sonic est fi\u00e8re de distribuer les lubrifiants SHELL.<\/strong><\/p>\n<p>Nous vous offrons la gamme compl\u00e8te de lubrifiants SHELL reconnus mondialement pour r\u00e9pondre \u00e0 vos besoins les plus sp\u00e9cifiques, quel que soit votre secteur d&rsquo;activit\u00e9; agriculture, construction, foresterie, industrie, transport et plus encore.<\/p>\n<p><img loading=\"lazy\" class=\"alignnone wp-image-3918\" src=\"https:\/\/energiesonic.com\/wp-content\/uploads\/2021\/04\/Shell_Rotella_Namestyle_Col_2015-PECTEN-300x80.jpg\" alt=\"\" width=\"203\" height=\"54\" srcset=\"https:\/\/energiesonic.com\/wp-content\/uploads\/2021\/04\/Shell_Rotella_Namestyle_Col_2015-PECTEN-300x80.jpg 300w, https:\/\/energiesonic.com\/wp-content\/uploads\/2021\/04\/Shell_Rotella_Namestyle_Col_2015-PECTEN-1030x274.jpg 1030w, https:\/\/energiesonic.com\/wp-content\/uploads\/2021\/04\/Shell_Rotella_Namestyle_Col_2015-PECTEN-768x204.jpg 768w, https:\/\/energiesonic.com\/wp-content\/uploads\/2021\/04\/Shell_Rotella_Namestyle_Col_2015-PECTEN-1536x409.jpg 1536w, https:\/\/energiesonic.com\/wp-content\/uploads\/2021\/04\/Shell_Rotella_Namestyle_Col_2015-PECTEN-2048x545.jpg 2048w, https:\/\/energiesonic.com\/wp-content\/uploads\/2021\/04\/Shell_Rotella_Namestyle_Col_2015-PECTEN-16x4.jpg 16w, https:\/\/energiesonic.com\/wp-content\/uploads\/2021\/04\/Shell_Rotella_Namestyle_Col_2015-PECTEN-1500x399.jpg 1500w, https:\/\/energiesonic.com\/wp-content\/uploads\/2021\/04\/Shell_Rotella_Namestyle_Col_2015-PECTEN-705x188.jpg 705w\" sizes=\"(max-width: 203px) 100vw, 203px\" \/><\/p>\n<div>\n<h3><span style=\"font-size: 28px; font-weight: 600;\">Rotella<\/span><\/h3>\n<\/div>\n<div>Les produits Shell, r\u00e9pondent \u00e0 vos demandes les plus sp\u00e9cifiques pour les camions et la machinerie. Notons particuli\u00e8rement que la Shell Rotella\u00a0est r\u00e9put\u00e9e sur le march\u00e9 pour sa qualit\u00e9, son rendement et sa technologie et qu\u2019elle domine le march\u00e9 des huiles moteurs de haute tenue depuis plus de 30 ans. Il s\u2019agit de la marque pr\u00e9f\u00e9r\u00e9e d\u2019huile haute tenue pour les moteurs diesels des propri\u00e9taires exploitants et des propri\u00e9taires de camionnettes diesels en Am\u00e9rique du Nord*.<\/div>\n<div><\/div>\n<div><\/div>\n<div><a href=\"https:\/\/rotella.shell.com\/fr_ca.html#iframe=L3NvcHVzL3JvdGVsbGEvbmV3c2xldHRlci9mcl9jYQ\" target=\"_blank\" rel=\"noopener\">Lubrifiants Shell Rotella<\/a><\/div>\n<div>\n<div><\/div>\n<h3><img loading=\"lazy\" class=\"alignnone wp-image-3912\" src=\"https:\/\/energiesonic.com\/wp-content\/uploads\/2021\/04\/PZ-logo-4c-300x196.jpg\" alt=\"\" width=\"150\" height=\"98\" srcset=\"https:\/\/energiesonic.com\/wp-content\/uploads\/2021\/04\/PZ-logo-4c-300x196.jpg 300w, https:\/\/energiesonic.com\/wp-content\/uploads\/2021\/04\/PZ-logo-4c-768x502.jpg 768w, https:\/\/energiesonic.com\/wp-content\/uploads\/2021\/04\/PZ-logo-4c-16x10.jpg 16w, https:\/\/energiesonic.com\/wp-content\/uploads\/2021\/04\/PZ-logo-4c-705x460.jpg 705w, https:\/\/energiesonic.com\/wp-content\/uploads\/2021\/04\/PZ-logo-4c.jpg 908w\" sizes=\"(max-width: 150px) 100vw, 150px\" \/><br \/>\nPennzoil<\/h3>\n<\/div>\n<p>Pennzoil est un chef de file dans les lubrifiants nettoyants. Les produits Pennzoil transforment tous les moteurs en moteurs autonettoyants. Depuis plus de 100 ans, des gens de partout en Am\u00e9rique du Nord utilisent les produits Pennzoil pour assurer le fonctionnement propre et puissant de leur machinerie pr\u00e9f\u00e9r\u00e9e.<\/p>\n<p><a href=\"http:\/\/www.pennzoil.ca\/fr\" target=\"_blank\" rel=\"noopener\">Lubrifiants Pennzoil<\/a><\/p>\n<h3><img loading=\"lazy\" class=\"alignnone wp-image-3914\" src=\"https:\/\/energiesonic.com\/wp-content\/uploads\/2021\/04\/QS_logo_4c-300x236.jpg\" alt=\"\" width=\"150\" height=\"118\" srcset=\"https:\/\/energiesonic.com\/wp-content\/uploads\/2021\/04\/QS_logo_4c-300x236.jpg 300w, https:\/\/energiesonic.com\/wp-content\/uploads\/2021\/04\/QS_logo_4c-1030x811.jpg 1030w, https:\/\/energiesonic.com\/wp-content\/uploads\/2021\/04\/QS_logo_4c-768x604.jpg 768w, https:\/\/energiesonic.com\/wp-content\/uploads\/2021\/04\/QS_logo_4c-1536x1209.jpg 1536w, https:\/\/energiesonic.com\/wp-content\/uploads\/2021\/04\/QS_logo_4c-16x12.jpg 16w, https:\/\/energiesonic.com\/wp-content\/uploads\/2021\/04\/QS_logo_4c-1500x1181.jpg 1500w, https:\/\/energiesonic.com\/wp-content\/uploads\/2021\/04\/QS_logo_4c-705x555.jpg 705w, https:\/\/energiesonic.com\/wp-content\/uploads\/2021\/04\/QS_logo_4c.jpg 1864w\" sizes=\"(max-width: 150px) 100vw, 150px\" \/><br \/>\nQuaker State<\/h3>\n<p>Quaker State est reconnue pour sa durabilit\u00e9 in\u00e9gal\u00e9e. Avec Quaker State, vous vous approvisionnez en huile moteur qui est si durable, qu\u2019elle satisfait aux normes de l\u2019industrie qui s\u2019appliquent \u00e0 l\u2019huile toute neuve, m\u00eame en fin d\u2019intervalle de vidange. C\u2019est ce qui est appel\u00e9 de l\u2019huile vraiment durable.<\/p>\n<p><a href=\"http:\/\/www.quakerstate.com\/CA\/fr\" target=\"_blank\" rel=\"noopener\">Lubrifiants Quaker State<\/a><\/p>\n<p><strong>Des besoins diff\u00e9rents, une offre adapt\u00e9e :<\/strong><\/p>\n<ul>\n<li>Formats d\u2019emballage vari\u00e9s.<\/li>\n<li>Service de livraison de lubrifiants en vrac.<\/li>\n<\/ul>\n<h2>Information indispensable :<\/h2>\n<p><a href=\"https:\/\/www.shell.ca\/fr_ca\/business-customers\/lubrifiants-pour-les-entreprises.html\" target=\"_blank\" rel=\"noopener\">Lubrifiants Shell<\/a><br \/>\n<a href=\"http:\/\/www.epc.shell.com\/\" target=\"_blank\" rel=\"noopener\">Fiches techniques des produits Shell<br \/>\n<\/a><a href=\"http:\/\/lubematch.shell.com\/ca\/fr\/browse\" target=\"_blank\" rel=\"noopener\">Shell LubeMatch<sup>mc<\/sup><\/a><\/p>\n<p><strong>Service technique Shell : 1-800-661-1771<\/strong><\/p>\n<p><em>* Source : Sondage TLT Tracker et rapports Kline 2009-2010.<\/em><\/p>\n<div class=\"dnd_section_content\">\n<div class=\"dnd_container\">\n<div class=\"dnd_column_dd_span12\"><\/div>\n<\/div>\n<\/div>\n<\/div><\/section><\/div>","protected":false},"excerpt":{"rendered":"","protected":false},"author":1,"featured_media":0,"parent":546,"menu_order":4,"comment_status":"closed","ping_status":"closed","template":"","meta":[],"yoast_head":"<!-- This site is optimized with the Yoast SEO plugin v16.4 - https:\/\/yoast.com\/wordpress\/plugins\/seo\/ -->\n<title>L\u2019utilisation des biocombustibles pour le chauffage - Sonic<\/title>\n<meta name=\"description\" content=\"Apprenez-en plus sur les biocombustibles de type biomasse foresti\u00e8re (ex. : granules) et biomasse agricole (ex. : paille) utilis\u00e9s pour le chauffage!\" \/>\n<meta name=\"robots\" content=\"index, follow, max-snippet:-1, max-image-preview:large, max-video-preview:-1\" \/>\n<link rel=\"canonical\" href=\"https:\/\/energiesonic.com\/en\/produits\/graisses-et-lubrifiants\/shell\/\" \/>\n<meta property=\"og:locale\" content=\"en_US\" \/>\n<meta property=\"og:type\" content=\"article\" \/>\n<meta property=\"og:title\" content=\"L\u2019utilisation des biocombustibles pour le chauffage - Sonic\" \/>\n<meta property=\"og:description\" content=\"Apprenez-en plus sur les biocombustibles de type biomasse foresti\u00e8re (ex. : granules) et biomasse agricole (ex. : paille) utilis\u00e9s pour le chauffage!\" \/>\n<meta property=\"og:url\" content=\"https:\/\/energiesonic.com\/en\/produits\/graisses-et-lubrifiants\/shell\/\" \/>\n<meta property=\"og:site_name\" content=\"\u00c9nergies Sonic\" \/>\n<meta property=\"article:modified_time\" content=\"2021-04-02T16:49:34+00:00\" \/>\n<meta property=\"og:image\" content=\"https:\/\/energiesonic.com\/wp-content\/uploads\/2021\/03\/Shell-Pecten-sans-fond.png\" \/>\n<meta name=\"twitter:card\" content=\"summary_large_image\" \/>\n<meta name=\"twitter:label1\" content=\"Est. reading time\" \/>\n\t<meta name=\"twitter:data1\" content=\"3 minutes\" \/>\n<script type=\"application\/ld+json\" class=\"yoast-schema-graph\">{\"@context\":\"https:\/\/schema.org\",\"@graph\":[{\"@type\":\"WebSite\",\"@id\":\"https:\/\/energiesonic.com\/#website\",\"url\":\"https:\/\/energiesonic.com\/\",\"name\":\"\\u00c9nergies Sonic\",\"description\":\"\",\"potentialAction\":[{\"@type\":\"SearchAction\",\"target\":\"https:\/\/energiesonic.com\/?s={search_term_string}\",\"query-input\":\"required name=search_term_string\"}],\"inLanguage\":\"en-CA\"},{\"@type\":\"ImageObject\",\"@id\":\"https:\/\/energiesonic.com\/produits\/graisses-et-lubrifiants\/shell\/#primaryimage\",\"inLanguage\":\"en-CA\",\"url\":\"https:\/\/energiesonic.com\/wp-content\/uploads\/2021\/03\/Shell-Pecten-sans-fond.png\",\"contentUrl\":\"https:\/\/energiesonic.com\/wp-content\/uploads\/2021\/03\/Shell-Pecten-sans-fond.png\",\"width\":216,\"height\":200},{\"@type\":\"WebPage\",\"@id\":\"https:\/\/energiesonic.com\/produits\/graisses-et-lubrifiants\/shell\/#webpage\",\"url\":\"https:\/\/energiesonic.com\/produits\/graisses-et-lubrifiants\/shell\/\",\"name\":\"L\\u2019utilisation des biocombustibles pour le chauffage - Sonic\",\"isPartOf\":{\"@id\":\"https:\/\/energiesonic.com\/#website\"},\"primaryImageOfPage\":{\"@id\":\"https:\/\/energiesonic.com\/produits\/graisses-et-lubrifiants\/shell\/#primaryimage\"},\"datePublished\":\"2021-04-02T16:29:42+00:00\",\"dateModified\":\"2021-04-02T16:49:34+00:00\",\"description\":\"Apprenez-en plus sur les biocombustibles de type biomasse foresti\\u00e8re (ex. : granules) et biomasse agricole (ex. : paille) utilis\\u00e9s pour le chauffage!\",\"breadcrumb\":{\"@id\":\"https:\/\/energiesonic.com\/produits\/graisses-et-lubrifiants\/shell\/#breadcrumb\"},\"inLanguage\":\"en-CA\",\"potentialAction\":[{\"@type\":\"ReadAction\",\"target\":[\"https:\/\/energiesonic.com\/produits\/graisses-et-lubrifiants\/shell\/\"]}]},{\"@type\":\"BreadcrumbList\",\"@id\":\"https:\/\/energiesonic.com\/produits\/graisses-et-lubrifiants\/shell\/#breadcrumb\",\"itemListElement\":[{\"@type\":\"ListItem\",\"position\":1,\"item\":{\"@type\":\"WebPage\",\"@id\":\"https:\/\/energiesonic.com\/accueil\/\",\"url\":\"https:\/\/energiesonic.com\/accueil\/\",\"name\":\"Accueil\"}},{\"@type\":\"ListItem\",\"position\":2,\"item\":{\"@type\":\"WebPage\",\"@id\":\"https:\/\/energiesonic.com\/produits\/\",\"url\":\"https:\/\/energiesonic.com\/produits\/\",\"name\":\"Produits\"}},{\"@type\":\"ListItem\",\"position\":3,\"item\":{\"@type\":\"WebPage\",\"@id\":\"https:\/\/energiesonic.com\/produits\/graisses-et-lubrifiants\/\",\"url\":\"https:\/\/energiesonic.com\/produits\/graisses-et-lubrifiants\/\",\"name\":\"Graisses et lubrifiants\"}},{\"@type\":\"ListItem\",\"position\":4,\"item\":{\"@id\":\"https:\/\/energiesonic.com\/produits\/graisses-et-lubrifiants\/shell\/#webpage\"}}]}]}<\/script>\n<!-- \/ Yoast SEO plugin. -->","_links":{"self":[{"href":"https:\/\/energiesonic.com\/en\/wp-json\/wp\/v2\/pages\/3908"}],"collection":[{"href":"https:\/\/energiesonic.com\/en\/wp-json\/wp\/v2\/pages"}],"about":[{"href":"https:\/\/energiesonic.com\/en\/wp-json\/wp\/v2\/types\/page"}],"author":[{"embeddable":true,"href":"https:\/\/energiesonic.com\/en\/wp-json\/wp\/v2\/users\/1"}],"replies":[{"embeddable":true,"href":"https:\/\/energiesonic.com\/en\/wp-json\/wp\/v2\/comments?post=3908"}],"version-history":[{"count":4,"href":"https:\/\/energiesonic.com\/en\/wp-json\/wp\/v2\/pages\/3908\/revisions"}],"predecessor-version":[{"id":3944,"href":"https:\/\/energiesonic.com\/en\/wp-json\/wp\/v2\/pages\/3908\/revisions\/3944"}],"up":[{"embeddable":true,"href":"https:\/\/energiesonic.com\/en\/wp-json\/wp\/v2\/pages\/546"}],"wp:attachment":[{"href":"https:\/\/energiesonic.com\/en\/wp-json\/wp\/v2\/media?parent=3908"}],"curies":[{"name":"wp","href":"https:\/\/api.w.org\/{rel}","templated":true}]}}