{"id":3878,"date":"2021-04-02T12:19:47","date_gmt":"2021-04-02T16:19:47","guid":{"rendered":"https:\/\/energiesonic.com\/?page_id=3878"},"modified":"2021-04-29T08:12:22","modified_gmt":"2021-04-29T12:12:22","slug":"flg","status":"publish","type":"page","link":"https:\/\/energiesonic.com\/en\/produits\/graisses-et-lubrifiants\/flg\/","title":{"rendered":"FLG"},"content":{"rendered":"<div class='clear'><\/div><div id='sub_menu1'  class='av-submenu-container main_color  avia-builder-el-0  el_before_av_one_full  avia-builder-el-first  av-sticky-submenu  container_wrap fullsize' style='  z-index:301' ><div class='container av-menu-mobile-disabled'><ul id=\"menu-sousmenuproduit\" class=\"av-subnav-menu av-submenu-pos-center\"><li id=\"menu-item-2599\" class=\"menu-item menu-item-type-post_type menu-item-object-page menu-item-top-level menu-item-top-level-1\"><a href=\"https:\/\/energiesonic.com\/en\/produits\/essence\/\" itemprop=\"url\"><span class=\"avia-bullet\"><\/span><span class=\"avia-menu-text\">Essence<\/span><span class=\"avia-menu-fx\"><span class=\"avia-arrow-wrap\"><span class=\"avia-arrow\"><\/span><\/span><\/span><\/a><\/li>\n<li id=\"menu-item-2600\" class=\"menu-item menu-item-type-post_type menu-item-object-page menu-item-top-level menu-item-top-level-2\"><a href=\"https:\/\/energiesonic.com\/en\/produits\/diesel\/\" itemprop=\"url\"><span class=\"avia-bullet\"><\/span><span class=\"avia-menu-text\">Diesel<\/span><span class=\"avia-menu-fx\"><span class=\"avia-arrow-wrap\"><span class=\"avia-arrow\"><\/span><\/span><\/span><\/a><\/li>\n<li id=\"menu-item-2601\" class=\"menu-item menu-item-type-post_type menu-item-object-page menu-item-top-level menu-item-top-level-3\"><a href=\"https:\/\/energiesonic.com\/en\/produits\/propane\/\" itemprop=\"url\"><span class=\"avia-bullet\"><\/span><span class=\"avia-menu-text\">Propane<\/span><span class=\"avia-menu-fx\"><span class=\"avia-arrow-wrap\"><span class=\"avia-arrow\"><\/span><\/span><\/span><\/a><\/li>\n<li id=\"menu-item-2602\" class=\"menu-item menu-item-type-post_type menu-item-object-page menu-item-has-children menu-item-top-level menu-item-top-level-4\"><a href=\"https:\/\/energiesonic.com\/en\/produits\/auto-propane\/\" itemprop=\"url\"><span class=\"avia-bullet\"><\/span><span class=\"avia-menu-text\">Autopropane<\/span><span class=\"avia-menu-fx\"><span class=\"avia-arrow-wrap\"><span class=\"avia-arrow\"><\/span><\/span><\/span><\/a>\n\n\n<ul class=\"sub-menu\">\n\t<li id=\"menu-item-2603\" class=\"menu-item menu-item-type-post_type menu-item-object-page\"><a href=\"https:\/\/energiesonic.com\/en\/produits\/auto-propane\/lautopropane-et-ses-avantages\/\" itemprop=\"url\"><span class=\"avia-bullet\"><\/span><span class=\"avia-menu-text\">\u00c0 propos<\/span><\/a><\/li>\n\t<li id=\"menu-item-2604\" class=\"menu-item menu-item-type-post_type menu-item-object-page\"><a href=\"https:\/\/energiesonic.com\/en\/produits\/auto-propane\/auto-propane-reseau-de-distribution\/\" itemprop=\"url\"><span class=\"avia-bullet\"><\/span><span class=\"avia-menu-text\">R\u00e9seau de distribution<\/span><\/a><\/li>\n\t<li id=\"menu-item-2605\" class=\"menu-item menu-item-type-post_type menu-item-object-page\"><a href=\"https:\/\/energiesonic.com\/en\/produits\/auto-propane\/auto-propane-temoignages\/\" itemprop=\"url\"><span class=\"avia-bullet\"><\/span><span class=\"avia-menu-text\">T\u00e9moignages<\/span><\/a><\/li>\n\t<li id=\"menu-item-2606\" class=\"menu-item menu-item-type-post_type menu-item-object-page\"><a href=\"https:\/\/energiesonic.com\/en\/produits\/auto-propane\/auto-propane-foire-aux-questions\/\" itemprop=\"url\"><span class=\"avia-bullet\"><\/span><span class=\"avia-menu-text\">Foire aux questions<\/span><\/a><\/li>\n<\/ul>\n<\/li>\n<li id=\"menu-item-2607\" class=\"menu-item menu-item-type-post_type menu-item-object-page menu-item-has-children menu-item-top-level menu-item-top-level-5\"><a href=\"https:\/\/energiesonic.com\/en\/produits\/biomasse\/\" itemprop=\"url\"><span class=\"avia-bullet\"><\/span><span class=\"avia-menu-text\">Biomasse<\/span><span class=\"avia-menu-fx\"><span class=\"avia-arrow-wrap\"><span class=\"avia-arrow\"><\/span><\/span><\/span><\/a>\n\n\n<ul class=\"sub-menu\">\n\t<li id=\"menu-item-4058\" class=\"menu-item menu-item-type-post_type menu-item-object-page\"><a href=\"https:\/\/energiesonic.com\/en\/produits\/biomasse\/biomasse-cest-quoi\/\" itemprop=\"url\"><span class=\"avia-bullet\"><\/span><span class=\"avia-menu-text\">La biomasse, c\u2019est quoi?<\/span><\/a><\/li>\n\t<li id=\"menu-item-4057\" class=\"menu-item menu-item-type-post_type menu-item-object-page\"><a href=\"https:\/\/energiesonic.com\/en\/produits\/biomasse\/biomasse-offre-de-service\/\" itemprop=\"url\"><span class=\"avia-bullet\"><\/span><span class=\"avia-menu-text\">En quoi se distingue l\u2019offre d\u2019\u00c9nergies Sonic ?<\/span><\/a><\/li>\n\t<li id=\"menu-item-4060\" class=\"menu-item menu-item-type-post_type menu-item-object-page\"><a href=\"https:\/\/energiesonic.com\/en\/produits\/biomasse\/biomasse-nos-realisations\/\" itemprop=\"url\"><span class=\"avia-bullet\"><\/span><span class=\"avia-menu-text\">Nos r\u00e9alisations<\/span><\/a><\/li>\n<\/ul>\n<\/li>\n<li id=\"menu-item-2611\" class=\"menu-item menu-item-type-post_type menu-item-object-page menu-item-top-level menu-item-top-level-6\"><a href=\"https:\/\/energiesonic.com\/en\/produits\/mazout\/\" itemprop=\"url\"><span class=\"avia-bullet\"><\/span><span class=\"avia-menu-text\">Mazout<\/span><span class=\"avia-menu-fx\"><span class=\"avia-arrow-wrap\"><span class=\"avia-arrow\"><\/span><\/span><\/span><\/a><\/li>\n<li id=\"menu-item-2612\" class=\"menu-item menu-item-type-post_type menu-item-object-page menu-item-has-children menu-item-top-level menu-item-top-level-7\"><a href=\"https:\/\/energiesonic.com\/en\/produits\/graisses-et-lubrifiants\/\" itemprop=\"url\"><span class=\"avia-bullet\"><\/span><span class=\"avia-menu-text\">Graisses et lubrifiants<\/span><span class=\"avia-menu-fx\"><span class=\"avia-arrow-wrap\"><span class=\"avia-arrow\"><\/span><\/span><\/span><\/a>\n\n\n<ul class=\"sub-menu\">\n\t<li id=\"menu-item-3975\" class=\"menu-item menu-item-type-post_type menu-item-object-page\"><a href=\"https:\/\/energiesonic.com\/en\/produits\/graisses-et-lubrifiants\/flg\/\" itemprop=\"url\"><span class=\"avia-bullet\"><\/span><span class=\"avia-menu-text\">FLG<\/span><\/a><\/li>\n\t<li id=\"menu-item-3969\" class=\"menu-item menu-item-type-post_type menu-item-object-page\"><a href=\"https:\/\/energiesonic.com\/en\/produits\/graisses-et-lubrifiants\/fuchs\/\" itemprop=\"url\"><span class=\"avia-bullet\"><\/span><span class=\"avia-menu-text\">FUCHS<\/span><\/a><\/li>\n\t<li id=\"menu-item-3970\" class=\"menu-item menu-item-type-post_type menu-item-object-page\"><a href=\"https:\/\/energiesonic.com\/en\/produits\/graisses-et-lubrifiants\/irving\/\" itemprop=\"url\"><span class=\"avia-bullet\"><\/span><span class=\"avia-menu-text\">IRVING<\/span><\/a><\/li>\n\t<li id=\"menu-item-3971\" class=\"menu-item menu-item-type-post_type menu-item-object-page\"><a href=\"https:\/\/energiesonic.com\/en\/produits\/graisses-et-lubrifiants\/kluber\/\" itemprop=\"url\"><span class=\"avia-bullet\"><\/span><span class=\"avia-menu-text\">KL\u00dcBER<\/span><\/a><\/li>\n\t<li id=\"menu-item-3973\" class=\"menu-item menu-item-type-post_type menu-item-object-page\"><a href=\"https:\/\/energiesonic.com\/en\/produits\/graisses-et-lubrifiants\/shell\/\" itemprop=\"url\"><span class=\"avia-bullet\"><\/span><span class=\"avia-menu-text\">SHELL<\/span><\/a><\/li>\n\t<li id=\"menu-item-3972\" class=\"menu-item menu-item-type-post_type menu-item-object-page\"><a href=\"https:\/\/energiesonic.com\/en\/produits\/graisses-et-lubrifiants\/summit\/\" itemprop=\"url\"><span class=\"avia-bullet\"><\/span><span class=\"avia-menu-text\">SUMMIT<\/span><\/a><\/li>\n\t<li id=\"menu-item-3974\" class=\"menu-item menu-item-type-post_type menu-item-object-page\"><a href=\"https:\/\/energiesonic.com\/en\/produits\/graisses-et-lubrifiants\/total\/\" itemprop=\"url\"><span class=\"avia-bullet\"><\/span><span class=\"avia-menu-text\">TOTALENERGIES<\/span><\/a><\/li>\n<\/ul>\n<\/li>\n<li id=\"menu-item-2613\" class=\"menu-item menu-item-type-post_type menu-item-object-page menu-item-top-level menu-item-top-level-8\"><a href=\"https:\/\/energiesonic.com\/en\/produits\/fluide-dechappement-diesel-fed\/\" itemprop=\"url\"><span class=\"avia-bullet\"><\/span><span class=\"avia-menu-text\">Fluide d\u2019\u00e9chappement diesel (FED)<\/span><span class=\"avia-menu-fx\"><span class=\"avia-arrow-wrap\"><span class=\"avia-arrow\"><\/span><\/span><\/span><\/a><\/li>\n<li id=\"menu-item-2614\" class=\"menu-item menu-item-type-post_type menu-item-object-page menu-item-has-children menu-item-top-level menu-item-top-level-9\"><a href=\"https:\/\/energiesonic.com\/en\/produits\/equipement\/\" itemprop=\"url\"><span class=\"avia-bullet\"><\/span><span class=\"avia-menu-text\">\u00c9quipement<\/span><span class=\"avia-menu-fx\"><span class=\"avia-arrow-wrap\"><span class=\"avia-arrow\"><\/span><\/span><\/span><\/a>\n\n\n<ul class=\"sub-menu\">\n\t<li id=\"menu-item-2615\" class=\"menu-item menu-item-type-post_type menu-item-object-page\"><a href=\"https:\/\/energiesonic.com\/en\/produits\/equipement\/equipement-vente-dequipement\/\" itemprop=\"url\"><span class=\"avia-bullet\"><\/span><span class=\"avia-menu-text\">Vente d\u2019\u00e9quipement<\/span><\/a><\/li>\n\t<li id=\"menu-item-2616\" class=\"menu-item menu-item-type-post_type menu-item-object-page\"><a href=\"https:\/\/energiesonic.com\/en\/produits\/equipement\/equipement-guides\/\" itemprop=\"url\"><span class=\"avia-bullet\"><\/span><span class=\"avia-menu-text\">Guides<\/span><\/a><\/li>\n<\/ul>\n<\/li>\n<\/ul><\/div><\/div><div class='sticky_placeholder'><\/div><div id='after_submenu'  class='main_color av_default_container_wrap container_wrap fullsize' style=' '  ><div class='container' ><div class='template-page content  av-content-full alpha units'><div class='post-entry post-entry-type-page post-entry-3878'><div class='entry-content-wrapper clearfix'>\n<div class=\"flex_column av_one_full  flex_column_div av-zero-column-padding first  avia-builder-el-1  el_after_av_submenu  avia-builder-el-no-sibling\" style='border-radius:0px; '><section class=\"av_textblock_section\"  itemscope=\"itemscope\" itemtype=\"https:\/\/schema.org\/CreativeWork\" ><div class='avia_textblock'   itemprop=\"text\" ><h2>D\u00e9couvrez la gamme FLG!<\/h2>\n<p><img loading=\"lazy\" class=\"wp-image-3880 alignnone\" src=\"https:\/\/energiesonic.com\/wp-content\/uploads\/2021\/04\/Logo-FLG-Lubrifiants-300x150.png\" alt=\"\" width=\"148\" height=\"74\" \/><\/p>\n<p><strong>\u00c9nergies Sonic est fi\u00e8re de distribuer les lubrifiants FLG.<\/strong><\/p>\n<p>La gamme FLG est compos\u00e9e de lubrifiants de haute performance qui r\u00e9pondent \u00e0 une multitude d&rsquo;applications.<\/p>\n<p><strong>Les avantages et particularit\u00e9s des lubrifiants FLG:\u00a0<\/strong><\/p>\n<table border=\"0\">\n<tbody>\n<tr>\n<td>\n<ul>\n<li>Ils rencontrent et surpassent les\u00a0<strong>normes<\/strong>\u00a0et\u00a0<strong>sp\u00e9cifications<\/strong>\u00a0des manufacturiers.<\/li>\n<\/ul>\n<\/td>\n<\/tr>\n<tr>\n<td>\n<ul>\n<li>Ils sont disponibles dans une grande vari\u00e9t\u00e9 de\u00a0<strong>formats<\/strong>\u00a0et de\u00a0<strong>grades<\/strong>.<\/li>\n<\/ul>\n<\/td>\n<\/tr>\n<tr>\n<td>\n<ul>\n<li>Ils sont offerts \u00e0 des prix\u00a0<strong>tr\u00e8s comp\u00e9titifs<\/strong>.<\/li>\n<\/ul>\n<\/td>\n<\/tr>\n<tr>\n<td>\n<ul>\n<li>Ils sont le r\u00e9sultat d&rsquo;une entente de fabrication d&rsquo;huiles de bases avec des entreprises et p\u00e9troli\u00e8res\u00a0<strong>connues au Canada<\/strong>.<\/li>\n<\/ul>\n<\/td>\n<\/tr>\n<\/tbody>\n<\/table>\n<p>Pour en savoir plus sur les lubrifiants FLG, <a href=\"https:\/\/energiesonic.com\/wp-content\/uploads\/2021\/04\/Fiche-FLG-2.pdf\">cliquez ici<\/a>!<\/p>\n<\/div><\/section><\/div>","protected":false},"excerpt":{"rendered":"","protected":false},"author":1,"featured_media":0,"parent":546,"menu_order":0,"comment_status":"closed","ping_status":"closed","template":"","meta":[],"yoast_head":"<!-- This site is optimized with the Yoast SEO plugin v16.4 - https:\/\/yoast.com\/wordpress\/plugins\/seo\/ -->\n<title>L\u2019utilisation des biocombustibles pour le chauffage - Sonic<\/title>\n<meta name=\"description\" content=\"Apprenez-en plus sur les biocombustibles de type biomasse foresti\u00e8re (ex. : granules) et biomasse agricole (ex. : paille) utilis\u00e9s pour le chauffage!\" \/>\n<meta name=\"robots\" content=\"index, follow, max-snippet:-1, max-image-preview:large, max-video-preview:-1\" \/>\n<link rel=\"canonical\" href=\"https:\/\/energiesonic.com\/en\/produits\/graisses-et-lubrifiants\/flg\/\" \/>\n<meta property=\"og:locale\" content=\"en_US\" \/>\n<meta property=\"og:type\" content=\"article\" \/>\n<meta property=\"og:title\" content=\"L\u2019utilisation des biocombustibles pour le chauffage - Sonic\" \/>\n<meta property=\"og:description\" content=\"Apprenez-en plus sur les biocombustibles de type biomasse foresti\u00e8re (ex. : granules) et biomasse agricole (ex. : paille) utilis\u00e9s pour le chauffage!\" \/>\n<meta property=\"og:url\" content=\"https:\/\/energiesonic.com\/en\/produits\/graisses-et-lubrifiants\/flg\/\" \/>\n<meta property=\"og:site_name\" content=\"\u00c9nergies Sonic\" \/>\n<meta property=\"article:modified_time\" content=\"2021-04-29T12:12:22+00:00\" \/>\n<meta property=\"og:image\" content=\"https:\/\/energiesonic.com\/wp-content\/uploads\/2021\/04\/Logo-FLG-Lubrifiants-300x150.png\" \/>\n<meta name=\"twitter:card\" content=\"summary_large_image\" \/>\n<meta name=\"twitter:label1\" content=\"Est. reading time\" \/>\n\t<meta name=\"twitter:data1\" content=\"2 minutes\" \/>\n<script type=\"application\/ld+json\" class=\"yoast-schema-graph\">{\"@context\":\"https:\/\/schema.org\",\"@graph\":[{\"@type\":\"WebSite\",\"@id\":\"https:\/\/energiesonic.com\/#website\",\"url\":\"https:\/\/energiesonic.com\/\",\"name\":\"\\u00c9nergies Sonic\",\"description\":\"\",\"potentialAction\":[{\"@type\":\"SearchAction\",\"target\":\"https:\/\/energiesonic.com\/?s={search_term_string}\",\"query-input\":\"required name=search_term_string\"}],\"inLanguage\":\"en-CA\"},{\"@type\":\"ImageObject\",\"@id\":\"https:\/\/energiesonic.com\/produits\/graisses-et-lubrifiants\/flg\/#primaryimage\",\"inLanguage\":\"en-CA\",\"url\":\"https:\/\/energiesonic.com\/wp-content\/uploads\/2021\/04\/Logo-FLG-Lubrifiants-300x150.png\",\"contentUrl\":\"https:\/\/energiesonic.com\/wp-content\/uploads\/2021\/04\/Logo-FLG-Lubrifiants-300x150.png\"},{\"@type\":\"WebPage\",\"@id\":\"https:\/\/energiesonic.com\/produits\/graisses-et-lubrifiants\/flg\/#webpage\",\"url\":\"https:\/\/energiesonic.com\/produits\/graisses-et-lubrifiants\/flg\/\",\"name\":\"L\\u2019utilisation des biocombustibles pour le chauffage - Sonic\",\"isPartOf\":{\"@id\":\"https:\/\/energiesonic.com\/#website\"},\"primaryImageOfPage\":{\"@id\":\"https:\/\/energiesonic.com\/produits\/graisses-et-lubrifiants\/flg\/#primaryimage\"},\"datePublished\":\"2021-04-02T16:19:47+00:00\",\"dateModified\":\"2021-04-29T12:12:22+00:00\",\"description\":\"Apprenez-en plus sur les biocombustibles de type biomasse foresti\\u00e8re (ex. : granules) et biomasse agricole (ex. : paille) utilis\\u00e9s pour le chauffage!\",\"breadcrumb\":{\"@id\":\"https:\/\/energiesonic.com\/produits\/graisses-et-lubrifiants\/flg\/#breadcrumb\"},\"inLanguage\":\"en-CA\",\"potentialAction\":[{\"@type\":\"ReadAction\",\"target\":[\"https:\/\/energiesonic.com\/produits\/graisses-et-lubrifiants\/flg\/\"]}]},{\"@type\":\"BreadcrumbList\",\"@id\":\"https:\/\/energiesonic.com\/produits\/graisses-et-lubrifiants\/flg\/#breadcrumb\",\"itemListElement\":[{\"@type\":\"ListItem\",\"position\":1,\"item\":{\"@type\":\"WebPage\",\"@id\":\"https:\/\/energiesonic.com\/accueil\/\",\"url\":\"https:\/\/energiesonic.com\/accueil\/\",\"name\":\"Accueil\"}},{\"@type\":\"ListItem\",\"position\":2,\"item\":{\"@type\":\"WebPage\",\"@id\":\"https:\/\/energiesonic.com\/produits\/\",\"url\":\"https:\/\/energiesonic.com\/produits\/\",\"name\":\"Produits\"}},{\"@type\":\"ListItem\",\"position\":3,\"item\":{\"@type\":\"WebPage\",\"@id\":\"https:\/\/energiesonic.com\/produits\/graisses-et-lubrifiants\/\",\"url\":\"https:\/\/energiesonic.com\/produits\/graisses-et-lubrifiants\/\",\"name\":\"Graisses et lubrifiants\"}},{\"@type\":\"ListItem\",\"position\":4,\"item\":{\"@id\":\"https:\/\/energiesonic.com\/produits\/graisses-et-lubrifiants\/flg\/#webpage\"}}]}]}<\/script>\n<!-- \/ Yoast SEO plugin. -->","_links":{"self":[{"href":"https:\/\/energiesonic.com\/en\/wp-json\/wp\/v2\/pages\/3878"}],"collection":[{"href":"https:\/\/energiesonic.com\/en\/wp-json\/wp\/v2\/pages"}],"about":[{"href":"https:\/\/energiesonic.com\/en\/wp-json\/wp\/v2\/types\/page"}],"author":[{"embeddable":true,"href":"https:\/\/energiesonic.com\/en\/wp-json\/wp\/v2\/users\/1"}],"replies":[{"embeddable":true,"href":"https:\/\/energiesonic.com\/en\/wp-json\/wp\/v2\/comments?post=3878"}],"version-history":[{"count":7,"href":"https:\/\/energiesonic.com\/en\/wp-json\/wp\/v2\/pages\/3878\/revisions"}],"predecessor-version":[{"id":3991,"href":"https:\/\/energiesonic.com\/en\/wp-json\/wp\/v2\/pages\/3878\/revisions\/3991"}],"up":[{"embeddable":true,"href":"https:\/\/energiesonic.com\/en\/wp-json\/wp\/v2\/pages\/546"}],"wp:attachment":[{"href":"https:\/\/energiesonic.com\/en\/wp-json\/wp\/v2\/media?parent=3878"}],"curies":[{"name":"wp","href":"https:\/\/api.w.org\/{rel}","templated":true}]}}