{"id":3167,"date":"2020-05-21T15:16:12","date_gmt":"2020-05-21T19:16:12","guid":{"rendered":"http:\/\/energiesonic.com\/?page_id=3167"},"modified":"2022-02-21T12:18:54","modified_gmt":"2022-02-21T16:18:54","slug":"infolettre","status":"publish","type":"page","link":"https:\/\/energiesonic.com\/en\/nous-joindre\/infolettre\/","title":{"rendered":"Infolettre Sonic Energies"},"content":{"rendered":"<div id='av_section_1'  class='avia-section main_color avia-section-default avia-no-border-styling  avia-bg-style-scroll  avia-builder-el-0  el_before_av_two_third  avia-builder-el-first   container_wrap fullsize' style='background-color: #00703c;  '  ><div class='container' ><main  role=\"main\" itemprop=\"mainContentOfPage\"  class='template-page content  av-content-full alpha units'><div class='post-entry post-entry-type-page post-entry-3167'><div class='entry-content-wrapper clearfix'>\n<article  class=\"iconbox iconbox_left    avia-builder-el-1  el_before_av_heading  avia-builder-el-first\"  itemscope=\"itemscope\" itemtype=\"https:\/\/schema.org\/CreativeWork\" ><div class=\"iconbox_content\"><header class=\"entry-content-header\"><div class=\"iconbox_icon heading-color\" aria-hidden='true' data-av_icon='\ue805' data-av_iconfont='entypo-fontello'  style='color:#ffffff; ' ><\/div><h3 class='iconbox_content_title'  itemprop=\"headline\"   style='color:#ffffff; '>Abonnez-vous \u00e0 notre infolettre<\/h3><\/header><div class='iconbox_content_container'  itemprop=\"text\"  ><\/div><\/div><footer class=\"entry-footer\"><\/footer><\/article>\n<div  style='padding-bottom:10px; color:#ffffff;' class='av-special-heading av-special-heading-h5 custom-color-heading blockquote modern-quote  avia-builder-el-2  el_after_av_icon_box  avia-builder-el-last'><h5 class='av-special-heading-tag'  itemprop=\"headline\"  >Recevez les derni\u00e8res nouvelles concernant les promotions, les offres, les concours et les activit\u00e9s de Sonic \u00c9nergies ! <\/h5><div class='special-heading-border'><div class='special-heading-inner-border' style='border-color:#ffffff'><\/div><\/div><\/div>\n<\/div><\/div><\/main><!-- close content main element --><\/div><\/div><div id='after_section_1'  class='main_color av_default_container_wrap container_wrap fullsize' style=' '  ><div class='container' ><div class='template-page content  av-content-full alpha units'><div class='post-entry post-entry-type-page post-entry-3167'><div class='entry-content-wrapper clearfix'><div class=\"flex_column av_two_third  flex_column_div av-zero-column-padding first  avia-builder-el-3  el_after_av_section  avia-builder-el-no-sibling\" style='margin-top:0px; margin-bottom:0px; border-radius:0px; '><section class=\"av_textblock_section\"  itemscope=\"itemscope\" itemtype=\"https:\/\/schema.org\/CreativeWork\" ><div class='avia_textblock'   itemprop=\"text\" ><script type=\"text\/javascript\">var gform;gform||(document.addEventListener(\"gform_main_scripts_loaded\",function(){gform.scriptsLoaded=!0}),window.addEventListener(\"DOMContentLoaded\",function(){gform.domLoaded=!0}),gform={domLoaded:!1,scriptsLoaded:!1,initializeOnLoaded:function(o){gform.domLoaded&&gform.scriptsLoaded?o():!gform.domLoaded&&gform.scriptsLoaded?window.addEventListener(\"DOMContentLoaded\",o):document.addEventListener(\"gform_main_scripts_loaded\",o)},hooks:{action:{},filter:{}},addAction:function(o,n,r,t){gform.addHook(\"action\",o,n,r,t)},addFilter:function(o,n,r,t){gform.addHook(\"filter\",o,n,r,t)},doAction:function(o){gform.doHook(\"action\",o,arguments)},applyFilters:function(o){return gform.doHook(\"filter\",o,arguments)},removeAction:function(o,n){gform.removeHook(\"action\",o,n)},removeFilter:function(o,n,r){gform.removeHook(\"filter\",o,n,r)},addHook:function(o,n,r,t,i){null==gform.hooks[o][n]&&(gform.hooks[o][n]=[]);var e=gform.hooks[o][n];null==i&&(i=n+\"_\"+e.length),gform.hooks[o][n].push({tag:i,callable:r,priority:t=null==t?10:t})},doHook:function(n,o,r){var t;if(r=Array.prototype.slice.call(r,1),null!=gform.hooks[n][o]&&((o=gform.hooks[n][o]).sort(function(o,n){return o.priority-n.priority}),o.forEach(function(o){\"function\"!=typeof(t=o.callable)&&(t=window[t]),\"action\"==n?t.apply(null,r):r[0]=t.apply(null,r)})),\"filter\"==n)return r[0]},removeHook:function(o,n,t,i){var r;null!=gform.hooks[o][n]&&(r=(r=gform.hooks[o][n]).filter(function(o,n,r){return!!(null!=i&&i!=o.tag||null!=t&&t!=o.priority)}),gform.hooks[o][n]=r)}});<\/script>\n                <div class='gf_browser_gecko gform_wrapper gform_legacy_markup_wrapper' id='gform_wrapper_7' style='display:none'><div id='gf_7' class='gform_anchor' tabindex='-1'><\/div><form method='post' enctype='multipart\/form-data' target='gform_ajax_frame_7' id='gform_7'  action='\/en\/wp-json\/wp\/v2\/pages\/3167#gf_7' novalidate data-trp-original-action=\"\/en\/wp-json\/wp\/v2\/pages\/3167#gf_7\">\n                        <div class='gform_body gform-body'><ul id='gform_fields_7' class='gform_fields top_label form_sublabel_below description_below'><li id=\"field_7_2\" class=\"gfield gfield_contains_required field_sublabel_above field_description_above hidden_label gfield_visibility_visible\" ><label class='gfield_label gfield_label_before_complex'  >Pr\u00e9nom<span class=\"gfield_required\"><span class=\"gfield_required gfield_required_asterisk\">*<\/span><\/span><\/label><div class='ginput_complex ginput_container no_prefix has_first_name no_middle_name no_last_name no_suffix gf_name_has_1 ginput_container_name' id='input_7_2'>\n                            \n                            <span id='input_7_2_3_container' class='name_first' >\n                                                    <label for='input_7_2_3' >First<\/label>\n                                                    <input type='text' name='input_2.3' id='input_7_2_3' value=''   aria-required='true'     \/>\n                                                <\/span>\n                            \n                            \n                            \n                        <\/div><\/li><li id=\"field_7_3\" class=\"gfield gfield_contains_required field_sublabel_above field_description_above hidden_label gfield_visibility_visible\" ><label class='gfield_label gfield_label_before_complex'  >Name<span class=\"gfield_required\"><span class=\"gfield_required gfield_required_asterisk\">*<\/span><\/span><\/label><div class='ginput_complex ginput_container no_prefix no_first_name no_middle_name has_last_name no_suffix gf_name_has_1 ginput_container_name' id='input_7_3'>\n                            \n                            \n                            \n                            <span id='input_7_3_6_container' class='name_last' >\n                                                            <label for='input_7_3_6' >Last<\/label>\n                                                            <input type='text' name='input_3.6' id='input_7_3_6' value=''   aria-required='true'     \/>\n                                                        <\/span>\n                            \n                        <\/div><\/li><li id=\"field_7_4\" class=\"gfield field_sublabel_below field_description_below gfield_visibility_visible\" ><label class='gfield_label' for='input_7_4' >T\u00e9l\u00e9phone<\/label><div class='ginput_container ginput_container_phone'><input name='input_4' id='input_7_4' type='tel' value='' class='medium'    aria-invalid=\"false\"   \/><\/div><\/li><li id=\"field_7_5\" class=\"gfield gfield_contains_required field_sublabel_below field_description_below gfield_visibility_visible\" ><label class='gfield_label' for='input_7_5' >Courriel<span class=\"gfield_required\"><span class=\"gfield_required gfield_required_asterisk\">*<\/span><\/span><\/label><div class='ginput_container ginput_container_email'>\n                            <input name='input_5' id='input_7_5' type='email' value='' class='medium'    aria-required=\"true\" aria-invalid=\"false\"  \/>\n                        <\/div><\/li><li id=\"field_7_15\" class=\"gfield gfield_html gfield_html_formatted gfield_no_follows_desc field_sublabel_below field_description_below gfield_visibility_visible\" ><li class=\"gfield TypeClient field_sublabel_below field_description_below gfield_visibility_visible\"><label class=\"gfield_label\">Je souhaite recevoir les infolettres concernant :<\/label><\/li>\n\n<script>\njQuery(document).ready(function () {\n\tvar LesTags = \"\";\n\tjQuery(\".TypeClient input:checked\").each(function () {\n\t\n\t});\n\t\n\tjQuery('input#input_6_11').attr('title', 'Tags_TypeClient_Promotions');\n\tjQuery('input#input_6_17').attr('title', 'Tags_TypeClient_Offres');\n\tjQuery('input#input_6_18').attr('title', 'Tags_TypeClient_Nouvelles');\n\tjQuery('input#input_6_19').attr('title', 'Tags_TypeClient_Concours');\n\n    jQuery(\".TypeClient input\").on('click',function(e){\n\t\tvar Value = \"\";\n\t\tvar Tags = \"\";\n\t\tjQuery(\".TypeClient input:checked\").each(function () {\n\t\t\tValue = jQuery(this).val();\n\t\t\tTags = \"Tags_\" + Value;\n\t\t\tjQuery('input[title=' + Tags + ']').val(Value);\n\t\t});\n\t\tconsole.log(jQuery('input[title=\"Tags_TypeClient_Promotions\"]').val());\n\t\tconsole.log(jQuery('input[title=\"Tags_TypeClient_Offres\"]').val());\n\t\tconsole.log(jQuery('input[title=\"Tags_TypeClient_Nouvelles\"]').val());\n\t\tconsole.log(jQuery('input[title=\"Tags_TypeClient_Concours\"]').val());\n    });\n});\n\n<\/script>\n<\/li><li id=\"field_7_7\" class=\"gfield TypeClient field_sublabel_below field_description_below hidden_label gfield_visibility_visible\" ><label class='gfield_label gfield_label_before_complex'  >TypeClient_Promotions<\/label><div class='ginput_container ginput_container_checkbox'><ul class='gfield_checkbox' id='input_7_7'><li class='gchoice gchoice_7_7_1'>\n\t\t\t\t\t\t\t\t<input class='gfield-choice-input' name='input_7.1' type='checkbox'  value='&lt;i class=&quot;fa fa-bullhorn&quot; aria-hidden=&quot;true&quot; style=&quot;color:#a81010&quot;&gt;&lt;\/i&gt;\u00a0\u00a0Les promotions'  id='choice_7_7_1'   \/>\n\t\t\t\t\t\t\t\t<label for='choice_7_7_1' id='label_7_7_1'><i class=\"fa fa-bullhorn\" aria-hidden=\"true\" style=\"color:#a81010\"><\/i>\u00a0\u00a0Les promotions<\/label>\n\t\t\t\t\t\t\t<\/li><\/ul><\/div><\/li><li id=\"field_7_11\" class=\"gfield gform_hidden field_sublabel_below field_description_below gfield_visibility_visible\" ><div class='ginput_container ginput_container_text'><input name='input_11' id='input_7_11' type='hidden' class='gform_hidden'  aria-invalid=\"false\" value='TypeClient_Promotions' \/><\/div><\/li><li id=\"field_7_14\" class=\"gfield TypeClient field_sublabel_below field_description_below hidden_label gfield_visibility_visible\" ><label class='gfield_label gfield_label_before_complex'  >TypeClient_Offres<\/label><div class='ginput_container ginput_container_checkbox'><ul class='gfield_checkbox' id='input_7_14'><li class='gchoice gchoice_7_14_1'>\n\t\t\t\t\t\t\t\t<input class='gfield-choice-input' name='input_14.1' type='checkbox'  value='&lt;i class=&quot;fa fa-gift&quot; aria-hidden=&quot;true&quot; style=&quot;color:#a81010&quot;&gt;&lt;\/i&gt;\u00a0\u00a0Les offres'  id='choice_7_14_1'   \/>\n\t\t\t\t\t\t\t\t<label for='choice_7_14_1' id='label_7_14_1'><i class=\"fa fa-gift\" aria-hidden=\"true\" style=\"color:#a81010\"><\/i>\u00a0\u00a0Les offres<\/label>\n\t\t\t\t\t\t\t<\/li><\/ul><\/div><\/li><li id=\"field_7_17\" class=\"gfield gform_hidden field_sublabel_below field_description_below gfield_visibility_visible\" ><div class='ginput_container ginput_container_text'><input name='input_17' id='input_7_17' type='hidden' class='gform_hidden'  aria-invalid=\"false\" value='TypeClient_Offres' \/><\/div><\/li><li id=\"field_7_13\" class=\"gfield TypeClient field_sublabel_below field_description_below hidden_label gfield_visibility_visible\" ><label class='gfield_label gfield_label_before_complex'  >TypeClient_Nouvelles<\/label><div class='ginput_container ginput_container_checkbox'><ul class='gfield_checkbox' id='input_7_13'><li class='gchoice gchoice_7_13_1'>\n\t\t\t\t\t\t\t\t<input class='gfield-choice-input' name='input_13.1' type='checkbox'  value='&lt;i class=&quot;fa fa-newspaper-o&quot; aria-hidden=&quot;true&quot; style=&quot;color:#a81010&quot;&gt;&lt;\/i&gt;\u00a0\u00a0Les nouvelles'  id='choice_7_13_1'   \/>\n\t\t\t\t\t\t\t\t<label for='choice_7_13_1' id='label_7_13_1'><i class=\"fa fa-newspaper-o\" aria-hidden=\"true\" style=\"color:#a81010\"><\/i>\u00a0\u00a0Les nouvelles<\/label>\n\t\t\t\t\t\t\t<\/li><\/ul><\/div><\/li><li id=\"field_7_18\" class=\"gfield gform_hidden field_sublabel_below field_description_below gfield_visibility_visible\" ><div class='ginput_container ginput_container_text'><input name='input_18' id='input_7_18' type='hidden' class='gform_hidden'  aria-invalid=\"false\" value='TypeClient_Nouvelles' \/><\/div><\/li><li id=\"field_7_16\" class=\"gfield TypeClient field_sublabel_below field_description_below hidden_label gfield_visibility_visible\" ><label class='gfield_label gfield_label_before_complex'  >TypeClient_Concours<\/label><div class='ginput_container ginput_container_checkbox'><ul class='gfield_checkbox' id='input_7_16'><li class='gchoice gchoice_7_16_1'>\n\t\t\t\t\t\t\t\t<input class='gfield-choice-input' name='input_16.1' type='checkbox'  value='&lt;i class=&quot;fa fa-star&quot; aria-hidden=&quot;true&quot; style=&quot;color:#a81010&quot;&gt;&lt;\/i&gt;\u00a0\u00a0Les concours'  id='choice_7_16_1'   \/>\n\t\t\t\t\t\t\t\t<label for='choice_7_16_1' id='label_7_16_1'><i class=\"fa fa-star\" aria-hidden=\"true\" style=\"color:#a81010\"><\/i>\u00a0\u00a0Les concours<\/label>\n\t\t\t\t\t\t\t<\/li><\/ul><\/div><\/li><li id=\"field_7_19\" class=\"gfield gform_hidden field_sublabel_below field_description_below gfield_visibility_visible\" ><div class='ginput_container ginput_container_text'><input name='input_19' id='input_7_19' type='hidden' class='gform_hidden'  aria-invalid=\"false\" value='TypeClient_Concours' \/><\/div><\/li><li id=\"field_7_8\" class=\"gfield gfield_contains_required field_sublabel_below field_description_below gfield_visibility_visible\" ><label class='gfield_label'  >Type de client<span class=\"gfield_required\"><span class=\"gfield_required gfield_required_asterisk\">*<\/span><\/span><\/label><div class='ginput_container ginput_container_radio'><ul class='gfield_radio' id='input_7_8'>\n\t\t\t<li class='gchoice gchoice_7_8_0'>\n\t\t\t\t<input name='input_8' type='radio' value='Residentiel' checked='checked' id='choice_7_8_0'    \/>\n\t\t\t\t<label for='choice_7_8_0' id='label_7_8_0'><i class=\"fa fa-home\" aria-hidden=\"true\" style=\"color:#a81010\"><\/i>\u00a0\u00a0R\u00e9sidentiel<\/label>\n\t\t\t<\/li>\n\t\t\t<li class='gchoice gchoice_7_8_1'>\n\t\t\t\t<input name='input_8' type='radio' value='Commercial'  id='choice_7_8_1'    \/>\n\t\t\t\t<label for='choice_7_8_1' id='label_7_8_1'><i class=\"fa fa-building-o\" aria-hidden=\"true\" style=\"color:#a81010\"><\/i>\u00a0\u00a0Commercial<\/label>\n\t\t\t<\/li><\/ul><\/div><\/li><li id=\"field_7_21\" class=\"gfield gfield--width-full field_sublabel_below field_description_below gfield_visibility_visible\" ><label class='gfield_label'  >Secteur d&#039;activit\u00e9s<\/label><div class='ginput_container ginput_container_radio'><ul class='gfield_radio' id='input_7_21'>\n\t\t\t<li class='gchoice gchoice_7_21_0'>\n\t\t\t\t<input name='input_21' type='radio' value='Agriculture'  id='choice_7_21_0'    \/>\n\t\t\t\t<label for='choice_7_21_0' id='label_7_21_0'>Agriculture<\/label>\n\t\t\t<\/li>\n\t\t\t<li class='gchoice gchoice_7_21_1'>\n\t\t\t\t<input name='input_21' type='radio' value='Transport'  id='choice_7_21_1'    \/>\n\t\t\t\t<label for='choice_7_21_1' id='label_7_21_1'>Transport<\/label>\n\t\t\t<\/li>\n\t\t\t<li class='gchoice gchoice_7_21_2'>\n\t\t\t\t<input name='input_21' type='radio' value='Industrie'  id='choice_7_21_2'    \/>\n\t\t\t\t<label for='choice_7_21_2' id='label_7_21_2'>Industrie<\/label>\n\t\t\t<\/li>\n\t\t\t<li class='gchoice gchoice_7_21_3'>\n\t\t\t\t<input name='input_21' type='radio' value='Excavation\/Construction'  id='choice_7_21_3'    \/>\n\t\t\t\t<label for='choice_7_21_3' id='label_7_21_3'>Excavation\/Construction<\/label>\n\t\t\t<\/li><\/ul><\/div><\/li><li id=\"field_7_20\" class=\"gfield gfield--width-full field_sublabel_below field_description_below gfield_visibility_visible\" ><label class='gfield_label gfield_label_before_complex'  >Produits<\/label><div class='ginput_container ginput_container_checkbox'><ul class='gfield_checkbox' id='input_7_20'><li class='gchoice gchoice_7_20_1'>\n\t\t\t\t\t\t\t\t<input class='gfield-choice-input' name='input_20.1' type='checkbox'  value='Carburants'  id='choice_7_20_1'   \/>\n\t\t\t\t\t\t\t\t<label for='choice_7_20_1' id='label_7_20_1'>Carburants<\/label>\n\t\t\t\t\t\t\t<\/li><li class='gchoice gchoice_7_20_2'>\n\t\t\t\t\t\t\t\t<input class='gfield-choice-input' name='input_20.2' type='checkbox'  value='Propane'  id='choice_7_20_2'   \/>\n\t\t\t\t\t\t\t\t<label for='choice_7_20_2' id='label_7_20_2'>Propane<\/label>\n\t\t\t\t\t\t\t<\/li><li class='gchoice gchoice_7_20_3'>\n\t\t\t\t\t\t\t\t<input class='gfield-choice-input' name='input_20.3' type='checkbox'  value='Lubrifiants'  id='choice_7_20_3'   \/>\n\t\t\t\t\t\t\t\t<label for='choice_7_20_3' id='label_7_20_3'>Lubrifiants<\/label>\n\t\t\t\t\t\t\t<\/li><\/ul><\/div><\/li><li id=\"field_7_9\" class=\"gfield gform_hidden field_sublabel_below field_description_below gfield_visibility_visible\" ><div class='ginput_container ginput_container_text'><input name='input_9' id='input_7_9' type='hidden' class='gform_hidden'  aria-invalid=\"false\" value='https:\/\/energiesonic.com' \/><\/div><\/li><li id=\"field_7_6\" class=\"gfield gfield_contains_required field_sublabel_below field_description_below gfield_visibility_visible\" ><div class='ginput_container ginput_container_checkbox'><ul class='gfield_checkbox' id='input_7_6'><li class='gchoice_7_6'>\n                        <input name='input_6' type='checkbox' value='1' checked='checked' id='choice_7_6'   \/>\n                        <label for='choice_7_6' id='label_7_6'>Je confirme vouloir m'abonner \u00e0 l'infolettre<\/label>\n                    <\/li><\/ul><\/div><\/li><\/ul><\/div>\n        <div class='gform_footer top_label'> <input type='submit' id='gform_submit_button_7' class='gform_button button' value='Send'  onclick='if(window[\"gf_submitting_7\"]){return false;}  if( !jQuery(\"#gform_7\")[0].checkValidity || jQuery(\"#gform_7\")[0].checkValidity()){window[\"gf_submitting_7\"]=true;}  ' onkeypress='if( event.keyCode == 13 ){ if(window[\"gf_submitting_7\"]){return false;} if( !jQuery(\"#gform_7\")[0].checkValidity || jQuery(\"#gform_7\")[0].checkValidity()){window[\"gf_submitting_7\"]=true;}  jQuery(\"#gform_7\").trigger(\"submit\",[true]); }' \/> <input type='hidden' name='gform_ajax' value='form_id=7&amp;title=&amp;description=&amp;tabindex=0' \/>\n            <input type='hidden' class='gform_hidden' name='is_submit_7' value='1' \/>\n            <input type='hidden' class='gform_hidden' name='gform_submit' value='7' \/>\n            \n            <input type='hidden' class='gform_hidden' name='gform_unique_id' value='' \/>\n            <input type='hidden' class='gform_hidden' name='state_7' value='WyJ7XCIyMVwiOltcImZhMmU2MDViYmFhNDlmNjczMTlkM2UxNWNmMTQ5YzdkXCIsXCIyMzlhY2UzM2NjNGQ4NTZiMzVlNjZmNTMxMjYyNzY4M1wiLFwiYWFjYWYxZDFmYzBmNjA1NjIyZWMxOTg0NDYyOWU4M2ZcIixcIjhkOTY1MGM1NGFmNzhiOWYwMzA1YjdjNzgwODVhNDFjXCJdfSIsImMxYjcyNzU1ZWIzZjk4MWNkNGUwOTMwMjM2YWZhNjIwIl0=' \/>\n            <input type='hidden' class='gform_hidden' name='gform_target_page_number_7' id='gform_target_page_number_7' value='0' \/>\n            <input type='hidden' class='gform_hidden' name='gform_source_page_number_7' id='gform_source_page_number_7' value='1' \/>\n            <input type='hidden' name='gform_field_values' value='' \/>\n            \n        <\/div>\n                        <input type=\"hidden\" name=\"trp-form-language\" value=\"en\"\/><\/form>\n                        <\/div>\n                <iframe style='display:none;width:0px;height:0px;' src='about:blank' name='gform_ajax_frame_7' id='gform_ajax_frame_7' title='This iframe contains the logic required to handle Ajax powered Gravity Forms.'><\/iframe>\n                <script type=\"text\/javascript\">\ngform.initializeOnLoaded( function() {gformInitSpinner( 7, 'https:\/\/energiesonic.com\/wp-content\/plugins\/gravityforms\/images\/spinner.svg' );jQuery('#gform_ajax_frame_7').on('load',function(){var contents = jQuery(this).contents().find('*').html();var is_postback = contents.indexOf('GF_AJAX_POSTBACK') >= 0;if(!is_postback){return;}var form_content = jQuery(this).contents().find('#gform_wrapper_7');var is_confirmation = jQuery(this).contents().find('#gform_confirmation_wrapper_7').length > 0;var is_redirect = contents.indexOf('gformRedirect(){') >= 0;var is_form = form_content.length > 0 && ! is_redirect && ! is_confirmation;var mt = parseInt(jQuery('html').css('margin-top'), 10) + parseInt(jQuery('body').css('margin-top'), 10) + 100;if(is_form){jQuery('#gform_wrapper_7').html(form_content.html());if(form_content.hasClass('gform_validation_error')){jQuery('#gform_wrapper_7').addClass('gform_validation_error');} else {jQuery('#gform_wrapper_7').removeClass('gform_validation_error');}setTimeout( function() { \/* delay the scroll by 50 milliseconds to fix a bug in chrome *\/ jQuery(document).scrollTop(jQuery('#gform_wrapper_7').offset().top - mt); }, 50 );if(window['gformInitDatepicker']) {gformInitDatepicker();}if(window['gformInitPriceFields']) {gformInitPriceFields();}var current_page = jQuery('#gform_source_page_number_7').val();gformInitSpinner( 7, 'https:\/\/energiesonic.com\/wp-content\/plugins\/gravityforms\/images\/spinner.svg' );jQuery(document).trigger('gform_page_loaded', [7, current_page]);window['gf_submitting_7'] = false;}else if(!is_redirect){var confirmation_content = jQuery(this).contents().find('.GF_AJAX_POSTBACK').html();if(!confirmation_content){confirmation_content = contents;}setTimeout(function(){jQuery('#gform_wrapper_7').replaceWith(confirmation_content);jQuery(document).scrollTop(jQuery('#gf_7').offset().top - mt);jQuery(document).trigger('gform_confirmation_loaded', [7]);window['gf_submitting_7'] = false;wp.a11y.speak(jQuery('#gform_confirmation_message_7').text());}, 50);}else{jQuery('#gform_7').append(contents);if(window['gformRedirect']) {gformRedirect();}}jQuery(document).trigger('gform_post_render', [7, current_page]);} );} );\n<\/script>\n\n<\/div><\/section><\/div><\/p>","protected":false},"excerpt":{"rendered":"","protected":false},"author":1,"featured_media":0,"parent":678,"menu_order":0,"comment_status":"closed","ping_status":"closed","template":"","meta":[],"yoast_head":"<!-- This site is optimized with the Yoast SEO plugin v16.4 - https:\/\/yoast.com\/wordpress\/plugins\/seo\/ -->\n<title>Infolettre Sonic Energies - \u00c9nergies Sonic<\/title>\n<meta name=\"robots\" content=\"index, follow, max-snippet:-1, max-image-preview:large, max-video-preview:-1\" \/>\n<link rel=\"canonical\" href=\"https:\/\/energiesonic.com\/en\/nous-joindre\/infolettre\/\" \/>\n<meta property=\"og:locale\" content=\"en_US\" \/>\n<meta property=\"og:type\" content=\"article\" \/>\n<meta property=\"og:title\" content=\"Infolettre Sonic Energies - \u00c9nergies Sonic\" \/>\n<meta property=\"og:url\" content=\"https:\/\/energiesonic.com\/en\/nous-joindre\/infolettre\/\" \/>\n<meta property=\"og:site_name\" content=\"\u00c9nergies Sonic\" \/>\n<meta property=\"article:modified_time\" content=\"2022-02-21T16:18:54+00:00\" \/>\n<meta name=\"twitter:card\" content=\"summary_large_image\" \/>\n<meta name=\"twitter:label1\" content=\"Est. reading time\" \/>\n\t<meta name=\"twitter:data1\" content=\"1 minute\" \/>\n<script type=\"application\/ld+json\" class=\"yoast-schema-graph\">{\"@context\":\"https:\/\/schema.org\",\"@graph\":[{\"@type\":\"WebSite\",\"@id\":\"https:\/\/energiesonic.com\/#website\",\"url\":\"https:\/\/energiesonic.com\/\",\"name\":\"\\u00c9nergies Sonic\",\"description\":\"\",\"potentialAction\":[{\"@type\":\"SearchAction\",\"target\":\"https:\/\/energiesonic.com\/?s={search_term_string}\",\"query-input\":\"required name=search_term_string\"}],\"inLanguage\":\"en-CA\"},{\"@type\":\"WebPage\",\"@id\":\"https:\/\/energiesonic.com\/nous-joindre\/infolettre\/#webpage\",\"url\":\"https:\/\/energiesonic.com\/nous-joindre\/infolettre\/\",\"name\":\"Infolettre Sonic Energies - \\u00c9nergies Sonic\",\"isPartOf\":{\"@id\":\"https:\/\/energiesonic.com\/#website\"},\"datePublished\":\"2020-05-21T19:16:12+00:00\",\"dateModified\":\"2022-02-21T16:18:54+00:00\",\"breadcrumb\":{\"@id\":\"https:\/\/energiesonic.com\/nous-joindre\/infolettre\/#breadcrumb\"},\"inLanguage\":\"en-CA\",\"potentialAction\":[{\"@type\":\"ReadAction\",\"target\":[\"https:\/\/energiesonic.com\/nous-joindre\/infolettre\/\"]}]},{\"@type\":\"BreadcrumbList\",\"@id\":\"https:\/\/energiesonic.com\/nous-joindre\/infolettre\/#breadcrumb\",\"itemListElement\":[{\"@type\":\"ListItem\",\"position\":1,\"item\":{\"@type\":\"WebPage\",\"@id\":\"https:\/\/energiesonic.com\/accueil\/\",\"url\":\"https:\/\/energiesonic.com\/accueil\/\",\"name\":\"Accueil\"}},{\"@type\":\"ListItem\",\"position\":2,\"item\":{\"@type\":\"WebPage\",\"@id\":\"https:\/\/energiesonic.com\/nous-joindre\/\",\"url\":\"https:\/\/energiesonic.com\/nous-joindre\/\",\"name\":\"Nous-joindre\"}},{\"@type\":\"ListItem\",\"position\":3,\"item\":{\"@id\":\"https:\/\/energiesonic.com\/nous-joindre\/infolettre\/#webpage\"}}]}]}<\/script>\n<!-- \/ Yoast SEO plugin. -->","_links":{"self":[{"href":"https:\/\/energiesonic.com\/en\/wp-json\/wp\/v2\/pages\/3167"}],"collection":[{"href":"https:\/\/energiesonic.com\/en\/wp-json\/wp\/v2\/pages"}],"about":[{"href":"https:\/\/energiesonic.com\/en\/wp-json\/wp\/v2\/types\/page"}],"author":[{"embeddable":true,"href":"https:\/\/energiesonic.com\/en\/wp-json\/wp\/v2\/users\/1"}],"replies":[{"embeddable":true,"href":"https:\/\/energiesonic.com\/en\/wp-json\/wp\/v2\/comments?post=3167"}],"version-history":[{"count":29,"href":"https:\/\/energiesonic.com\/en\/wp-json\/wp\/v2\/pages\/3167\/revisions"}],"predecessor-version":[{"id":5507,"href":"https:\/\/energiesonic.com\/en\/wp-json\/wp\/v2\/pages\/3167\/revisions\/5507"}],"up":[{"embeddable":true,"href":"https:\/\/energiesonic.com\/en\/wp-json\/wp\/v2\/pages\/678"}],"wp:attachment":[{"href":"https:\/\/energiesonic.com\/en\/wp-json\/wp\/v2\/media?parent=3167"}],"curies":[{"name":"wp","href":"https:\/\/api.w.org\/{rel}","templated":true}]}}