{"id":2591,"date":"2019-12-30T15:43:52","date_gmt":"2019-12-30T19:43:52","guid":{"rendered":"http:\/\/energiesonic.com\/?page_id=2591"},"modified":"2025-04-08T13:12:41","modified_gmt":"2025-04-08T17:12:41","slug":"politique-de-confidentialite","status":"publish","type":"page","link":"https:\/\/energiesonic.com\/en\/politique-de-confidentialite\/","title":{"rendered":"Privacy policy"},"content":{"rendered":"<section class=\"av_textblock_section\"  itemscope=\"itemscope\" itemtype=\"https:\/\/schema.org\/CreativeWork\" ><div class='avia_textblock'   itemprop=\"text\" ><p>Sonic respecte votre vie priv\u00e9e. Nous nous engageons ainsi \u00e0 prot\u00e9ger les informations personnelles de nos utilisateurs. Nous avons adopt\u00e9 cette politique de confidentialit\u00e9 (la \u00ab Politique \u00bb) afin d\u2019\u00eatre transparents quant aux donn\u00e9es que nous recueillons, les raisons pour lesquelles nous les recueillons, avec qui nous les partageons, comment vous pouvez y acc\u00e9der et comment les corriger, au besoin. Dans cette politique, les termes \u00ab \u00c9nergies Sonic inc. \u00bb, \u00ab nous \u00bb, \u00ab notre \u00bb et \u00ab nos \u00bb font r\u00e9f\u00e9rence \u00e0 Sonic.<\/p>\n<p>Nous reconnaissons notre obligation de g\u00e9rer vos donn\u00e9es de mani\u00e8re responsable. Nous ne vendons pas et ne vendrons pas vos donn\u00e9es \u00e0 des tiers.<\/p>\n<p>Cette politique s&rsquo;applique \u00e0 l&rsquo;utilisation du site Web <a href=\"https:\/\/energiesonic.com\/en\/\">https:\/\/energiesonic.com\/<\/a>. Veuillez la lire attentivement afin de comprendre \u00e0 quel moment vous nous fournissez vos donn\u00e9es et comment nous les utilisons. <strong>En utilisant notre site Web, vous acceptez l&rsquo;utilisation de vos informations personnelles telle que d\u00e9crite dans la pr\u00e9sente Politique.<\/strong><\/p>\n<p>Afin de rendre cette Politique aussi claire que possible, nous avons d\u00e9termin\u00e9 les occasions o\u00f9 un utilisateur pourrait potentiellement partager des informations personnelles avec nous. La Politique est donc divis\u00e9e comme suit :<\/p>\n<ul>\n<li>En apprendre plus sur l&rsquo;organisation<\/li>\n<li>Postuler \u00e0 une offre d&#8217;emploi affich\u00e9e sur le site Web<\/li>\n<li>Contacter le service \u00e0 la client\u00e8le<\/li>\n<\/ul>\n<p>Les informations recueillies \u00e0 travers ces diff\u00e9rentes sections seront vues plus en d\u00e9tail dans cette Politique. Des informations telles que comment vos informations personnelles sont utilis\u00e9es, comment et quand elles pourraient \u00eatre partag\u00e9es, comment vous pouvez y acc\u00e9der et les contr\u00f4ler, comment nous nous assurons que vos informations sont en s\u00e9curit\u00e9 et comment nous contacter seront abord\u00e9es.<\/p>\n<p><strong>En apprendre plus sur Sonic<\/strong><\/p>\n<p>En tentant d\u2019en apprendre plus sur Sonic et ce que nous pouvons faire pour vous par l&rsquo;un des moyens suivants :<\/p>\n<ul>\n<li>Contact par courriel pour plus d&rsquo;informations<\/li>\n<li>Formulaire de contact<\/li>\n<\/ul>\n<p>Il est possible que vous visitiez notre site Web sur lequel diverses informations seront recueillies.<\/p>\n<p><em>Nous recueillons automatiquement les informations suivantes \u00e0 travers des fichiers t\u00e9moins ou technologies semblables<\/em> :<\/p>\n<ul>\n<li>Type et version du navigateur utilis\u00e9<\/li>\n<li>Adresse IP<\/li>\n<li>Page ayant men\u00e9 au site web<\/li>\n<li>Localisation g\u00e9ographique<\/li>\n<li>Quantit\u00e9 de temps consacr\u00e9e au site web<\/li>\n<li>Identit\u00e9 du fournisseur de services Internet<\/li>\n<\/ul>\n<p><em>Nous recueillons les informations suivantes lors d\u2019une premi\u00e8re prise de contact ou dans le cadre de vos communications avec nous<\/em> :<\/p>\n<ul>\n<li>Name<\/li>\n<li>Pr\u00e9nom<\/li>\n<li>Adresse courriel<\/li>\n<li>Num\u00e9ro de t\u00e9l\u00e9phone<\/li>\n<li>Informations volontairement fournies<\/li>\n<\/ul>\n<p><em>Pourquoi<\/em> : Les donn\u00e9es collect\u00e9es nous permettent d\u2019analyser la mani\u00e8re dont notre site Web est utilis\u00e9 et acc\u00e9d\u00e9, nous permettant ainsi d\u2019accro\u00eetre les fonctionnalit\u00e9s de celui-ci et de l\u2019optimiser pour mieux r\u00e9pondre aux besoins de nos utilisateurs. Ces donn\u00e9es nous permettent \u00e9galement de vous offrir un service de qualit\u00e9 et de communiquer avec vous afin de vous aider \u00e0 parvenir facilement aux informations que vous cherchez.<\/p>\n<p><em>Fondements l\u00e9gaux<\/em> : n\u00e9cessaires pour nos int\u00e9r\u00eats l\u00e9gitimes (am\u00e9lioration et personnalisation de nos produits et services) et les v\u00f4tres (r\u00e9pondre \u00e0 vos questionnements et vous permettre de nous contacter).<\/p>\n<p>Notez que les informations collect\u00e9es par les fichiers t\u00e9moins ne nous permettent pas de vous identifier personnellement. Notez \u00e9galement qu\u2019il vous est possible de choisir de refuser la collecte des fichiers t\u00e9moins :<\/p>\n<ul>\n<li>par l\u2019entremise de votre navigateur Web<\/li>\n<li>ou de notre banni\u00e8re de cookies.<\/li>\n<\/ul>\n<p>Il est cependant possible qu\u2019en refusant la collecte des fichiers t\u00e9moins, vous ne puissiez acc\u00e9der \u00e0 certaines parties ou fonctionnalit\u00e9s de notre site Web.<\/p>\n<p><strong>Postuler \u00e0 une offre d\u2019emploi<\/strong><\/p>\n<p>Lorsque vous d\u00e9cidez de postuler pour travailler avec nous, nous vous demandons de nous fournir certaines informations personnelles afin de traiter votre candidature.<\/p>\n<p>Nous collectons :<\/p>\n<ul>\n<li>Pr\u00e9nom<\/li>\n<li>Name<\/li>\n<li>Adresse courriel<\/li>\n<li>Num\u00e9ro de t\u00e9l\u00e9phone<\/li>\n<li>Copie du CV<\/li>\n<\/ul>\n<p><em>Pourquoi<\/em> : Nous utilisons ces informations afin d\u2019\u00e9tudier votre candidature et d\u2019y r\u00e9pondre, s\u2019il y a lieu.<\/p>\n<p><em>Fondements l\u00e9gaux<\/em> : n\u00e9cessaires pour nos int\u00e9r\u00eats l\u00e9gitimes (nous permettre d\u2019\u00e9valuer si votre profil correspond \u00e0 ce que nous recherchons) et les v\u00f4tres (postuler en tant que candidat dans notre entreprise et obtenir une r\u00e9ponse \u00e0 votre candidature si celle-ci nous int\u00e9resse).<\/p>\n<p><strong>Contacter notre service \u00e0 la client\u00e8le<\/strong><\/p>\n<p>Il se peut que vous souhaitiez contacter notre service \u00e0 la client\u00e8le en cas de probl\u00e8me. Lors de ce processus, nous collecterons des informations telles que vos :<\/p>\n<ul>\n<li>Pr\u00e9nom<\/li>\n<li>Name<\/li>\n<li>Adresse courriel<\/li>\n<\/ul>\n<p><em>Pourquoi <\/em>: Nous utilisons ces informations afin de pouvoir vous identifier et de r\u00e9pondre \u00e0 vos questionnements ou demandes.<\/p>\n<p><em>Fondements l\u00e9gaux<\/em> : Ces informations sont n\u00e9cessaires afin d\u2019identifier correctement toute personne nous contactant et ainsi pouvoir vous r\u00e9pondre \u00e0 vos besoins.<\/p>\n<p><strong>Comment utilisons-nous vos donn\u00e9es?<\/strong><\/p>\n<p>La soumission de vos renseignements personnels \u00e0 travers votre utilisation de notre site est r\u00e9gie par cette Politique. En tant qu\u2019utilisateur de notre Site, vous vous engagez \u00e9galement \u00e0 respecter et prot\u00e9ger les renseignements personnels de tierces parties.<\/p>\n<p>Nous utilisons plus pr\u00e9cis\u00e9ment vos donn\u00e9es aux fins suivantes :<\/p>\n<ul>\n<li>Pour d\u00e9velopper de nouvelles fonctionnalit\u00e9s et am\u00e9liorer le site web<\/li>\n<li>Pour offrir le meilleur service \u00e0 la client\u00e8le possible<\/li>\n<li>Pour \u00e9tablir des statistiques permettant de guider les d\u00e9cisions d&rsquo;affaires<\/li>\n<\/ul>\n<p><strong>Notre utilisation des t\u00e9moins<\/strong><\/p>\n<p>Lorsque vous visitez notre site Web, il est possible que vous nous fournissiez des informations via des fichiers t\u00e9moins (<em>cookies<\/em>) ou des technologies similaires.<\/p>\n<p>Les t\u00e9moins sont des fichiers contenant une petite quantit\u00e9 de donn\u00e9es sur un utilisateur donn\u00e9. Ces donn\u00e9es peuvent inclure un identifiant unique anonyme. Les t\u00e9moins sont stock\u00e9s sur l\u2019ordinateur de l\u2019utilisateur ou sur le disque dur d\u2019un autre appareil. Ceux-ci nous permettent d\u2019adapter votre exp\u00e9rience utilisateur chaque fois que vous visitez notre site.<\/p>\n<p><strong>Avec qui partageons-nous vos donn\u00e9es et pourquoi?<\/strong><\/p>\n<p>Nous ne vendons en aucun cas les informations personnelles de nos utilisateurs. Vos donn\u00e9es ne sont partag\u00e9es qu\u2019en vertu de la pr\u00e9sente Politique. Lorsque vous consentez \u00e0 cette Politique, il est toutefois possible que nous partagions vos informations personnelles avec les parties suivantes :<\/p>\n<ul>\n<li><em>Fournisseurs tiers<\/em> : Il est possible que, dans le cadre de nos activit\u00e9s, nous ayons \u00e0 partager certaines de vos donn\u00e9es avec certaines parties tierces.\u00a0 Par exemple, nous pourrions partager certaines de vos donn\u00e9es avec nos fournisseurs de TI, pour l\u2019exercice de leur mandat ou l\u2019ex\u00e9cution d\u2019un contrat de service.<\/li>\n<\/ul>\n<p>De mani\u00e8re g\u00e9n\u00e9rale, les fournisseurs que nous utilisons vont uniquement recueillir, utiliser et divulguer vos renseignements dans la mesure du n\u00e9cessaire pour pouvoir r\u00e9aliser les services qu\u2019ils nous fournissent, tels que l\u2019h\u00e9bergement de notre site Web se faisant via Sonic.<\/p>\n<p>Cependant, certains tiers fournisseurs de services poss\u00e8dent leurs propres politiques de confidentialit\u00e9 quant aux renseignements que nous sommes tenus de leur fournir lorsque nous utilisons leurs services. En ce qui concerne ces fournisseurs, nous vous recommandons de lire attentivement leurs politiques de confidentialit\u00e9 pour que vous puissiez comprendre la mani\u00e8re dont ils traiteront vos renseignements personnels recueillis.<\/p>\n<p>Une fois que vous quittez notre site Web ou que vous \u00eates redirig\u00e9 vers le site web ou l\u2019application d\u2019un tiers, vous n\u2019\u00eates plus r\u00e9gi par la pr\u00e9sente Politique.<\/p>\n<p><strong>Liste de nos fournisseurs de TI<\/strong><\/p>\n<p><em>Google<\/em> (analyse de donn\u00e9es \u2013 \u00c9tats-Unis) : <a href=\"https:\/\/policies.google.com\/privacy?hl=fr&amp;gl=fr\">https:\/\/policies.google.com\/privacy?hl=fr&amp;gl=fr<\/a><\/p>\n<ol>\n<li>Pour emp\u00eacher la collecte de vos donn\u00e9es par Google Analytics : <a href=\"https:\/\/tools.google.com\/dlpage\/gaoptout?hl=en\">https:\/\/tools.google.com\/dlpage\/gaoptout?hl=en<\/a><\/li>\n<li>Pour personnaliser les publicit\u00e9s apparaissant sur les diff\u00e9rentes plateformes de Google : <a href=\"http:\/\/www.google.com\/settings\/ads\">http:\/\/www.google.com\/settings\/ads<\/a><\/li>\n<\/ol>\n<p><em>Parties avec lesquelles cela peut \u00eatre l\u00e9galement n\u00e9cessaire<\/em> : il est possible que nous divulguions vos informations si la loi l\u2019exige ou si une telle divulgation est n\u00e9cessaire afin de :<\/p>\n<ol>\n<li>Se conformer \u00e0 la loi ou \u00e0 toute proc\u00e9dure judiciaire ;<\/li>\n<li>Prot\u00e9ger les droits ou la propri\u00e9t\u00e9 de Sonic;<\/li>\n<li>Prot\u00e9ger la s\u00e9curit\u00e9 de notre Site Web, de nos utilisateurs et de leurs donn\u00e9es.<\/li>\n<\/ol>\n<p><em>Parties susceptibles de participer \u00e0 une transaction financi\u00e8re<\/em> : il est possible que nous transf\u00e9rions vos donn\u00e9es suite \u00e0 un changement de contr\u00f4le, fusion, liquidation, ou autre transaction impliquant Sonic. Les informations n\u00e9cessaires \u00e0 ce processus n\u2019auront pour fin que la conclusion de la transaction, et nous ne communiquerons ces renseignements sans votre consentement que si la loi nous l\u2019autorise. Nous prendrons les mesures n\u00e9cessaires afin de prot\u00e9ger le caract\u00e8re confidentiel de ces renseignements et nous les d\u00e9truirons si la transaction n\u2019est pas conclue ou si leur utilisation n\u2019est plus n\u00e9cessaire aux fins de la conclusion de la transaction.<\/p>\n<p>Pri\u00e8re de noter que vous pourriez \u00eatre amen\u00e9 \u00e0 quitter notre site Web en cliquant sur certains liens pr\u00e9sents sur notre site Web. Nous n\u2019assumons aucune responsabilit\u00e9 quant aux pratiques de confidentialit\u00e9 exerc\u00e9es par ces autres sites et vous recommandons de lire attentivement leurs politiques de confidentialit\u00e9.<\/p>\n<p><strong>Vos droits<\/strong><\/p>\n<p>Les lois sur la protection des donn\u00e9es vous conf\u00e8rent certains droits en lien avec vos informations. Vous pouvez notamment :<\/p>\n<ol>\n<li>Nous demander l\u2019acc\u00e8s \u00e0 vos donn\u00e9es afin de v\u00e9rifier celles-ci. Notez toutefois que nous nous r\u00e9servons le droit de vous demander des informations suppl\u00e9mentaires afin de prouver votre identit\u00e9;<\/li>\n<li>Nous demander de modifier ou rectifier vos donn\u00e9es;<\/li>\n<li>Nous demander d\u2019effacer les donn\u00e9es personnelles que nous avons en notre possession, \u00e0 moins que nous soyons tenus de conserver celles-ci afin de nous conformer \u00e0 des obligations juridiques, par exemple;<\/li>\n<li>Vous opposer au traitement de vos donn\u00e9es, \u00e0 moins que nous ayons des raisons l\u00e9gitimes qui l\u2019emporteraient sur vos droits ou int\u00e9r\u00eats ou si nous avons besoin de continuer \u00e0 traiter ces donn\u00e9es pour l\u2019\u00e9tablissement, l\u2019exercice ou la d\u00e9fense d\u2019une r\u00e9clamation l\u00e9gale;<\/li>\n<li>Nous demander de limiter le traitement de vos donn\u00e9es si celles-ci sont incorrectes, si vous pensez que notre traitement de ces derni\u00e8res est ill\u00e9gal ou si nous n\u2019avons plus besoin de traiter vos donn\u00e9es, mais que nous devons les conserver \u00e0 des fins juridiques;<\/li>\n<li>Nous demander vos donn\u00e9es et renseignements personnels dans un format accessible;<\/li>\n<li>Retirer votre consentement au traitement de vos donn\u00e9es personnelles;<\/li>\n<li>Porter plainte \u00e0 l\u2019autorit\u00e9 comp\u00e9tente si vous estimez que nous traitons vos donn\u00e9es en violation des lois applicables en mati\u00e8re de protection des donn\u00e9es.<\/li>\n<\/ol>\n<p><strong>Acc\u00e8s et contr\u00f4le de vos donn\u00e9es<\/strong><\/p>\n<p>Vous pouvez v\u00e9rifier, modifier ou effacer vos informations personnelles en nous envoyant un courriel \u00e0 Protection.information@filgo.ca ou via la section \u00ab Contact \u00bb sur notre site Web, ou encore aux coordonn\u00e9es disponibles \u00e0 la fin de cette Politique. Nous r\u00e9pondrons \u00e0 votre demande le plus rapidement possible. Pri\u00e8re de nous fournir assez de d\u00e9tails afin que nous puissions vous identifier et ainsi r\u00e9pondre \u00e0 votre demande.<\/p>\n<p><strong>Lieu de conservation de vos donn\u00e9es<\/strong><\/p>\n<p>Vos informations personnelles sont h\u00e9berg\u00e9es dans le(s) pays suivant(s): Canada (Qu\u00e9bec). Elles sont h\u00e9berg\u00e9es sur les serveurs de Sonic.<\/p>\n<p><strong><a>Dur\u00e9e de la conservation de vos donn\u00e9es<\/a><\/strong><\/p>\n<p>Nous conserverons toutes les informations collect\u00e9es tant et aussi longtemps qu\u2019elles seront n\u00e9cessaires afin d\u2019atteindre les objectifs pour lesquels nous les avons collect\u00e9es ou \u00e0 d\u2019autres fins essentielles telles que le respect d\u2019obligations juridiques. Nous d\u00e9truirons ces donn\u00e9es \u00e0 la fin de ce d\u00e9lai, ou si vous d\u00e9cidez de retirer votre consentement. Si vous le demandez, une fois vos donn\u00e9es supprim\u00e9es, vous recevrez une confirmation que votre demande a \u00e9t\u00e9 trait\u00e9e.<\/p>\n<p><strong>S\u00e9curit\u00e9<\/strong><\/p>\n<p>Pour prot\u00e9ger vos donn\u00e9es personnelles, nous prenons des pr\u00e9cautions raisonnables pour nous assurer qu\u2019elles ne soient pas perdues, d\u00e9tourn\u00e9es, consult\u00e9es, divulgu\u00e9es, modifi\u00e9es ou d\u00e9truites de mani\u00e8re inappropri\u00e9e.<\/p>\n<p>Par exemple, nous avons sur notre site Web :<\/p>\n<ul>\n<li>Pare-feu<\/li>\n<\/ul>\n<p>\u00c0 l\u2019interne, nous nous assurons de :<\/p>\n<ul>\n<li>Faire des sauvegardes fr\u00e9quentes<\/li>\n<li>Donner acc\u00e8s aux donn\u00e9es seulement aux personnes autoris\u00e9es et ayant besoin d&rsquo;y acc\u00e9der dans le cadre de leur travail<\/li>\n<\/ul>\n<p>Si vous avez des questions concernant la s\u00e9curit\u00e9 de vos donn\u00e9es personnelles, pri\u00e8re de nous envoyer un courriel via la section \u00ab Contact \u00bb de notre site Web ou directement \u00e0 Protection.information@filgo.ca.<\/p>\n<p><strong>\u00c2ge de consentement<\/strong><\/p>\n<p>Nous ne sollicitons et ne recueillons pas d\u2019informations personnelles aupr\u00e8s de mineurs de moins de 14 ans. Si vous \u00eates un parent ou gardien et que vous r\u00e9alisez qu\u2019un mineur de moins de 14 ans nous a fourni des informations personnelles, veuillez nous contacter. Si nous nous rendons compte que nous avons collect\u00e9 des informations personnelles appartenant \u00e0 un mineur de moins de 14 ans sans consentement parental, nous effacerons toutes informations qui auraient pu \u00eatre collect\u00e9es.<\/p>\n<p><strong>Autorit\u00e9 comp\u00e9tente<\/strong><\/p>\n<p>Si vous n\u2019\u00eates pas satisfait par notre r\u00e9ponse par suite d\u2019une demande concernant vos informations personnelles, vous pouvez contacter la Commission d&rsquo;acc\u00e8s \u00e0 l\u2019information du Qu\u00e9bec, l\u2019organisme public charg\u00e9 de superviser les pratiques de gestion et de traitement des donn\u00e9es personnelles au Qu\u00e9bec ou le Commissariat \u00e0 la protection de la vie priv\u00e9e du Canada pour le Canada.<\/p>\n<p><strong>Commission d&rsquo;acc\u00e8s \u00e0 l\u2019information du Qu\u00e9bec<\/strong><\/p>\n<p>Adresse :<\/p>\n<p>Bureau 900<\/p>\n<p>2045, rue Stanley<\/p>\n<p>Montr\u00e9al (Qu\u00e9bec) H3A 2V4<\/p>\n<p>T\u00e9l\u00e9phone : 514 873-4196<\/p>\n<p>T\u00e9l\u00e9copieur : 514 844-6170<\/p>\n<p>T\u00e9l\u00e9phone sans frais : 1 888 528-7741<\/p>\n<p>Courrier \u00e9lectronique : <a href=\"mailto:cai.communications@cai.gouv.qc.ca\">cai.communications@cai.gouv.qc.ca<\/a><\/p>\n<p>Site web: <a href=\"http:\/\/www.cai.gouv.qc.ca\/\">http:\/\/www.cai.gouv.qc.ca<\/a><\/p>\n<p><strong>Commissariat \u00e0 la protection de la vie priv\u00e9e du Canada<\/strong><\/p>\n<p>Adresse :<\/p>\n<p>30, rue Victoria<\/p>\n<p>Gatineau (Qu\u00e9bec)<\/p>\n<p>K1A 1H3<\/p>\n<p>Sans frais : 1-800-282-1376<\/p>\n<p>T\u00e9l\u00e9phone : 819-994-5444<\/p>\n<p>T\u00e9l\u00e9copieur : 819-994-5424<\/p>\n<p>Site web: https:\/\/www.priv.gc.ca\/fr<\/p>\n<p><strong>Modifications apport\u00e9es \u00e0 la Politique<\/strong><\/p>\n<p>Nous nous r\u00e9servons le droit de modifier la pr\u00e9sente Politique \u00e0 tout moment ; pri\u00e8re de la consulter fr\u00e9quemment. Sauf mention contraire, les modifications \u00e0 cette Politique entrent en vigueur d\u00e8s leur publication sur notre Site. Si des changements y sont apport\u00e9s, nous vous aviserons ici de la mise \u00e0 jour, afin que vous sachiez quels renseignements nous recueillons, la mani\u00e8re dont nous les utilisons et dans quelles circonstances nous les divulguons, s\u2019il y a lieu.<\/p>\n<p><strong>Questions et coordonn\u00e9es<\/strong><\/p>\n<p>Si vous souhaitez acc\u00e9der, corriger, modifier ou supprimer toute information personnelle que nous avons \u00e0 votre sujet, d\u00e9poser une plainte, ou si vous souhaitez simplement plus d\u2019information, vous pouvez nous contacter aux coordonn\u00e9es suivantes:<\/p>\n<p>\u00c9nergies Sonic inc.<\/p>\n<p><em>\u00c0 l\u2019attention de la personne responsable de la protection des renseignements personnels<\/em><\/p>\n<p>1133, boulevard Vachon Nord<\/p>\n<p>Sainte-Marie, Qu\u00e9bec<\/p>\n<p>G6E 1M9<\/p>\n<p>Canada<\/p>\n<p>1-800-207-6642<\/p>\n<p>Protection.information@filgo.ca<\/p>\n<p><em>Derni\u00e8re mise \u00e0 jour: 05-sept.-2023 09:53:55<\/em><\/p>\n<\/div><\/section>","protected":false},"excerpt":{"rendered":"","protected":false},"author":1,"featured_media":0,"parent":0,"menu_order":0,"comment_status":"closed","ping_status":"closed","template":"template-blank.php","meta":[],"yoast_head":"<!-- This site is optimized with the Yoast SEO plugin v16.4 - https:\/\/yoast.com\/wordpress\/plugins\/seo\/ -->\n<title>Politique de confidentialit\u00e9 - \u00c9nergies Sonic<\/title>\n<meta name=\"robots\" content=\"index, follow, max-snippet:-1, max-image-preview:large, max-video-preview:-1\" \/>\n<link rel=\"canonical\" href=\"https:\/\/energiesonic.com\/en\/politique-de-confidentialite\/\" \/>\n<meta property=\"og:locale\" content=\"en_US\" \/>\n<meta property=\"og:type\" content=\"article\" \/>\n<meta property=\"og:title\" content=\"Politique de confidentialit\u00e9 - \u00c9nergies Sonic\" \/>\n<meta property=\"og:url\" content=\"https:\/\/energiesonic.com\/en\/politique-de-confidentialite\/\" \/>\n<meta property=\"og:site_name\" content=\"\u00c9nergies Sonic\" \/>\n<meta property=\"article:modified_time\" content=\"2025-04-08T17:12:41+00:00\" \/>\n<meta name=\"twitter:card\" content=\"summary_large_image\" \/>\n<meta name=\"twitter:label1\" content=\"Est. reading time\" \/>\n\t<meta name=\"twitter:data1\" content=\"10 minutes\" \/>\n<script type=\"application\/ld+json\" class=\"yoast-schema-graph\">{\"@context\":\"https:\/\/schema.org\",\"@graph\":[{\"@type\":\"WebSite\",\"@id\":\"https:\/\/energiesonic.com\/#website\",\"url\":\"https:\/\/energiesonic.com\/\",\"name\":\"\\u00c9nergies Sonic\",\"description\":\"\",\"potentialAction\":[{\"@type\":\"SearchAction\",\"target\":\"https:\/\/energiesonic.com\/?s={search_term_string}\",\"query-input\":\"required name=search_term_string\"}],\"inLanguage\":\"en-CA\"},{\"@type\":\"WebPage\",\"@id\":\"https:\/\/energiesonic.com\/politique-de-confidentialite\/#webpage\",\"url\":\"https:\/\/energiesonic.com\/politique-de-confidentialite\/\",\"name\":\"Politique de confidentialit\\u00e9 - \\u00c9nergies Sonic\",\"isPartOf\":{\"@id\":\"https:\/\/energiesonic.com\/#website\"},\"datePublished\":\"2019-12-30T19:43:52+00:00\",\"dateModified\":\"2025-04-08T17:12:41+00:00\",\"breadcrumb\":{\"@id\":\"https:\/\/energiesonic.com\/politique-de-confidentialite\/#breadcrumb\"},\"inLanguage\":\"en-CA\",\"potentialAction\":[{\"@type\":\"ReadAction\",\"target\":[\"https:\/\/energiesonic.com\/politique-de-confidentialite\/\"]}]},{\"@type\":\"BreadcrumbList\",\"@id\":\"https:\/\/energiesonic.com\/politique-de-confidentialite\/#breadcrumb\",\"itemListElement\":[{\"@type\":\"ListItem\",\"position\":1,\"item\":{\"@type\":\"WebPage\",\"@id\":\"https:\/\/energiesonic.com\/accueil\/\",\"url\":\"https:\/\/energiesonic.com\/accueil\/\",\"name\":\"Accueil\"}},{\"@type\":\"ListItem\",\"position\":2,\"item\":{\"@id\":\"https:\/\/energiesonic.com\/politique-de-confidentialite\/#webpage\"}}]}]}<\/script>\n<!-- \/ Yoast SEO plugin. -->","_links":{"self":[{"href":"https:\/\/energiesonic.com\/en\/wp-json\/wp\/v2\/pages\/2591"}],"collection":[{"href":"https:\/\/energiesonic.com\/en\/wp-json\/wp\/v2\/pages"}],"about":[{"href":"https:\/\/energiesonic.com\/en\/wp-json\/wp\/v2\/types\/page"}],"author":[{"embeddable":true,"href":"https:\/\/energiesonic.com\/en\/wp-json\/wp\/v2\/users\/1"}],"replies":[{"embeddable":true,"href":"https:\/\/energiesonic.com\/en\/wp-json\/wp\/v2\/comments?post=2591"}],"version-history":[{"count":7,"href":"https:\/\/energiesonic.com\/en\/wp-json\/wp\/v2\/pages\/2591\/revisions"}],"predecessor-version":[{"id":6904,"href":"https:\/\/energiesonic.com\/en\/wp-json\/wp\/v2\/pages\/2591\/revisions\/6904"}],"wp:attachment":[{"href":"https:\/\/energiesonic.com\/en\/wp-json\/wp\/v2\/media?parent=2591"}],"curies":[{"name":"wp","href":"https:\/\/api.w.org\/{rel}","templated":true}]}}