{"id":2586,"date":"2019-12-30T15:32:33","date_gmt":"2019-12-30T19:32:33","guid":{"rendered":"http:\/\/energiesonic.com\/?page_id=2586"},"modified":"2020-01-06T09:47:35","modified_gmt":"2020-01-06T13:47:35","slug":"termes-et-conditions","status":"publish","type":"page","link":"https:\/\/energiesonic.com\/en\/termes-et-conditions\/","title":{"rendered":"Terms and conditions"},"content":{"rendered":"<p>\u00c9nergies Sonic inc., ci-apr\u00e8s appel\u00e9 Sonic, s\u2019engage \u00e0 fournir au Consommateur \u00e0 l\u2019adresse de livraison indiqu\u00e9e aux pr\u00e9sentes (les \u00ab Lieux \u00bb), tout le mazout command\u00e9 par le Consommateur, selon le prix de Sonic en vigueur, le tout selon les termes et conditions de la pr\u00e9sente convention (la \u00ab Convention \u00bb).<\/p>\n\n\n\n<p>Le Consommateur devra informer Sonic par \u00e9crit de toute d\u00e9fectuosit\u00e9 de l\u2019\u00e9quipement, incluant du r\u00e9servoir de mazout.<\/p>\n\n\n\n<p>Le Consommateur convient d\u2019accepter livraison et de payer le prix demand\u00e9 par Sonic pour le mazout domestique au moment de la commande, par carte de cr\u00e9dit.<\/p>\n\n\n\n<p>La responsabilit\u00e9 de Sonic ne couvre pas les dommages qui ne sont pas caus\u00e9s par Sonic ou ses repr\u00e9sentants, notamment les dommages caus\u00e9s par la force majeure, la faute d\u2019un tiers, la faute du Consommateur, une panne de l\u2019appareil de chauffage lorsque les Lieux sont inoccup\u00e9s, un sinistre (incendie, inondation, d\u00e9versement de mazout, etc.).<\/p>\n\n\n\n<p>Sonic pourra, et le Consommateur y consent express\u00e9ment, c\u00e9der la pr\u00e9sente Convention.<\/p>","protected":false},"excerpt":{"rendered":"<p>\u00c9nergies Sonic inc., ci-apr\u00e8s appel\u00e9 Sonic, s\u2019engage \u00e0 fournir au Consommateur \u00e0 l\u2019adresse de livraison indiqu\u00e9e aux pr\u00e9sentes (les \u00ab Lieux \u00bb), tout le mazout command\u00e9 par le Consommateur, selon le prix de Sonic en vigueur, le tout selon les termes et conditions de la pr\u00e9sente convention (la \u00ab Convention \u00bb). Le Consommateur devra informer [&hellip;]<\/p>","protected":false},"author":1,"featured_media":0,"parent":0,"menu_order":0,"comment_status":"closed","ping_status":"closed","template":"template-blank.php","meta":[],"yoast_head":"<!-- This site is optimized with the Yoast SEO plugin v16.4 - https:\/\/yoast.com\/wordpress\/plugins\/seo\/ -->\n<title>Termes et conditions - \u00c9nergies Sonic<\/title>\n<meta name=\"robots\" content=\"index, follow, max-snippet:-1, max-image-preview:large, max-video-preview:-1\" \/>\n<link rel=\"canonical\" href=\"https:\/\/energiesonic.com\/en\/termes-et-conditions\/\" \/>\n<meta property=\"og:locale\" content=\"en_US\" \/>\n<meta property=\"og:type\" content=\"article\" \/>\n<meta property=\"og:title\" content=\"Termes et conditions - \u00c9nergies Sonic\" \/>\n<meta property=\"og:description\" content=\"\u00c9nergies Sonic inc., ci-apr\u00e8s appel\u00e9 Sonic, s\u2019engage \u00e0 fournir au Consommateur \u00e0 l\u2019adresse de livraison indiqu\u00e9e aux pr\u00e9sentes (les \u00ab Lieux \u00bb), tout le mazout command\u00e9 par le Consommateur, selon le prix de Sonic en vigueur, le tout selon les termes et conditions de la pr\u00e9sente convention (la \u00ab Convention \u00bb). Le Consommateur devra informer [&hellip;]\" \/>\n<meta property=\"og:url\" content=\"https:\/\/energiesonic.com\/en\/termes-et-conditions\/\" \/>\n<meta property=\"og:site_name\" content=\"\u00c9nergies Sonic\" \/>\n<meta property=\"article:modified_time\" content=\"2020-01-06T13:47:35+00:00\" \/>\n<meta name=\"twitter:card\" content=\"summary_large_image\" \/>\n<meta name=\"twitter:label1\" content=\"Est. reading time\" \/>\n\t<meta name=\"twitter:data1\" content=\"1 minute\" \/>\n<script type=\"application\/ld+json\" class=\"yoast-schema-graph\">{\"@context\":\"https:\/\/schema.org\",\"@graph\":[{\"@type\":\"WebSite\",\"@id\":\"https:\/\/energiesonic.com\/#website\",\"url\":\"https:\/\/energiesonic.com\/\",\"name\":\"\\u00c9nergies Sonic\",\"description\":\"\",\"potentialAction\":[{\"@type\":\"SearchAction\",\"target\":\"https:\/\/energiesonic.com\/?s={search_term_string}\",\"query-input\":\"required name=search_term_string\"}],\"inLanguage\":\"en-CA\"},{\"@type\":\"WebPage\",\"@id\":\"https:\/\/energiesonic.com\/termes-et-conditions\/#webpage\",\"url\":\"https:\/\/energiesonic.com\/termes-et-conditions\/\",\"name\":\"Termes et conditions - \\u00c9nergies Sonic\",\"isPartOf\":{\"@id\":\"https:\/\/energiesonic.com\/#website\"},\"datePublished\":\"2019-12-30T19:32:33+00:00\",\"dateModified\":\"2020-01-06T13:47:35+00:00\",\"breadcrumb\":{\"@id\":\"https:\/\/energiesonic.com\/termes-et-conditions\/#breadcrumb\"},\"inLanguage\":\"en-CA\",\"potentialAction\":[{\"@type\":\"ReadAction\",\"target\":[\"https:\/\/energiesonic.com\/termes-et-conditions\/\"]}]},{\"@type\":\"BreadcrumbList\",\"@id\":\"https:\/\/energiesonic.com\/termes-et-conditions\/#breadcrumb\",\"itemListElement\":[{\"@type\":\"ListItem\",\"position\":1,\"item\":{\"@type\":\"WebPage\",\"@id\":\"https:\/\/energiesonic.com\/accueil\/\",\"url\":\"https:\/\/energiesonic.com\/accueil\/\",\"name\":\"Accueil\"}},{\"@type\":\"ListItem\",\"position\":2,\"item\":{\"@id\":\"https:\/\/energiesonic.com\/termes-et-conditions\/#webpage\"}}]}]}<\/script>\n<!-- \/ Yoast SEO plugin. -->","_links":{"self":[{"href":"https:\/\/energiesonic.com\/en\/wp-json\/wp\/v2\/pages\/2586"}],"collection":[{"href":"https:\/\/energiesonic.com\/en\/wp-json\/wp\/v2\/pages"}],"about":[{"href":"https:\/\/energiesonic.com\/en\/wp-json\/wp\/v2\/types\/page"}],"author":[{"embeddable":true,"href":"https:\/\/energiesonic.com\/en\/wp-json\/wp\/v2\/users\/1"}],"replies":[{"embeddable":true,"href":"https:\/\/energiesonic.com\/en\/wp-json\/wp\/v2\/comments?post=2586"}],"version-history":[{"count":5,"href":"https:\/\/energiesonic.com\/en\/wp-json\/wp\/v2\/pages\/2586\/revisions"}],"predecessor-version":[{"id":2594,"href":"https:\/\/energiesonic.com\/en\/wp-json\/wp\/v2\/pages\/2586\/revisions\/2594"}],"wp:attachment":[{"href":"https:\/\/energiesonic.com\/en\/wp-json\/wp\/v2\/media?parent=2586"}],"curies":[{"name":"wp","href":"https:\/\/api.w.org\/{rel}","templated":true}]}}