{"id":167,"date":"2019-09-24T15:34:22","date_gmt":"2019-09-24T19:34:22","guid":{"rendered":"http:\/\/formulaire.energiesonic.com\/?page_id=167"},"modified":"2020-11-09T16:21:29","modified_gmt":"2020-11-09T20:21:29","slug":"diesel","status":"publish","type":"page","link":"https:\/\/energiesonic.com\/en\/produits\/diesel\/","title":{"rendered":"Diesel"},"content":{"rendered":"<div class='clear'><\/div><div id='sub_menu1'  class='av-submenu-container main_color  avia-builder-el-0  el_before_av_one_full  avia-builder-el-first  av-sticky-submenu  container_wrap fullsize' style='  z-index:301' ><div class='container av-menu-mobile-disabled'><ul id=\"menu-sousmenuproduit\" class=\"av-subnav-menu av-submenu-pos-center\"><li id=\"menu-item-2599\" class=\"menu-item menu-item-type-post_type menu-item-object-page menu-item-top-level menu-item-top-level-1\"><a href=\"https:\/\/energiesonic.com\/en\/produits\/essence\/\" itemprop=\"url\"><span class=\"avia-bullet\"><\/span><span class=\"avia-menu-text\">Essence<\/span><span class=\"avia-menu-fx\"><span class=\"avia-arrow-wrap\"><span class=\"avia-arrow\"><\/span><\/span><\/span><\/a><\/li>\n<li id=\"menu-item-2600\" class=\"menu-item menu-item-type-post_type menu-item-object-page menu-item-top-level menu-item-top-level-2\"><a href=\"https:\/\/energiesonic.com\/en\/produits\/diesel\/\" itemprop=\"url\"><span class=\"avia-bullet\"><\/span><span class=\"avia-menu-text\">Diesel<\/span><span class=\"avia-menu-fx\"><span class=\"avia-arrow-wrap\"><span class=\"avia-arrow\"><\/span><\/span><\/span><\/a><\/li>\n<li id=\"menu-item-2601\" class=\"menu-item menu-item-type-post_type menu-item-object-page menu-item-top-level menu-item-top-level-3\"><a href=\"https:\/\/energiesonic.com\/en\/produits\/propane\/\" itemprop=\"url\"><span class=\"avia-bullet\"><\/span><span class=\"avia-menu-text\">Propane<\/span><span class=\"avia-menu-fx\"><span class=\"avia-arrow-wrap\"><span class=\"avia-arrow\"><\/span><\/span><\/span><\/a><\/li>\n<li id=\"menu-item-2602\" class=\"menu-item menu-item-type-post_type menu-item-object-page menu-item-has-children menu-item-top-level menu-item-top-level-4\"><a href=\"https:\/\/energiesonic.com\/en\/produits\/auto-propane\/\" itemprop=\"url\"><span class=\"avia-bullet\"><\/span><span class=\"avia-menu-text\">Autopropane<\/span><span class=\"avia-menu-fx\"><span class=\"avia-arrow-wrap\"><span class=\"avia-arrow\"><\/span><\/span><\/span><\/a>\n\n\n<ul class=\"sub-menu\">\n\t<li id=\"menu-item-2603\" class=\"menu-item menu-item-type-post_type menu-item-object-page\"><a href=\"https:\/\/energiesonic.com\/en\/produits\/auto-propane\/lautopropane-et-ses-avantages\/\" itemprop=\"url\"><span class=\"avia-bullet\"><\/span><span class=\"avia-menu-text\">\u00c0 propos<\/span><\/a><\/li>\n\t<li id=\"menu-item-2604\" class=\"menu-item menu-item-type-post_type menu-item-object-page\"><a href=\"https:\/\/energiesonic.com\/en\/produits\/auto-propane\/auto-propane-reseau-de-distribution\/\" itemprop=\"url\"><span class=\"avia-bullet\"><\/span><span class=\"avia-menu-text\">R\u00e9seau de distribution<\/span><\/a><\/li>\n\t<li id=\"menu-item-2605\" class=\"menu-item menu-item-type-post_type menu-item-object-page\"><a href=\"https:\/\/energiesonic.com\/en\/produits\/auto-propane\/auto-propane-temoignages\/\" itemprop=\"url\"><span class=\"avia-bullet\"><\/span><span class=\"avia-menu-text\">T\u00e9moignages<\/span><\/a><\/li>\n\t<li id=\"menu-item-2606\" class=\"menu-item menu-item-type-post_type menu-item-object-page\"><a href=\"https:\/\/energiesonic.com\/en\/produits\/auto-propane\/auto-propane-foire-aux-questions\/\" itemprop=\"url\"><span class=\"avia-bullet\"><\/span><span class=\"avia-menu-text\">Foire aux questions<\/span><\/a><\/li>\n<\/ul>\n<\/li>\n<li id=\"menu-item-2607\" class=\"menu-item menu-item-type-post_type menu-item-object-page menu-item-has-children menu-item-top-level menu-item-top-level-5\"><a href=\"https:\/\/energiesonic.com\/en\/produits\/biomasse\/\" itemprop=\"url\"><span class=\"avia-bullet\"><\/span><span class=\"avia-menu-text\">Biomasse<\/span><span class=\"avia-menu-fx\"><span class=\"avia-arrow-wrap\"><span class=\"avia-arrow\"><\/span><\/span><\/span><\/a>\n\n\n<ul class=\"sub-menu\">\n\t<li id=\"menu-item-4058\" class=\"menu-item menu-item-type-post_type menu-item-object-page\"><a href=\"https:\/\/energiesonic.com\/en\/produits\/biomasse\/biomasse-cest-quoi\/\" itemprop=\"url\"><span class=\"avia-bullet\"><\/span><span class=\"avia-menu-text\">La biomasse, c\u2019est quoi?<\/span><\/a><\/li>\n\t<li id=\"menu-item-4057\" class=\"menu-item menu-item-type-post_type menu-item-object-page\"><a href=\"https:\/\/energiesonic.com\/en\/produits\/biomasse\/biomasse-offre-de-service\/\" itemprop=\"url\"><span class=\"avia-bullet\"><\/span><span class=\"avia-menu-text\">En quoi se distingue l\u2019offre d\u2019\u00c9nergies Sonic ?<\/span><\/a><\/li>\n\t<li id=\"menu-item-4060\" class=\"menu-item menu-item-type-post_type menu-item-object-page\"><a href=\"https:\/\/energiesonic.com\/en\/produits\/biomasse\/biomasse-nos-realisations\/\" itemprop=\"url\"><span class=\"avia-bullet\"><\/span><span class=\"avia-menu-text\">Nos r\u00e9alisations<\/span><\/a><\/li>\n<\/ul>\n<\/li>\n<li id=\"menu-item-2611\" class=\"menu-item menu-item-type-post_type menu-item-object-page menu-item-top-level menu-item-top-level-6\"><a href=\"https:\/\/energiesonic.com\/en\/produits\/mazout\/\" itemprop=\"url\"><span class=\"avia-bullet\"><\/span><span class=\"avia-menu-text\">Mazout<\/span><span class=\"avia-menu-fx\"><span class=\"avia-arrow-wrap\"><span class=\"avia-arrow\"><\/span><\/span><\/span><\/a><\/li>\n<li id=\"menu-item-2612\" class=\"menu-item menu-item-type-post_type menu-item-object-page menu-item-has-children menu-item-top-level menu-item-top-level-7\"><a href=\"https:\/\/energiesonic.com\/en\/produits\/graisses-et-lubrifiants\/\" itemprop=\"url\"><span class=\"avia-bullet\"><\/span><span class=\"avia-menu-text\">Graisses et lubrifiants<\/span><span class=\"avia-menu-fx\"><span class=\"avia-arrow-wrap\"><span class=\"avia-arrow\"><\/span><\/span><\/span><\/a>\n\n\n<ul class=\"sub-menu\">\n\t<li id=\"menu-item-3975\" class=\"menu-item menu-item-type-post_type menu-item-object-page\"><a href=\"https:\/\/energiesonic.com\/en\/produits\/graisses-et-lubrifiants\/flg\/\" itemprop=\"url\"><span class=\"avia-bullet\"><\/span><span class=\"avia-menu-text\">FLG<\/span><\/a><\/li>\n\t<li id=\"menu-item-3969\" class=\"menu-item menu-item-type-post_type menu-item-object-page\"><a href=\"https:\/\/energiesonic.com\/en\/produits\/graisses-et-lubrifiants\/fuchs\/\" itemprop=\"url\"><span class=\"avia-bullet\"><\/span><span class=\"avia-menu-text\">FUCHS<\/span><\/a><\/li>\n\t<li id=\"menu-item-3970\" class=\"menu-item menu-item-type-post_type menu-item-object-page\"><a href=\"https:\/\/energiesonic.com\/en\/produits\/graisses-et-lubrifiants\/irving\/\" itemprop=\"url\"><span class=\"avia-bullet\"><\/span><span class=\"avia-menu-text\">IRVING<\/span><\/a><\/li>\n\t<li id=\"menu-item-3971\" class=\"menu-item menu-item-type-post_type menu-item-object-page\"><a href=\"https:\/\/energiesonic.com\/en\/produits\/graisses-et-lubrifiants\/kluber\/\" itemprop=\"url\"><span class=\"avia-bullet\"><\/span><span class=\"avia-menu-text\">KL\u00dcBER<\/span><\/a><\/li>\n\t<li id=\"menu-item-3973\" class=\"menu-item menu-item-type-post_type menu-item-object-page\"><a href=\"https:\/\/energiesonic.com\/en\/produits\/graisses-et-lubrifiants\/shell\/\" itemprop=\"url\"><span class=\"avia-bullet\"><\/span><span class=\"avia-menu-text\">SHELL<\/span><\/a><\/li>\n\t<li id=\"menu-item-3972\" class=\"menu-item menu-item-type-post_type menu-item-object-page\"><a href=\"https:\/\/energiesonic.com\/en\/produits\/graisses-et-lubrifiants\/summit\/\" itemprop=\"url\"><span class=\"avia-bullet\"><\/span><span class=\"avia-menu-text\">SUMMIT<\/span><\/a><\/li>\n\t<li id=\"menu-item-3974\" class=\"menu-item menu-item-type-post_type menu-item-object-page\"><a href=\"https:\/\/energiesonic.com\/en\/produits\/graisses-et-lubrifiants\/total\/\" itemprop=\"url\"><span class=\"avia-bullet\"><\/span><span class=\"avia-menu-text\">TOTALENERGIES<\/span><\/a><\/li>\n<\/ul>\n<\/li>\n<li id=\"menu-item-2613\" class=\"menu-item menu-item-type-post_type menu-item-object-page menu-item-top-level menu-item-top-level-8\"><a href=\"https:\/\/energiesonic.com\/en\/produits\/fluide-dechappement-diesel-fed\/\" itemprop=\"url\"><span class=\"avia-bullet\"><\/span><span class=\"avia-menu-text\">Fluide d\u2019\u00e9chappement diesel (FED)<\/span><span class=\"avia-menu-fx\"><span class=\"avia-arrow-wrap\"><span class=\"avia-arrow\"><\/span><\/span><\/span><\/a><\/li>\n<li id=\"menu-item-2614\" class=\"menu-item menu-item-type-post_type menu-item-object-page menu-item-has-children menu-item-top-level menu-item-top-level-9\"><a href=\"https:\/\/energiesonic.com\/en\/produits\/equipement\/\" itemprop=\"url\"><span class=\"avia-bullet\"><\/span><span class=\"avia-menu-text\">\u00c9quipement<\/span><span class=\"avia-menu-fx\"><span class=\"avia-arrow-wrap\"><span class=\"avia-arrow\"><\/span><\/span><\/span><\/a>\n\n\n<ul class=\"sub-menu\">\n\t<li id=\"menu-item-2615\" class=\"menu-item menu-item-type-post_type menu-item-object-page\"><a href=\"https:\/\/energiesonic.com\/en\/produits\/equipement\/equipement-vente-dequipement\/\" itemprop=\"url\"><span class=\"avia-bullet\"><\/span><span class=\"avia-menu-text\">Vente d\u2019\u00e9quipement<\/span><\/a><\/li>\n\t<li id=\"menu-item-2616\" class=\"menu-item menu-item-type-post_type menu-item-object-page\"><a href=\"https:\/\/energiesonic.com\/en\/produits\/equipement\/equipement-guides\/\" itemprop=\"url\"><span class=\"avia-bullet\"><\/span><span class=\"avia-menu-text\">Guides<\/span><\/a><\/li>\n<\/ul>\n<\/li>\n<\/ul><\/div><\/div><div class='sticky_placeholder'><\/div><div id='after_submenu'  class='main_color av_default_container_wrap container_wrap fullsize' style=' '  ><div class='container' ><div class='template-page content  av-content-full alpha units'><div class='post-entry post-entry-type-page post-entry-167'><div class='entry-content-wrapper clearfix'>\n<div class=\"flex_column av_one_full  flex_column_div av-zero-column-padding first  avia-builder-el-1  el_after_av_submenu  avia-builder-el-no-sibling\" style='border-radius:0px; '><section class=\"av_textblock_section\"  itemscope=\"itemscope\" itemtype=\"https:\/\/schema.org\/CreativeWork\" ><div class='avia_textblock'   itemprop=\"text\" ><div class=\"field-item even\">\n<p>En plus d\u2019\u00eatre performant, le carburant diesel a une tr\u00e8s faible teneur en soufre, ce qui diminue grandement les impacts sur l\u2019environnement. Pour respecter les crit\u00e8res des grands manufacturiers de camions et d\u2019automobiles et pour assurer un nettoyage sup\u00e9rieur des canalisations, il peut contenir jusqu\u2019\u00e0 5 % de biodiesel. Ceci permet des performances am\u00e9lior\u00e9es et une optimisation du kilom\u00e9trage parcouru.<\/p>\n<p>Si vous poss\u00e9dez un r\u00e9servoir de diesel chez vous, assurez-vous de faire une bonne rotation de vos inventaires, principalement \u00e0 la fin de l\u2019automne et au printemps. Vous vous assurerez ainsi de toujours avoir un diesel r\u00e9pondant aux conditions saisonni\u00e8res telles les grands froids d\u2019hiver et les grandes chaleurs d\u2019\u00e9t\u00e9. Sonic, dans ses stations, ses d\u00e9p\u00f4ts et r\u00e9servoirs, s\u2019assure de maintenir une bonne rotation de ses inventaires pour respecter ses hauts standards de qualit\u00e9.<\/p>\n<h2>Qu&rsquo;est-ce que le biodiesel ?<\/h2>\n<p>C&rsquo;est un biocarburant propos\u00e9 pour remplacer le p\u00e9trole dans nos v\u00e9hicules et la machinerie. Ce carburant, r\u00e9cent sur le march\u00e9 qu\u00e9b\u00e9cois, a fait ses preuves depuis plusieurs ann\u00e9es en Europe et aux \u00c9tats-Unis.<\/p>\n<ul>\n<li>Le biodiesel est un ester m\u00e9thylique obtenu par r\u00e9action chimique avec des mati\u00e8res grasses et un alcool l\u00e9ger.<\/li>\n<li>Les sources de mati\u00e8res grasses utilis\u00e9es pour la fabrication du biodiesel sont vari\u00e9es et peuvent \u00eatre d&rsquo;origine v\u00e9g\u00e9tale (canola, soya, etc.), animale ou m\u00eame d&rsquo;huile de friture recycl\u00e9e.<\/li>\n<li>Le biodiesel est un solvant l\u00e9ger. Il nettoie et maintient propres les r\u00e9servoirs, les conduits et le syst\u00e8me d&rsquo;injection.<\/li>\n<li>Son onctuosit\u00e9 est tr\u00e8s sup\u00e9rieure \u00e0 celle du p\u00e9trodiesel. L&rsquo;usure du moteur est par cons\u00e9quent r\u00e9duite et sa dur\u00e9e de vie prolong\u00e9e.<\/li>\n<li>L&rsquo;indice de c\u00e9tane \u00e9tant plus \u00e9lev\u00e9, la combustion s&rsquo;effectue plus ais\u00e9ment et ce faisant, r\u00e9duit sensiblement les \u00e9missions polluantes. De plus, cela favorise l&rsquo;aptitude \u00e0 l&rsquo;allumage.<\/li>\n<li>Parce qu&rsquo;il est davantage charg\u00e9 en oxyg\u00e8ne (11 %), le biodiesel assure une meilleure combustion du carburant auquel il est m\u00e9lang\u00e9.<\/li>\n<\/ul>\n<\/div>\n<\/div><\/section><\/div>","protected":false},"excerpt":{"rendered":"","protected":false},"author":1,"featured_media":0,"parent":159,"menu_order":0,"comment_status":"closed","ping_status":"closed","template":"","meta":[],"yoast_head":"<!-- This site is optimized with the Yoast SEO plugin v16.4 - https:\/\/yoast.com\/wordpress\/plugins\/seo\/ -->\n<title>Diesel et biodiesel - Sonic<\/title>\n<meta name=\"description\" content=\"Pour des performances am\u00e9lior\u00e9es et une optimisation du kilom\u00e9trage parcouru, d\u00e9couvrez nos carburants (diesel) et biocarburants (biodiesel)!\" \/>\n<meta name=\"robots\" content=\"index, follow, max-snippet:-1, max-image-preview:large, max-video-preview:-1\" \/>\n<link rel=\"canonical\" href=\"https:\/\/energiesonic.com\/en\/produits\/diesel\/\" \/>\n<meta property=\"og:locale\" content=\"en_US\" \/>\n<meta property=\"og:type\" content=\"article\" \/>\n<meta property=\"og:title\" content=\"Diesel et biodiesel - Sonic\" \/>\n<meta property=\"og:description\" content=\"Pour des performances am\u00e9lior\u00e9es et une optimisation du kilom\u00e9trage parcouru, d\u00e9couvrez nos carburants (diesel) et biocarburants (biodiesel)!\" \/>\n<meta property=\"og:url\" content=\"https:\/\/energiesonic.com\/en\/produits\/diesel\/\" \/>\n<meta property=\"og:site_name\" content=\"\u00c9nergies Sonic\" \/>\n<meta property=\"article:modified_time\" content=\"2020-11-09T20:21:29+00:00\" \/>\n<meta name=\"twitter:card\" content=\"summary_large_image\" \/>\n<meta name=\"twitter:label1\" content=\"Est. reading time\" \/>\n\t<meta name=\"twitter:data1\" content=\"3 minutes\" \/>\n<script type=\"application\/ld+json\" class=\"yoast-schema-graph\">{\"@context\":\"https:\/\/schema.org\",\"@graph\":[{\"@type\":\"WebSite\",\"@id\":\"https:\/\/energiesonic.com\/#website\",\"url\":\"https:\/\/energiesonic.com\/\",\"name\":\"\\u00c9nergies Sonic\",\"description\":\"\",\"potentialAction\":[{\"@type\":\"SearchAction\",\"target\":\"https:\/\/energiesonic.com\/?s={search_term_string}\",\"query-input\":\"required name=search_term_string\"}],\"inLanguage\":\"en-CA\"},{\"@type\":\"WebPage\",\"@id\":\"https:\/\/energiesonic.com\/produits\/diesel\/#webpage\",\"url\":\"https:\/\/energiesonic.com\/produits\/diesel\/\",\"name\":\"Diesel et biodiesel - Sonic\",\"isPartOf\":{\"@id\":\"https:\/\/energiesonic.com\/#website\"},\"datePublished\":\"2019-09-24T19:34:22+00:00\",\"dateModified\":\"2020-11-09T20:21:29+00:00\",\"description\":\"Pour des performances am\\u00e9lior\\u00e9es et une optimisation du kilom\\u00e9trage parcouru, d\\u00e9couvrez nos carburants (diesel) et biocarburants (biodiesel)!\",\"breadcrumb\":{\"@id\":\"https:\/\/energiesonic.com\/produits\/diesel\/#breadcrumb\"},\"inLanguage\":\"en-CA\",\"potentialAction\":[{\"@type\":\"ReadAction\",\"target\":[\"https:\/\/energiesonic.com\/produits\/diesel\/\"]}]},{\"@type\":\"BreadcrumbList\",\"@id\":\"https:\/\/energiesonic.com\/produits\/diesel\/#breadcrumb\",\"itemListElement\":[{\"@type\":\"ListItem\",\"position\":1,\"item\":{\"@type\":\"WebPage\",\"@id\":\"https:\/\/energiesonic.com\/accueil\/\",\"url\":\"https:\/\/energiesonic.com\/accueil\/\",\"name\":\"Accueil\"}},{\"@type\":\"ListItem\",\"position\":2,\"item\":{\"@type\":\"WebPage\",\"@id\":\"https:\/\/energiesonic.com\/produits\/\",\"url\":\"https:\/\/energiesonic.com\/produits\/\",\"name\":\"Produits\"}},{\"@type\":\"ListItem\",\"position\":3,\"item\":{\"@id\":\"https:\/\/energiesonic.com\/produits\/diesel\/#webpage\"}}]}]}<\/script>\n<!-- \/ Yoast SEO plugin. -->","_links":{"self":[{"href":"https:\/\/energiesonic.com\/en\/wp-json\/wp\/v2\/pages\/167"}],"collection":[{"href":"https:\/\/energiesonic.com\/en\/wp-json\/wp\/v2\/pages"}],"about":[{"href":"https:\/\/energiesonic.com\/en\/wp-json\/wp\/v2\/types\/page"}],"author":[{"embeddable":true,"href":"https:\/\/energiesonic.com\/en\/wp-json\/wp\/v2\/users\/1"}],"replies":[{"embeddable":true,"href":"https:\/\/energiesonic.com\/en\/wp-json\/wp\/v2\/comments?post=167"}],"version-history":[{"count":5,"href":"https:\/\/energiesonic.com\/en\/wp-json\/wp\/v2\/pages\/167\/revisions"}],"predecessor-version":[{"id":3633,"href":"https:\/\/energiesonic.com\/en\/wp-json\/wp\/v2\/pages\/167\/revisions\/3633"}],"up":[{"embeddable":true,"href":"https:\/\/energiesonic.com\/en\/wp-json\/wp\/v2\/pages\/159"}],"wp:attachment":[{"href":"https:\/\/energiesonic.com\/en\/wp-json\/wp\/v2\/media?parent=167"}],"curies":[{"name":"wp","href":"https:\/\/api.w.org\/{rel}","templated":true}]}}